{"id":56877,"date":"2024-06-03T14:41:24","date_gmt":"2024-06-03T11:41:24","guid":{"rendered":"https:\/\/rugute.lt\/?page_id=56877"},"modified":"2024-06-03T14:52:49","modified_gmt":"2024-06-03T11:52:49","slug":"rugutes-namai","status":"publish","type":"page","link":"https:\/\/rugute.lt\/en\/rugutes-namai\/","title":{"rendered":"Rugut\u0117s namai"},"content":{"rendered":"<div data-elementor-type=\"wp-page\" data-elementor-id=\"56877\" class=\"elementor elementor-56877\" data-elementor-settings=\"{&quot;element_pack_global_tooltip_width&quot;:{&quot;unit&quot;:&quot;px&quot;,&quot;size&quot;:&quot;&quot;,&quot;sizes&quot;:[]},&quot;element_pack_global_tooltip_width_tablet&quot;:{&quot;unit&quot;:&quot;px&quot;,&quot;size&quot;:&quot;&quot;,&quot;sizes&quot;:[]},&quot;element_pack_global_tooltip_width_mobile&quot;:{&quot;unit&quot;:&quot;px&quot;,&quot;size&quot;:&quot;&quot;,&quot;sizes&quot;:[]},&quot;element_pack_global_tooltip_padding&quot;:{&quot;unit&quot;:&quot;px&quot;,&quot;top&quot;:&quot;&quot;,&quot;right&quot;:&quot;&quot;,&quot;bottom&quot;:&quot;&quot;,&quot;left&quot;:&quot;&quot;,&quot;isLinked&quot;:true},&quot;element_pack_global_tooltip_padding_tablet&quot;:{&quot;unit&quot;:&quot;px&quot;,&quot;top&quot;:&quot;&quot;,&quot;right&quot;:&quot;&quot;,&quot;bottom&quot;:&quot;&quot;,&quot;left&quot;:&quot;&quot;,&quot;isLinked&quot;:true},&quot;element_pack_global_tooltip_padding_mobile&quot;:{&quot;unit&quot;:&quot;px&quot;,&quot;top&quot;:&quot;&quot;,&quot;right&quot;:&quot;&quot;,&quot;bottom&quot;:&quot;&quot;,&quot;left&quot;:&quot;&quot;,&quot;isLinked&quot;:true},&quot;element_pack_global_tooltip_border_radius&quot;:{&quot;unit&quot;:&quot;px&quot;,&quot;top&quot;:&quot;&quot;,&quot;right&quot;:&quot;&quot;,&quot;bottom&quot;:&quot;&quot;,&quot;left&quot;:&quot;&quot;,&quot;isLinked&quot;:true},&quot;element_pack_global_tooltip_border_radius_tablet&quot;:{&quot;unit&quot;:&quot;px&quot;,&quot;top&quot;:&quot;&quot;,&quot;right&quot;:&quot;&quot;,&quot;bottom&quot;:&quot;&quot;,&quot;left&quot;:&quot;&quot;,&quot;isLinked&quot;:true},&quot;element_pack_global_tooltip_border_radius_mobile&quot;:{&quot;unit&quot;:&quot;px&quot;,&quot;top&quot;:&quot;&quot;,&quot;right&quot;:&quot;&quot;,&quot;bottom&quot;:&quot;&quot;,&quot;left&quot;:&quot;&quot;,&quot;isLinked&quot;:true}}\" data-elementor-post-type=\"page\">\n\t\t\t\t<div class=\"elementor-element elementor-element-d5170cf e-con-full e-flex e-con e-parent\" data-id=\"d5170cf\" data-element_type=\"container\" data-e-type=\"container\">\n\t\t<div class=\"elementor-element elementor-element-8e91a11 e-con-full e-flex e-con e-child\" data-id=\"8e91a11\" data-element_type=\"container\" data-e-type=\"container\">\n\t\t<div class=\"elementor-element elementor-element-3ec0864 e-con-full e-flex e-con e-child\" data-id=\"3ec0864\" data-element_type=\"container\" data-e-type=\"container\">\n\t\t\t\t<div class=\"elementor-element elementor-element-7bac3e7 elementor-widget elementor-widget-heading\" data-id=\"7bac3e7\" data-element_type=\"widget\" data-e-type=\"widget\" data-widget_type=\"heading.default\">\n\t\t\t\t<div class=\"elementor-widget-container\">\n\t\t\t\t\t<h2 class=\"elementor-heading-title elementor-size-default\"><p>\u201eRugut\u0117s nam\u0173\u201c adresas \u2013 <br \/>P. Smuglevi\u010diaus g. 45, Vilnius.<\/p><\/h2>\t\t\t\t<\/div>\n\t\t\t\t<\/div>\n\t\t\t\t<div class=\"elementor-element elementor-element-40eccf9 elementor-widget elementor-widget-google_maps\" data-id=\"40eccf9\" data-element_type=\"widget\" data-e-type=\"widget\" data-widget_type=\"google_maps.default\">\n\t\t\t\t<div class=\"elementor-widget-container\">\n\t\t\t\t\t\t\t<div class=\"elementor-custom-embed\">\n\t\t\t<iframe loading=\"lazy\"\n\t\t\t\t\tsrc=\"https:\/\/maps.google.com\/maps?q=Pranci%C5%A1kaus%20Smuglevi%C4%8Diaus%20g.%2045%2C%2008311%20Vilnius&#038;t=m&#038;z=15&#038;output=embed&#038;iwloc=near\"\n\t\t\t\t\ttitle=\"Pranci\u0161kus Smuglevi\u010diaus st. 45, 08311 Vilnius\"\n\t\t\t\t\taria-label=\"Pranci\u0161kus Smuglevi\u010diaus st. 45, 08311 Vilnius\"\n\t\t\t><\/iframe>\n\t\t<\/div>\n\t\t\t\t\t\t<\/div>\n\t\t\t\t<\/div>\n\t\t\t\t<div class=\"elementor-element elementor-element-12ae8bc elementor-widget elementor-widget-spacer\" data-id=\"12ae8bc\" data-element_type=\"widget\" data-e-type=\"widget\" data-widget_type=\"spacer.default\">\n\t\t\t\t<div class=\"elementor-widget-container\">\n\t\t\t\t\t\t\t<div class=\"elementor-spacer\">\n\t\t\t<div class=\"elementor-spacer-inner\"><\/div>\n\t\t<\/div>\n\t\t\t\t\t\t<\/div>\n\t\t\t\t<\/div>\n\t\t\t\t<div class=\"elementor-element elementor-element-0d112ea elementor-widget elementor-widget-heading\" data-id=\"0d112ea\" data-element_type=\"widget\" data-e-type=\"widget\" data-widget_type=\"heading.default\">\n\t\t\t\t<div class=\"elementor-widget-container\">\n\t\t\t\t\t<h2 class=\"elementor-heading-title elementor-size-default\">Contact us<\/h2>\t\t\t\t<\/div>\n\t\t\t\t<\/div>\n\t\t\t\t<div class=\"elementor-element elementor-element-5e8d4b1 elementor-align-start elementor-icon-list--layout-traditional elementor-list-item-link-full_width elementor-widget elementor-widget-icon-list\" data-id=\"5e8d4b1\" data-element_type=\"widget\" data-e-type=\"widget\" data-widget_type=\"icon-list.default\">\n\t\t\t\t<div class=\"elementor-widget-container\">\n\t\t\t\t\t\t\t<ul class=\"elementor-icon-list-items\">\n\t\t\t\t\t\t\t<li class=\"elementor-icon-list-item\">\n\t\t\t\t\t\t\t\t\t\t\t<a href=\"tel:+37068720466\">\n\n\t\t\t\t\t\t\t\t\t\t\t\t<span class=\"elementor-icon-list-icon\">\n\t\t\t\t\t\t\t<i aria-hidden=\"true\" class=\"icon icon-phone-call2\"><\/i>\t\t\t\t\t\t<\/span>\n\t\t\t\t\t\t\t\t\t\t<span class=\"elementor-icon-list-text\">+370 68720466 - Dainoras<\/span>\n\t\t\t\t\t\t\t\t\t\t\t<\/a>\n\t\t\t\t\t\t\t\t\t<\/li>\n\t\t\t\t\t\t\t\t<li class=\"elementor-icon-list-item\">\n\t\t\t\t\t\t\t\t\t\t\t<a href=\"sms:+37068720466\">\n\n\t\t\t\t\t\t\t\t\t\t\t\t<span class=\"elementor-icon-list-icon\">\n\t\t\t\t\t\t\t<i aria-hidden=\"true\" class=\"fas fa-sms\"><\/i>\t\t\t\t\t\t<\/span>\n\t\t\t\t\t\t\t\t\t\t<span class=\"elementor-icon-list-text\">SMS messages<\/span>\n\t\t\t\t\t\t\t\t\t\t\t<\/a>\n\t\t\t\t\t\t\t\t\t<\/li>\n\t\t\t\t\t\t\t\t<li class=\"elementor-icon-list-item\">\n\t\t\t\t\t\t\t\t\t\t\t<a href=\"https:\/\/m.me\/dainoras.abrukauskas\">\n\n\t\t\t\t\t\t\t\t\t\t\t\t<span class=\"elementor-icon-list-icon\">\n\t\t\t\t\t\t\t<i aria-hidden=\"true\" class=\"fab fa-facebook-messenger\"><\/i>\t\t\t\t\t\t<\/span>\n\t\t\t\t\t\t\t\t\t\t<span class=\"elementor-icon-list-text\">Facebook Messenger<\/span>\n\t\t\t\t\t\t\t\t\t\t\t<\/a>\n\t\t\t\t\t\t\t\t\t<\/li>\n\t\t\t\t\t\t<\/ul>\n\t\t\t\t\t\t<\/div>\n\t\t\t\t<\/div>\n\t\t\t\t<\/div>\n\t\t<div class=\"elementor-element elementor-element-b627f98 e-con-full elementor-hidden-desktop e-flex e-con e-child\" data-id=\"b627f98\" data-element_type=\"container\" data-e-type=\"container\">\n\t\t<div class=\"elementor-element elementor-element-8188382 elementor-hidden-desktop elementor-hidden-tablet e-con-full e-flex e-con e-child\" data-id=\"8188382\" data-element_type=\"container\" data-e-type=\"container\" data-settings=\"{&quot;background_background&quot;:&quot;classic&quot;}\">\n\t\t\t\t<div class=\"elementor-element elementor-element-0067a62 elementor-widget elementor-widget-spacer\" data-id=\"0067a62\" data-element_type=\"widget\" data-e-type=\"widget\" data-widget_type=\"spacer.default\">\n\t\t\t\t<div class=\"elementor-widget-container\">\n\t\t\t\t\t\t\t<div class=\"elementor-spacer\">\n\t\t\t<div class=\"elementor-spacer-inner\"><\/div>\n\t\t<\/div>\n\t\t\t\t\t\t<\/div>\n\t\t\t\t<\/div>\n\t\t\t\t<\/div>\n\t\t\t\t<\/div>\n\t\t\t\t<\/div>\n\t\t<div class=\"elementor-element elementor-element-6cb5a90 e-con-full e-flex e-con e-child\" data-id=\"6cb5a90\" data-element_type=\"container\" data-e-type=\"container\" data-settings=\"{&quot;background_background&quot;:&quot;gradient&quot;}\">\n\t\t<div class=\"elementor-element elementor-element-837a4f1 e-con-full e-flex e-con e-child\" data-id=\"837a4f1\" data-element_type=\"container\" data-e-type=\"container\">\n\t\t\t\t<div class=\"elementor-element elementor-element-996480d elementor-widget elementor-widget-text-editor\" data-id=\"996480d\" data-element_type=\"widget\" data-e-type=\"widget\" data-widget_type=\"text-editor.default\">\n\t\t\t\t<div class=\"elementor-widget-container\">\n\t\t\t\t\t\t\t\t\t<p style=\"text-align: left;\">Rugut\u0117 provides free accommodation for children with oncological diseases and their family members.<\/p><p style=\"text-align: left;\">This house has two separate bedrooms, a kitchen, a children\u2019s play area and a lounge area.<\/p>\t\t\t\t\t\t\t\t<\/div>\n\t\t\t\t<\/div>\n\t\t\t\t<div class=\"elementor-element elementor-element-2508f1e elementor-alert-danger elementor-widget elementor-widget-alert\" data-id=\"2508f1e\" data-element_type=\"widget\" data-e-type=\"widget\" data-widget_type=\"alert.default\">\n\t\t\t\t<div class=\"elementor-widget-container\">\n\t\t\t\t\t\t\t<div class=\"elementor-alert\" role=\"alert\">\n\n\t\t\t\n\t\t\t\t\t\t<span class=\"elementor-alert-description\">To ensure special security, we only accommodate one family, so all the rooms will be used only by you and your family members.<\/span>\n\t\t\t\n\t\t\t\n\t\t<\/div>\n\t\t\t\t\t\t<\/div>\n\t\t\t\t<\/div>\n\t\t\t\t<\/div>\n\t\t<div class=\"elementor-element elementor-element-f2c048d elementor-hidden-phone e-con-full e-flex e-con e-child\" data-id=\"f2c048d\" data-element_type=\"container\" data-e-type=\"container\">\n\t\t<div class=\"elementor-element elementor-element-c2b4459 e-con-full e-flex e-con e-child\" data-id=\"c2b4459\" data-element_type=\"container\" data-e-type=\"container\" data-settings=\"{&quot;background_background&quot;:&quot;classic&quot;}\">\n\t\t\t\t<div class=\"elementor-element elementor-element-bd5f5c5 elementor-widget elementor-widget-image\" data-id=\"bd5f5c5\" data-element_type=\"widget\" data-e-type=\"widget\" data-widget_type=\"image.default\">\n\t\t\t\t<div class=\"elementor-widget-container\">\n\t\t\t\t\t\t\t\t\t\t\t\t\t\t\t<img fetchpriority=\"high\" decoding=\"async\" width=\"800\" height=\"842\" src=\"https:\/\/rugute.lt\/wp-content\/uploads\/2021\/09\/virtuve-03-973x1024.jpg\" class=\"attachment-large size-large wp-image-28178\" alt=\"Virtuv\u0117\" srcset=\"https:\/\/rugute.lt\/wp-content\/uploads\/2021\/09\/virtuve-03-973x1024.jpg 973w, https:\/\/rugute.lt\/wp-content\/uploads\/2021\/09\/virtuve-03-285x300.jpg 285w, https:\/\/rugute.lt\/wp-content\/uploads\/2021\/09\/virtuve-03-768x808.jpg 768w, https:\/\/rugute.lt\/wp-content\/uploads\/2021\/09\/virtuve-03-1460x1536.jpg 1460w, https:\/\/rugute.lt\/wp-content\/uploads\/2021\/09\/virtuve-03.jpg 1901w\" sizes=\"(max-width: 800px) 100vw, 800px\" \/>\t\t\t\t\t\t\t\t\t\t\t\t\t\t\t<\/div>\n\t\t\t\t<\/div>\n\t\t\t\t<div class=\"elementor-element elementor-element-a99311f elementor-widget elementor-widget-heading\" data-id=\"a99311f\" data-element_type=\"widget\" data-e-type=\"widget\" data-widget_type=\"heading.default\">\n\t\t\t\t<div class=\"elementor-widget-container\">\n\t\t\t\t\t<h2 class=\"elementor-heading-title elementor-size-default\">The kitchen<\/h2>\t\t\t\t<\/div>\n\t\t\t\t<\/div>\n\t\t\t\t<\/div>\n\t\t<div class=\"elementor-element elementor-element-71f40f8 e-con-full e-flex e-con e-child\" data-id=\"71f40f8\" data-element_type=\"container\" data-e-type=\"container\" data-settings=\"{&quot;background_background&quot;:&quot;classic&quot;}\">\n\t\t\t\t<div class=\"elementor-element elementor-element-d030897 elementor-widget elementor-widget-image\" data-id=\"d030897\" data-element_type=\"widget\" data-e-type=\"widget\" data-widget_type=\"image.default\">\n\t\t\t\t<div class=\"elementor-widget-container\">\n\t\t\t\t\t\t\t\t\t\t\t\t\t\t\t<img decoding=\"async\" width=\"800\" height=\"842\" src=\"https:\/\/rugute.lt\/wp-content\/uploads\/2021\/09\/ze-01-973x1024.jpg\" class=\"attachment-large size-large wp-image-28180\" alt=\"\u017daidim\u0173 erdv\u0117\" srcset=\"https:\/\/rugute.lt\/wp-content\/uploads\/2021\/09\/ze-01-973x1024.jpg 973w, https:\/\/rugute.lt\/wp-content\/uploads\/2021\/09\/ze-01-285x300.jpg 285w, https:\/\/rugute.lt\/wp-content\/uploads\/2021\/09\/ze-01-768x808.jpg 768w, https:\/\/rugute.lt\/wp-content\/uploads\/2021\/09\/ze-01-1460x1536.jpg 1460w, https:\/\/rugute.lt\/wp-content\/uploads\/2021\/09\/ze-01.jpg 1901w\" sizes=\"(max-width: 800px) 100vw, 800px\" \/>\t\t\t\t\t\t\t\t\t\t\t\t\t\t\t<\/div>\n\t\t\t\t<\/div>\n\t\t\t\t<div class=\"elementor-element elementor-element-9dec978 elementor-widget elementor-widget-heading\" data-id=\"9dec978\" data-element_type=\"widget\" data-e-type=\"widget\" data-widget_type=\"heading.default\">\n\t\t\t\t<div class=\"elementor-widget-container\">\n\t\t\t\t\t<h2 class=\"elementor-heading-title elementor-size-default\">Play space<\/h2>\t\t\t\t<\/div>\n\t\t\t\t<\/div>\n\t\t\t\t<\/div>\n\t\t<div class=\"elementor-element elementor-element-5810752 e-con-full e-flex e-con e-child\" data-id=\"5810752\" data-element_type=\"container\" data-e-type=\"container\" data-settings=\"{&quot;background_background&quot;:&quot;classic&quot;}\">\n\t\t\t\t<div class=\"elementor-element elementor-element-f7b6b19 elementor-widget elementor-widget-image\" data-id=\"f7b6b19\" data-element_type=\"widget\" data-e-type=\"widget\" data-widget_type=\"image.default\">\n\t\t\t\t<div class=\"elementor-widget-container\">\n\t\t\t\t\t\t\t\t\t\t\t\t\t\t\t<img decoding=\"async\" width=\"1265\" height=\"1330\" src=\"https:\/\/rugute.lt\/wp-content\/uploads\/2021\/09\/mieg-01.jpg\" class=\"attachment-full size-full wp-image-28181\" alt=\"\" srcset=\"https:\/\/rugute.lt\/wp-content\/uploads\/2021\/09\/mieg-01.jpg 1265w, https:\/\/rugute.lt\/wp-content\/uploads\/2021\/09\/mieg-01-285x300.jpg 285w, https:\/\/rugute.lt\/wp-content\/uploads\/2021\/09\/mieg-01-974x1024.jpg 974w, https:\/\/rugute.lt\/wp-content\/uploads\/2021\/09\/mieg-01-768x807.jpg 768w\" sizes=\"(max-width: 1265px) 100vw, 1265px\" \/>\t\t\t\t\t\t\t\t\t\t\t\t\t\t\t<\/div>\n\t\t\t\t<\/div>\n\t\t\t\t<div class=\"elementor-element elementor-element-0eefd00 elementor-widget elementor-widget-heading\" data-id=\"0eefd00\" data-element_type=\"widget\" data-e-type=\"widget\" data-widget_type=\"heading.default\">\n\t\t\t\t<div class=\"elementor-widget-container\">\n\t\t\t\t\t<h2 class=\"elementor-heading-title elementor-size-default\">Bedroom<\/h2>\t\t\t\t<\/div>\n\t\t\t\t<\/div>\n\t\t\t\t<\/div>\n\t\t\t\t<\/div>\n\t\t\t\t<div class=\"elementor-element elementor-element-299bfb6 elementor-widget elementor-widget-spacer\" data-id=\"299bfb6\" data-element_type=\"widget\" data-e-type=\"widget\" data-widget_type=\"spacer.default\">\n\t\t\t\t<div class=\"elementor-widget-container\">\n\t\t\t\t\t\t\t<div class=\"elementor-spacer\">\n\t\t\t<div class=\"elementor-spacer-inner\"><\/div>\n\t\t<\/div>\n\t\t\t\t\t\t<\/div>\n\t\t\t\t<\/div>\n\t\t\t\t<\/div>\n\t\t\t\t<\/div>\n\t\t\t\t<\/div>","protected":false},"excerpt":{"rendered":"<p>\u201eRugut\u0117s nam\u0173\u201c adresas \u2013 P. Smuglevi\u010diaus g. 45, Vilnius. Susisiekite +370 68720466 &#8211; Dainoras SMS \u017einut\u0117s Facebook Messenger \u201eRugut\u0117\u201c suteikia nemokam\u0105 apgyvendinim\u0105 onkologin\u0117mis ligomis sergantiems vaikams ir j\u0173 \u0161eimos nariams. \u0160iuose namuose yra du atskiri miegamieji kambariai, virtuv\u0117, vaik\u0173 \u017eaidim\u0173 erdv\u0117 ir poilsio zona. Nor\u0117dami u\u017etikrinti ypating\u0105 saugum\u0105 apgyvendiname tik vien\u0105 \u0161eim\u0105, tad visomis patalpomis [&hellip;]<\/p>\n","protected":false},"author":1,"featured_media":30143,"parent":0,"menu_order":0,"comment_status":"closed","ping_status":"closed","template":"","meta":{"footnotes":""},"class_list":["post-56877","page","type-page","status-publish","has-post-thumbnail","hentry"],"yoast_head":"<!-- This site is optimized with the Yoast SEO plugin v27.3 - https:\/\/yoast.com\/product\/yoast-seo-wordpress\/ -->\n<title>Rugut\u0117s namai - Labdaros ir paramos fondas \u201eRugut\u0117\u201c<\/title>\n<meta name=\"description\" content=\"\u201eRugut\u0117\u201c suteikia nemokam\u0105 apgyvendinim\u0105 onkologin\u0117mis ligomis sergantiems vaikams ir j\u0173 \u0161eimos nariams.\" \/>\n<meta name=\"robots\" content=\"index, follow, max-snippet:-1, max-image-preview:large, max-video-preview:-1\" \/>\n<link rel=\"canonical\" href=\"https:\/\/rugute.lt\/en\/rugutes-namai\/\" \/>\n<meta property=\"og:locale\" content=\"en_GB\" \/>\n<meta property=\"og:type\" content=\"article\" \/>\n<meta property=\"og:title\" content=\"Rugut\u0117s namai - Labdaros ir paramos fondas \u201eRugut\u0117\u201c\" \/>\n<meta property=\"og:description\" content=\"\u201eRugut\u0117\u201c suteikia nemokam\u0105 apgyvendinim\u0105 onkologin\u0117mis ligomis sergantiems vaikams ir j\u0173 \u0161eimos nariams.\" \/>\n<meta property=\"og:url\" content=\"https:\/\/rugute.lt\/en\/rugutes-namai\/\" \/>\n<meta property=\"og:site_name\" content=\"Labdaros ir paramos fondas \u201eRugut\u0117\u201c\" \/>\n<meta property=\"article:publisher\" content=\"https:\/\/www.facebook.com\/rugute\/\" \/>\n<meta property=\"article:modified_time\" content=\"2024-06-03T11:52:49+00:00\" \/>\n<meta property=\"og:image\" content=\"https:\/\/rugute.lt\/wp-content\/uploads\/2019\/10\/R-namai-01.jpg\" \/>\n\t<meta property=\"og:image:width\" content=\"2000\" \/>\n\t<meta property=\"og:image:height\" content=\"1335\" \/>\n\t<meta property=\"og:image:type\" content=\"image\/jpeg\" \/>\n<meta name=\"twitter:card\" content=\"summary_large_image\" \/>\n<meta name=\"twitter:site\" content=\"@rugute\" \/>\n<meta name=\"twitter:label1\" content=\"Estimated reading time\" \/>\n\t<meta name=\"twitter:data1\" content=\"1 minute\" \/>\n<script type=\"application\/ld+json\" class=\"yoast-schema-graph\">{\"@context\":\"https:\\\/\\\/schema.org\",\"@graph\":[{\"@type\":\"WebPage\",\"@id\":\"https:\\\/\\\/rugute.lt\\\/rugutes-namai\\\/\",\"url\":\"https:\\\/\\\/rugute.lt\\\/rugutes-namai\\\/\",\"name\":\"Rugut\u0117s namai - Labdaros ir paramos fondas \u201eRugut\u0117\u201c\",\"isPartOf\":{\"@id\":\"https:\\\/\\\/rugute.lt\\\/#website\"},\"primaryImageOfPage\":{\"@id\":\"https:\\\/\\\/rugute.lt\\\/rugutes-namai\\\/#primaryimage\"},\"image\":{\"@id\":\"https:\\\/\\\/rugute.lt\\\/rugutes-namai\\\/#primaryimage\"},\"thumbnailUrl\":\"https:\\\/\\\/rugute.lt\\\/wp-content\\\/uploads\\\/2019\\\/10\\\/R-namai-01.jpg\",\"datePublished\":\"2024-06-03T11:41:24+00:00\",\"dateModified\":\"2024-06-03T11:52:49+00:00\",\"description\":\"\u201eRugut\u0117\u201c suteikia nemokam\u0105 apgyvendinim\u0105 onkologin\u0117mis ligomis sergantiems vaikams ir j\u0173 \u0161eimos nariams.\",\"breadcrumb\":{\"@id\":\"https:\\\/\\\/rugute.lt\\\/rugutes-namai\\\/#breadcrumb\"},\"inLanguage\":\"en-GB\",\"potentialAction\":[{\"@type\":\"ReadAction\",\"target\":[\"https:\\\/\\\/rugute.lt\\\/rugutes-namai\\\/\"]}]},{\"@type\":\"ImageObject\",\"inLanguage\":\"en-GB\",\"@id\":\"https:\\\/\\\/rugute.lt\\\/rugutes-namai\\\/#primaryimage\",\"url\":\"https:\\\/\\\/rugute.lt\\\/wp-content\\\/uploads\\\/2019\\\/10\\\/R-namai-01.jpg\",\"contentUrl\":\"https:\\\/\\\/rugute.lt\\\/wp-content\\\/uploads\\\/2019\\\/10\\\/R-namai-01.jpg\",\"width\":2000,\"height\":1335,\"caption\":\"Rugut\u0117s namai\"},{\"@type\":\"BreadcrumbList\",\"@id\":\"https:\\\/\\\/rugute.lt\\\/rugutes-namai\\\/#breadcrumb\",\"itemListElement\":[{\"@type\":\"ListItem\",\"position\":1,\"name\":\"Prad\u017eia\",\"item\":\"https:\\\/\\\/rugute.lt\\\/\"},{\"@type\":\"ListItem\",\"position\":2,\"name\":\"Rugut\u0117s namai\"}]},{\"@type\":\"WebSite\",\"@id\":\"https:\\\/\\\/rugute.lt\\\/#website\",\"url\":\"https:\\\/\\\/rugute.lt\\\/\",\"name\":\"Labdaros ir paramos fondas \u201eRugut\u0117\u201c\",\"description\":\"Parama vaikams sergantiems v\u0117\u017eiu\",\"publisher\":{\"@id\":\"https:\\\/\\\/rugute.lt\\\/#organization\"},\"potentialAction\":[{\"@type\":\"SearchAction\",\"target\":{\"@type\":\"EntryPoint\",\"urlTemplate\":\"https:\\\/\\\/rugute.lt\\\/?s={search_term_string}\"},\"query-input\":{\"@type\":\"PropertyValueSpecification\",\"valueRequired\":true,\"valueName\":\"search_term_string\"}}],\"inLanguage\":\"en-GB\"},{\"@type\":\"Organization\",\"@id\":\"https:\\\/\\\/rugute.lt\\\/#organization\",\"name\":\"Labdaros ir paramos fondas \u201eRugut\u0117\u201c\",\"url\":\"https:\\\/\\\/rugute.lt\\\/\",\"logo\":{\"@type\":\"ImageObject\",\"inLanguage\":\"en-GB\",\"@id\":\"https:\\\/\\\/rugute.lt\\\/#\\\/schema\\\/logo\\\/image\\\/\",\"url\":\"https:\\\/\\\/rugute.lt\\\/wp-content\\\/uploads\\\/2021\\\/09\\\/Rugute_logo-b.svg\",\"contentUrl\":\"https:\\\/\\\/rugute.lt\\\/wp-content\\\/uploads\\\/2021\\\/09\\\/Rugute_logo-b.svg\",\"width\":585,\"height\":583,\"caption\":\"Labdaros ir paramos fondas \u201eRugut\u0117\u201c\"},\"image\":{\"@id\":\"https:\\\/\\\/rugute.lt\\\/#\\\/schema\\\/logo\\\/image\\\/\"},\"sameAs\":[\"https:\\\/\\\/www.facebook.com\\\/rugute\\\/\",\"https:\\\/\\\/x.com\\\/rugute\",\"https:\\\/\\\/www.instagram.com\\\/rugute.lt\\\/\",\"https:\\\/\\\/www.linkedin.com\\\/company\\\/rugute\",\"https:\\\/\\\/www.youtube.com\\\/user\\\/Rugute\\\/videos\",\"https:\\\/\\\/lt.wikipedia.org\\\/wiki\\\/Rugut\u0117\"]}]}<\/script>\n<!-- \/ Yoast SEO plugin. -->","yoast_head_json":{"title":"Rugut\u0117s namai - Labdaros ir paramos fondas \u201eRugut\u0117\u201c","description":"Rugut\u0117 provides free accommodation for children with oncological diseases and their family members.","robots":{"index":"index","follow":"follow","max-snippet":"max-snippet:-1","max-image-preview":"max-image-preview:large","max-video-preview":"max-video-preview:-1"},"canonical":"https:\/\/rugute.lt\/en\/rugutes-namai\/","og_locale":"en_GB","og_type":"article","og_title":"Rugut\u0117s namai - Labdaros ir paramos fondas \u201eRugut\u0117\u201c","og_description":"\u201eRugut\u0117\u201c suteikia nemokam\u0105 apgyvendinim\u0105 onkologin\u0117mis ligomis sergantiems vaikams ir j\u0173 \u0161eimos nariams.","og_url":"https:\/\/rugute.lt\/en\/rugutes-namai\/","og_site_name":"Labdaros ir paramos fondas \u201eRugut\u0117\u201c","article_publisher":"https:\/\/www.facebook.com\/rugute\/","article_modified_time":"2024-06-03T11:52:49+00:00","og_image":[{"width":2000,"height":1335,"url":"https:\/\/rugute.lt\/wp-content\/uploads\/2019\/10\/R-namai-01.jpg","type":"image\/jpeg"}],"twitter_card":"summary_large_image","twitter_site":"@rugute","twitter_misc":{"Estimated reading time":"1 minute"},"schema":{"@context":"https:\/\/schema.org","@graph":[{"@type":"WebPage","@id":"https:\/\/rugute.lt\/rugutes-namai\/","url":"https:\/\/rugute.lt\/rugutes-namai\/","name":"Rugut\u0117s namai - Labdaros ir paramos fondas \u201eRugut\u0117\u201c","isPartOf":{"@id":"https:\/\/rugute.lt\/#website"},"primaryImageOfPage":{"@id":"https:\/\/rugute.lt\/rugutes-namai\/#primaryimage"},"image":{"@id":"https:\/\/rugute.lt\/rugutes-namai\/#primaryimage"},"thumbnailUrl":"https:\/\/rugute.lt\/wp-content\/uploads\/2019\/10\/R-namai-01.jpg","datePublished":"2024-06-03T11:41:24+00:00","dateModified":"2024-06-03T11:52:49+00:00","description":"Rugut\u0117 provides free accommodation for children with oncological diseases and their family members.","breadcrumb":{"@id":"https:\/\/rugute.lt\/rugutes-namai\/#breadcrumb"},"inLanguage":"en-GB","potentialAction":[{"@type":"ReadAction","target":["https:\/\/rugute.lt\/rugutes-namai\/"]}]},{"@type":"ImageObject","inLanguage":"en-GB","@id":"https:\/\/rugute.lt\/rugutes-namai\/#primaryimage","url":"https:\/\/rugute.lt\/wp-content\/uploads\/2019\/10\/R-namai-01.jpg","contentUrl":"https:\/\/rugute.lt\/wp-content\/uploads\/2019\/10\/R-namai-01.jpg","width":2000,"height":1335,"caption":"Rugut\u0117s namai"},{"@type":"BreadcrumbList","@id":"https:\/\/rugute.lt\/rugutes-namai\/#breadcrumb","itemListElement":[{"@type":"ListItem","position":1,"name":"Prad\u017eia","item":"https:\/\/rugute.lt\/"},{"@type":"ListItem","position":2,"name":"Rugut\u0117s namai"}]},{"@type":"WebSite","@id":"https:\/\/rugute.lt\/#website","url":"https:\/\/rugute.lt\/","name":"Childhood Cancer Fund Rugut\u0117","description":"Parama vaikams sergantiems v\u0117\u017eiu","publisher":{"@id":"https:\/\/rugute.lt\/#organization"},"potentialAction":[{"@type":"SearchAction","target":{"@type":"EntryPoint","urlTemplate":"https:\/\/rugute.lt\/?s={search_term_string}"},"query-input":{"@type":"PropertyValueSpecification","valueRequired":true,"valueName":"search_term_string"}}],"inLanguage":"en-GB"},{"@type":"Organization","@id":"https:\/\/rugute.lt\/#organization","name":"Childhood Cancer Fund Rugut\u0117","url":"https:\/\/rugute.lt\/","logo":{"@type":"ImageObject","inLanguage":"en-GB","@id":"https:\/\/rugute.lt\/#\/schema\/logo\/image\/","url":"https:\/\/rugute.lt\/wp-content\/uploads\/2021\/09\/Rugute_logo-b.svg","contentUrl":"https:\/\/rugute.lt\/wp-content\/uploads\/2021\/09\/Rugute_logo-b.svg","width":585,"height":583,"caption":"Labdaros ir paramos fondas \u201eRugut\u0117\u201c"},"image":{"@id":"https:\/\/rugute.lt\/#\/schema\/logo\/image\/"},"sameAs":["https:\/\/www.facebook.com\/rugute\/","https:\/\/x.com\/rugute","https:\/\/www.instagram.com\/rugute.lt\/","https:\/\/www.linkedin.com\/company\/rugute","https:\/\/www.youtube.com\/user\/Rugute\/videos","https:\/\/lt.wikipedia.org\/wiki\/Rugut\u0117"]}]}},"_links":{"self":[{"href":"https:\/\/rugute.lt\/en\/wp-json\/wp\/v2\/pages\/56877","targetHints":{"allow":["GET"]}}],"collection":[{"href":"https:\/\/rugute.lt\/en\/wp-json\/wp\/v2\/pages"}],"about":[{"href":"https:\/\/rugute.lt\/en\/wp-json\/wp\/v2\/types\/page"}],"author":[{"embeddable":true,"href":"https:\/\/rugute.lt\/en\/wp-json\/wp\/v2\/users\/1"}],"replies":[{"embeddable":true,"href":"https:\/\/rugute.lt\/en\/wp-json\/wp\/v2\/comments?post=56877"}],"version-history":[{"count":0,"href":"https:\/\/rugute.lt\/en\/wp-json\/wp\/v2\/pages\/56877\/revisions"}],"wp:featuredmedia":[{"embeddable":true,"href":"https:\/\/rugute.lt\/en\/wp-json\/wp\/v2\/media\/30143"}],"wp:attachment":[{"href":"https:\/\/rugute.lt\/en\/wp-json\/wp\/v2\/media?parent=56877"}],"curies":[{"name":"wp","href":"https:\/\/api.w.org\/{rel}","templated":true}]}}