{"id":4478,"date":"2020-09-21T14:42:00","date_gmt":"2020-09-21T11:42:21","guid":{"rendered":"https:\/\/rugute.lt\/?page_id=4478"},"modified":"2021-10-21T13:24:05","modified_gmt":"2021-10-21T10:24:05","slug":"padeka","status":"publish","type":"page","link":"https:\/\/rugute.lt\/en\/apie-rugile\/padeka\/","title":{"rendered":"Gratitude"},"content":{"rendered":"\t\t<div data-elementor-type=\"wp-page\" data-elementor-id=\"4478\" class=\"elementor elementor-4478\" data-elementor-settings=\"{&quot;element_pack_global_tooltip_width&quot;:{&quot;unit&quot;:&quot;px&quot;,&quot;size&quot;:&quot;&quot;,&quot;sizes&quot;:[]},&quot;element_pack_global_tooltip_width_tablet&quot;:{&quot;unit&quot;:&quot;px&quot;,&quot;size&quot;:&quot;&quot;,&quot;sizes&quot;:[]},&quot;element_pack_global_tooltip_width_mobile&quot;:{&quot;unit&quot;:&quot;px&quot;,&quot;size&quot;:&quot;&quot;,&quot;sizes&quot;:[]},&quot;element_pack_global_tooltip_padding&quot;:{&quot;unit&quot;:&quot;px&quot;,&quot;top&quot;:&quot;&quot;,&quot;right&quot;:&quot;&quot;,&quot;bottom&quot;:&quot;&quot;,&quot;left&quot;:&quot;&quot;,&quot;isLinked&quot;:true},&quot;element_pack_global_tooltip_padding_tablet&quot;:{&quot;unit&quot;:&quot;px&quot;,&quot;top&quot;:&quot;&quot;,&quot;right&quot;:&quot;&quot;,&quot;bottom&quot;:&quot;&quot;,&quot;left&quot;:&quot;&quot;,&quot;isLinked&quot;:true},&quot;element_pack_global_tooltip_padding_mobile&quot;:{&quot;unit&quot;:&quot;px&quot;,&quot;top&quot;:&quot;&quot;,&quot;right&quot;:&quot;&quot;,&quot;bottom&quot;:&quot;&quot;,&quot;left&quot;:&quot;&quot;,&quot;isLinked&quot;:true},&quot;element_pack_global_tooltip_border_radius&quot;:{&quot;unit&quot;:&quot;px&quot;,&quot;top&quot;:&quot;&quot;,&quot;right&quot;:&quot;&quot;,&quot;bottom&quot;:&quot;&quot;,&quot;left&quot;:&quot;&quot;,&quot;isLinked&quot;:true},&quot;element_pack_global_tooltip_border_radius_tablet&quot;:{&quot;unit&quot;:&quot;px&quot;,&quot;top&quot;:&quot;&quot;,&quot;right&quot;:&quot;&quot;,&quot;bottom&quot;:&quot;&quot;,&quot;left&quot;:&quot;&quot;,&quot;isLinked&quot;:true},&quot;element_pack_global_tooltip_border_radius_mobile&quot;:{&quot;unit&quot;:&quot;px&quot;,&quot;top&quot;:&quot;&quot;,&quot;right&quot;:&quot;&quot;,&quot;bottom&quot;:&quot;&quot;,&quot;left&quot;:&quot;&quot;,&quot;isLinked&quot;:true}}\" data-elementor-post-type=\"page\">\n\t\t\t\t\t\t<section class=\"elementor-section elementor-top-section elementor-element elementor-element-bd6a4f0 elementor-section-full_width elementor-section-height-min-height elementor-section-height-default elementor-section-items-middle\" data-id=\"bd6a4f0\" data-element_type=\"section\" data-e-type=\"section\" data-settings=\"{&quot;background_background&quot;:&quot;classic&quot;,&quot;background_motion_fx_motion_fx_scrolling&quot;:&quot;yes&quot;,&quot;background_motion_fx_scale_effect&quot;:&quot;yes&quot;,&quot;background_motion_fx_motion_fx_mouse&quot;:&quot;yes&quot;,&quot;background_motion_fx_mouseTrack_effect&quot;:&quot;yes&quot;,&quot;background_motion_fx_scale_direction&quot;:&quot;out-in&quot;,&quot;background_motion_fx_scale_speed&quot;:{&quot;unit&quot;:&quot;px&quot;,&quot;size&quot;:4,&quot;sizes&quot;:[]},&quot;background_motion_fx_scale_range&quot;:{&quot;unit&quot;:&quot;%&quot;,&quot;size&quot;:&quot;&quot;,&quot;sizes&quot;:{&quot;start&quot;:20,&quot;end&quot;:80}},&quot;background_motion_fx_devices&quot;:[&quot;desktop&quot;,&quot;tablet&quot;,&quot;mobile&quot;],&quot;background_motion_fx_mouseTrack_speed&quot;:{&quot;unit&quot;:&quot;px&quot;,&quot;size&quot;:1,&quot;sizes&quot;:[]}}\">\n\t\t\t\t\t\t\t<div class=\"elementor-background-overlay\"><\/div>\n\t\t\t\t\t\t\t<div class=\"elementor-container elementor-column-gap-default\">\n\t\t\t\t\t<div class=\"elementor-column elementor-col-100 elementor-top-column elementor-element elementor-element-8fa755f\" data-id=\"8fa755f\" data-element_type=\"column\" data-e-type=\"column\">\n\t\t\t<div class=\"elementor-widget-wrap elementor-element-populated\">\n\t\t\t\t\t\t<div class=\"elementor-element elementor-element-541faaa elementor-widget elementor-widget-bdt-advanced-heading\" data-id=\"541faaa\" data-element_type=\"widget\" data-e-type=\"widget\" data-widget_type=\"bdt-advanced-heading.default\">\n\t\t\t\t<div class=\"elementor-widget-container\">\n\t\t\t\t\t<div id=\"541faaa\" class=\"bdt-ep-advanced-heading\" data-settings=\"{&quot;titleMultiColor&quot;:&quot;no&quot;}\"><h2 class=\"bdt-ep-advanced-heading-title\"><span class=\"bdt-ep-advanced-heading-main-title\"><span class=\"bdt-ep-advanced-heading-main-title-inner\">I\u0161 visos \u0161irdies d\u0117kojame Jums visiems<\/span><span class=\"line bdt-button-icon-align-left\"><\/span><span class=\"line bdt-button-icon-align-right\"><\/span><\/span><\/h2><\/div>\t\t\t\t<\/div>\n\t\t\t\t<\/div>\n\t\t\t\t\t<\/div>\n\t\t<\/div>\n\t\t\t\t\t<\/div>\n\t\t<\/section>\n\t\t\t\t<section class=\"elementor-section elementor-top-section elementor-element elementor-element-c6615c9 elementor-section-stretched elementor-section-full_width elementor-section-height-min-height elementor-section-height-default elementor-section-items-middle\" data-id=\"c6615c9\" data-element_type=\"section\" data-e-type=\"section\" data-settings=\"{&quot;stretch_section&quot;:&quot;section-stretched&quot;,&quot;background_background&quot;:&quot;classic&quot;,&quot;shape_divider_bottom&quot;:&quot;tilt&quot;}\">\n\t\t\t\t\t\t\t<div class=\"elementor-background-overlay\"><\/div>\n\t\t\t\t\t\t<div class=\"elementor-shape elementor-shape-bottom\" aria-hidden=\"true\" data-negative=\"false\">\n\t\t\t<svg xmlns=\"http:\/\/www.w3.org\/2000\/svg\" viewBox=\"0 0 1000 100\" preserveAspectRatio=\"none\">\n\t<path class=\"elementor-shape-fill\" d=\"M0,6V0h1000v100L0,6z\"\/>\n<\/svg>\t\t<\/div>\n\t\t\t\t\t<div class=\"elementor-container elementor-column-gap-default\">\n\t\t\t\t\t<div class=\"elementor-column elementor-col-100 elementor-top-column elementor-element elementor-element-f44b406\" data-id=\"f44b406\" data-element_type=\"column\" data-e-type=\"column\">\n\t\t\t<div class=\"elementor-widget-wrap\">\n\t\t\t\t\t\t\t<\/div>\n\t\t<\/div>\n\t\t\t\t\t<\/div>\n\t\t<\/section>\n\t\t\t\t<section class=\"elementor-section elementor-top-section elementor-element elementor-element-50989111 elementor-section-content-top elementor-section-stretched elementor-section-boxed elementor-section-height-default elementor-section-height-default\" data-id=\"50989111\" data-element_type=\"section\" data-e-type=\"section\" data-settings=\"{&quot;stretch_section&quot;:&quot;section-stretched&quot;}\">\n\t\t\t\t\t\t<div class=\"elementor-container elementor-column-gap-default\">\n\t\t\t\t\t<div class=\"elementor-column elementor-col-100 elementor-top-column elementor-element elementor-element-1418f7a4\" data-id=\"1418f7a4\" data-element_type=\"column\" data-e-type=\"column\" data-settings=\"{&quot;background_background&quot;:&quot;classic&quot;}\">\n\t\t\t<div class=\"elementor-widget-wrap elementor-element-populated\">\n\t\t\t\t\t\t<div class=\"elementor-element elementor-element-74d7df4 elementor-widget elementor-widget-text-editor\" data-id=\"74d7df4\" data-element_type=\"widget\" data-e-type=\"widget\" data-widget_type=\"text-editor.default\">\n\t\t\t\t<div class=\"elementor-widget-container\">\n\t\t\t\t\t\t\t\t\t<p align=\"justify\">D\u0117kojame u\u017e finansin\u0119 param\u0105, \u0161ilt\u0105 \u017eod\u012f, tik\u0117jim\u0105, mald\u0105. Tik J\u016bs\u0173 vis\u0173 d\u0117ka gal\u0117jome i\u0161pildyti Rugil\u0117s vaiki\u0161kas svajones. Tik J\u016bs\u0173 d\u0117ka ji gal\u0117jo nors trumpam pab\u0117gti nuo skausmo ir pasinerti \u012f ner\u016bpesting\u0105 vaikyst\u0119. Tik J\u016bs\u0173 d\u0117ka gal\u0117jome suteikti dukrelei geriausi\u0105 slaug\u0105, konsultuotis su kit\u0173 \u0161ali\u0173 gydytojais. Nuolat jaut\u0117me ypating\u0105 J\u016bs\u0173 \u0161ird\u017ei\u0173 \u0161ilum\u0105. Kartu su Rugile skaitydavome J\u016bs\u0173 lai\u0161kus. Dukrel\u0117 labai d\u017eiaugdavosi ir sakydavo: \u201eKuo daugiau \u0161irdeli\u0173 kartu su ja, tuo ji stipresn\u0117 kovoje su piktu prie\u0161u&#8221;.<\/p><p align=\"justify\">Rei\u0161kiame nuo\u0161ird\u017ei\u0105 pad\u0117k\u0105 echoskopuotojui gyd. A. \u010cekuoliui, radiologei gyd. E. Sta\u0161ienei, echoskopuotojui gyd. M. Trakymui. Visiems gydytojams, vedusiems mus u\u017e rankos Rugil\u0117s kelion\u0117s per lig\u0105 metu.<\/p><p align=\"justify\">A\u010di\u016b tariame gydytojai Sonatai Trakymienei u\u017e nuolatin\u012f buvim\u0105 \u0161alia, u\u017e nepaprast\u0105 draugyst\u0119, u\u017e palaikym\u0105 sunkiausiomis minut\u0117mis.\u00a0<\/p><div align=\"justify\">D\u0117kojame V\u0161\u012e VUVL onkohematologijos ir I chirurgijos skyri\u0173 slaugytojoms u\u017e beveik dviej\u0173 met\u0173 nuo\u0161ird\u0173 r\u016bpinim\u0105si Rugile.\u00a0<\/div><p align=\"justify\">D\u0117kojame Loretai Welch ir jos vyrui gydytojui G. R. Welch u\u017e nuostabi\u0105 meil\u0119 m\u016bs\u0173 ma\u017eajai dukrytei, u\u017e apsikabinimus, u\u017e finansin\u0119 param\u0105.<\/p><p align=\"justify\">D\u0117kojame Olegui Niaksu (<a href=\"http:\/\/www.biliardas.lt\/\" target=\"_blank\" rel=\"noopener\">www.biliardas.lt<\/a>), Ramunei \u010ci\u010dirkaitei (<a href=\"http:\/\/www.news.lt\/\" target=\"_blank\" rel=\"noopener\">www.news.lt<\/a>), supermamos forumo mamoms (<a href=\"http:\/\/www.supermama.com\/\" target=\"_blank\" rel=\"noopener\">www.supermama.com<\/a>), Alinai (<a href=\"http:\/\/www.sveikas.lt\/\" target=\"_blank\" rel=\"noopener\">www.sveikas.lt<\/a>), Tomui (<a href=\"http:\/\/www.emigrantas.com\/\" target=\"_blank\" rel=\"noopener\">www.emigrantas.com<\/a>), patalpinusiems m\u016bs\u0173 pagalbos pra\u0161ym\u0105 interneto tinklalapiuose.<\/p><p align=\"justify\">A\u010di\u016b Linai Muizienei, Jolantai Sadauskienei, Rasai Almantienei u\u017e meil\u0119 ir r\u016bpinim\u0105si Rugile, u\u017e daugyb\u0119 nuo\u0161ird\u017ei\u0173 pokalbi\u0173 bei susitikim\u0173.<\/p><p align=\"justify\">A\u010di\u016b visiems skambinusiems, ra\u0161iusiems, siuntusiems dovanas. Tik i\u0161 J\u016bs\u0173 mes semdavom\u0117s stipryb\u0117s, tik J\u016bs\u0173 vis\u0173 tik\u0117jimas mums neleisdavo pal\u016b\u017eti, tik J\u016bs\u0173 dovanojama meil\u0117 mums suteikdavo ramyb\u0119 ir berib\u0119 Vilt\u012f.<\/p><p align=\"center\"><i>A\u010di\u016b Jums.<\/i><\/p><p align=\"left\">Pagarbiai,<br \/>Edita ir Dainoras Abrukauskai<\/p>\t\t\t\t\t\t\t\t<\/div>\n\t\t\t\t<\/div>\n\t\t\t\t\t<\/div>\n\t\t<\/div>\n\t\t\t\t\t<\/div>\n\t\t<\/section>\n\t\t\t\t<section class=\"elementor-section elementor-top-section elementor-element elementor-element-6132274 elementor-section-stretched elementor-section-full_width elementor-section-height-default elementor-section-height-default\" data-id=\"6132274\" data-element_type=\"section\" data-e-type=\"section\" data-settings=\"{&quot;stretch_section&quot;:&quot;section-stretched&quot;,&quot;background_background&quot;:&quot;classic&quot;,&quot;shape_divider_top&quot;:&quot;arrow&quot;,&quot;shape_divider_top_negative&quot;:&quot;yes&quot;}\">\n\t\t\t\t\t<div class=\"elementor-shape elementor-shape-top\" aria-hidden=\"true\" data-negative=\"true\">\n\t\t\t<svg xmlns=\"http:\/\/www.w3.org\/2000\/svg\" viewBox=\"0 0 700 10\" preserveAspectRatio=\"none\">\n\t<path class=\"elementor-shape-fill\" d=\"M360 0L350 9.9 340 0 0 0 0 10 700 10 700 0\"\/>\n<\/svg>\t\t<\/div>\n\t\t\t\t\t<div class=\"elementor-container elementor-column-gap-no\">\n\t\t\t\t\t<div class=\"elementor-column elementor-col-100 elementor-top-column elementor-element elementor-element-94b0c67\" data-id=\"94b0c67\" data-element_type=\"column\" data-e-type=\"column\">\n\t\t\t<div class=\"elementor-widget-wrap elementor-element-populated\">\n\t\t\t\t\t\t<div class=\"elementor-element elementor-element-500d02b elementor-widget elementor-widget-spacer\" data-id=\"500d02b\" data-element_type=\"widget\" data-e-type=\"widget\" data-widget_type=\"spacer.default\">\n\t\t\t\t<div class=\"elementor-widget-container\">\n\t\t\t\t\t\t\t<div class=\"elementor-spacer\">\n\t\t\t<div class=\"elementor-spacer-inner\"><\/div>\n\t\t<\/div>\n\t\t\t\t\t\t<\/div>\n\t\t\t\t<\/div>\n\t\t\t\t\t<\/div>\n\t\t<\/div>\n\t\t\t\t\t<\/div>\n\t\t<\/section>\n\t\t\t\t<\/div>\n\t\t","protected":false},"excerpt":{"rendered":"<p>I\u0161 visos \u0161irdies d\u0117kojame Jums visiems D\u0117kojame u\u017e finansin\u0119 param\u0105, \u0161ilt\u0105 \u017eod\u012f, tik\u0117jim\u0105, mald\u0105. Tik J\u016bs\u0173 vis\u0173 d\u0117ka gal\u0117jome i\u0161pildyti Rugil\u0117s vaiki\u0161kas svajones. Tik J\u016bs\u0173 d\u0117ka ji gal\u0117jo nors trumpam pab\u0117gti nuo skausmo ir pasinerti \u012f ner\u016bpesting\u0105 vaikyst\u0119. Tik J\u016bs\u0173 d\u0117ka gal\u0117jome suteikti dukrelei geriausi\u0105 slaug\u0105, konsultuotis su kit\u0173 \u0161ali\u0173 gydytojais. Nuolat jaut\u0117me ypating\u0105 J\u016bs\u0173 [&hellip;]<\/p>\n","protected":false},"author":1,"featured_media":0,"parent":9983,"menu_order":1,"comment_status":"closed","ping_status":"closed","template":"elementor_header_footer","meta":{"footnotes":""},"class_list":["post-4478","page","type-page","status-publish","hentry"],"yoast_head":"<!-- This site is optimized with the Yoast SEO plugin v27.3 - https:\/\/yoast.com\/product\/yoast-seo-wordpress\/ -->\n<title>Pad\u0117ka - Labdaros ir paramos fondas \u201eRugut\u0117\u201c<\/title>\n<meta name=\"robots\" content=\"index, follow, max-snippet:-1, max-image-preview:large, max-video-preview:-1\" \/>\n<link rel=\"canonical\" href=\"https:\/\/rugute.lt\/en\/apie-rugile\/padeka\/\" \/>\n<meta property=\"og:locale\" content=\"en_GB\" \/>\n<meta property=\"og:type\" content=\"article\" \/>\n<meta property=\"og:title\" content=\"Pad\u0117ka - Labdaros ir paramos fondas \u201eRugut\u0117\u201c\" \/>\n<meta property=\"og:description\" content=\"I\u0161 visos \u0161irdies d\u0117kojame Jums visiems D\u0117kojame u\u017e finansin\u0119 param\u0105, \u0161ilt\u0105 \u017eod\u012f, tik\u0117jim\u0105, mald\u0105. Tik J\u016bs\u0173 vis\u0173 d\u0117ka gal\u0117jome i\u0161pildyti Rugil\u0117s vaiki\u0161kas svajones. Tik J\u016bs\u0173 d\u0117ka ji gal\u0117jo nors trumpam pab\u0117gti nuo skausmo ir pasinerti \u012f ner\u016bpesting\u0105 vaikyst\u0119. Tik J\u016bs\u0173 d\u0117ka gal\u0117jome suteikti dukrelei geriausi\u0105 slaug\u0105, konsultuotis su kit\u0173 \u0161ali\u0173 gydytojais. Nuolat jaut\u0117me ypating\u0105 J\u016bs\u0173 [&hellip;]\" \/>\n<meta property=\"og:url\" content=\"https:\/\/rugute.lt\/en\/apie-rugile\/padeka\/\" \/>\n<meta property=\"og:site_name\" content=\"Labdaros ir paramos fondas \u201eRugut\u0117\u201c\" \/>\n<meta property=\"article:publisher\" content=\"https:\/\/www.facebook.com\/rugute\/\" \/>\n<meta property=\"article:modified_time\" content=\"2021-10-21T10:24:05+00:00\" \/>\n<meta property=\"og:image\" content=\"https:\/\/rugute.lt\/wp-content\/uploads\/2019\/01\/rugute_logo_uzrasas.png\" \/>\n\t<meta property=\"og:image:width\" content=\"2000\" \/>\n\t<meta property=\"og:image:height\" content=\"646\" \/>\n\t<meta property=\"og:image:type\" content=\"image\/png\" \/>\n<meta name=\"twitter:card\" content=\"summary_large_image\" \/>\n<meta name=\"twitter:site\" content=\"@rugute\" \/>\n<meta name=\"twitter:label1\" content=\"Estimated reading time\" \/>\n\t<meta name=\"twitter:data1\" content=\"2 minutes\" \/>\n<script type=\"application\/ld+json\" class=\"yoast-schema-graph\">{\"@context\":\"https:\\\/\\\/schema.org\",\"@graph\":[{\"@type\":\"WebPage\",\"@id\":\"https:\\\/\\\/rugute.lt\\\/apie-rugile\\\/padeka\\\/\",\"url\":\"https:\\\/\\\/rugute.lt\\\/apie-rugile\\\/padeka\\\/\",\"name\":\"Pad\u0117ka - Labdaros ir paramos fondas \u201eRugut\u0117\u201c\",\"isPartOf\":{\"@id\":\"https:\\\/\\\/rugute.lt\\\/#website\"},\"datePublished\":\"2020-09-21T11:42:21+00:00\",\"dateModified\":\"2021-10-21T10:24:05+00:00\",\"breadcrumb\":{\"@id\":\"https:\\\/\\\/rugute.lt\\\/apie-rugile\\\/padeka\\\/#breadcrumb\"},\"inLanguage\":\"en-GB\",\"potentialAction\":[{\"@type\":\"ReadAction\",\"target\":[\"https:\\\/\\\/rugute.lt\\\/apie-rugile\\\/padeka\\\/\"]}]},{\"@type\":\"BreadcrumbList\",\"@id\":\"https:\\\/\\\/rugute.lt\\\/apie-rugile\\\/padeka\\\/#breadcrumb\",\"itemListElement\":[{\"@type\":\"ListItem\",\"position\":1,\"name\":\"Prad\u017eia\",\"item\":\"https:\\\/\\\/rugute.lt\\\/\"},{\"@type\":\"ListItem\",\"position\":2,\"name\":\"Apie Rugil\u0119\",\"item\":\"https:\\\/\\\/rugute.lt\\\/apie-rugile\\\/\"},{\"@type\":\"ListItem\",\"position\":3,\"name\":\"Pad\u0117ka\"}]},{\"@type\":\"WebSite\",\"@id\":\"https:\\\/\\\/rugute.lt\\\/#website\",\"url\":\"https:\\\/\\\/rugute.lt\\\/\",\"name\":\"Labdaros ir paramos fondas \u201eRugut\u0117\u201c\",\"description\":\"Parama vaikams sergantiems v\u0117\u017eiu\",\"publisher\":{\"@id\":\"https:\\\/\\\/rugute.lt\\\/#organization\"},\"potentialAction\":[{\"@type\":\"SearchAction\",\"target\":{\"@type\":\"EntryPoint\",\"urlTemplate\":\"https:\\\/\\\/rugute.lt\\\/?s={search_term_string}\"},\"query-input\":{\"@type\":\"PropertyValueSpecification\",\"valueRequired\":true,\"valueName\":\"search_term_string\"}}],\"inLanguage\":\"en-GB\"},{\"@type\":\"Organization\",\"@id\":\"https:\\\/\\\/rugute.lt\\\/#organization\",\"name\":\"Labdaros ir paramos fondas \u201eRugut\u0117\u201c\",\"url\":\"https:\\\/\\\/rugute.lt\\\/\",\"logo\":{\"@type\":\"ImageObject\",\"inLanguage\":\"en-GB\",\"@id\":\"https:\\\/\\\/rugute.lt\\\/#\\\/schema\\\/logo\\\/image\\\/\",\"url\":\"https:\\\/\\\/rugute.lt\\\/wp-content\\\/uploads\\\/2021\\\/09\\\/Rugute_logo-b.svg\",\"contentUrl\":\"https:\\\/\\\/rugute.lt\\\/wp-content\\\/uploads\\\/2021\\\/09\\\/Rugute_logo-b.svg\",\"width\":585,\"height\":583,\"caption\":\"Labdaros ir paramos fondas \u201eRugut\u0117\u201c\"},\"image\":{\"@id\":\"https:\\\/\\\/rugute.lt\\\/#\\\/schema\\\/logo\\\/image\\\/\"},\"sameAs\":[\"https:\\\/\\\/www.facebook.com\\\/rugute\\\/\",\"https:\\\/\\\/x.com\\\/rugute\",\"https:\\\/\\\/www.instagram.com\\\/rugute.lt\\\/\",\"https:\\\/\\\/www.linkedin.com\\\/company\\\/rugute\",\"https:\\\/\\\/www.youtube.com\\\/user\\\/Rugute\\\/videos\",\"https:\\\/\\\/lt.wikipedia.org\\\/wiki\\\/Rugut\u0117\"]}]}<\/script>\n<!-- \/ Yoast SEO plugin. -->","yoast_head_json":{"title":"Pad\u0117ka - Labdaros ir paramos fondas \u201eRugut\u0117\u201c","robots":{"index":"index","follow":"follow","max-snippet":"max-snippet:-1","max-image-preview":"max-image-preview:large","max-video-preview":"max-video-preview:-1"},"canonical":"https:\/\/rugute.lt\/en\/apie-rugile\/padeka\/","og_locale":"en_GB","og_type":"article","og_title":"Pad\u0117ka - Labdaros ir paramos fondas \u201eRugut\u0117\u201c","og_description":"I\u0161 visos \u0161irdies d\u0117kojame Jums visiems D\u0117kojame u\u017e finansin\u0119 param\u0105, \u0161ilt\u0105 \u017eod\u012f, tik\u0117jim\u0105, mald\u0105. Tik J\u016bs\u0173 vis\u0173 d\u0117ka gal\u0117jome i\u0161pildyti Rugil\u0117s vaiki\u0161kas svajones. Tik J\u016bs\u0173 d\u0117ka ji gal\u0117jo nors trumpam pab\u0117gti nuo skausmo ir pasinerti \u012f ner\u016bpesting\u0105 vaikyst\u0119. Tik J\u016bs\u0173 d\u0117ka gal\u0117jome suteikti dukrelei geriausi\u0105 slaug\u0105, konsultuotis su kit\u0173 \u0161ali\u0173 gydytojais. Nuolat jaut\u0117me ypating\u0105 J\u016bs\u0173 [&hellip;]","og_url":"https:\/\/rugute.lt\/en\/apie-rugile\/padeka\/","og_site_name":"Labdaros ir paramos fondas \u201eRugut\u0117\u201c","article_publisher":"https:\/\/www.facebook.com\/rugute\/","article_modified_time":"2021-10-21T10:24:05+00:00","og_image":[{"width":2000,"height":646,"url":"https:\/\/rugute.lt\/wp-content\/uploads\/2019\/01\/rugute_logo_uzrasas.png","type":"image\/png"}],"twitter_card":"summary_large_image","twitter_site":"@rugute","twitter_misc":{"Estimated reading time":"2 minutes"},"schema":{"@context":"https:\/\/schema.org","@graph":[{"@type":"WebPage","@id":"https:\/\/rugute.lt\/apie-rugile\/padeka\/","url":"https:\/\/rugute.lt\/apie-rugile\/padeka\/","name":"Pad\u0117ka - Labdaros ir paramos fondas \u201eRugut\u0117\u201c","isPartOf":{"@id":"https:\/\/rugute.lt\/#website"},"datePublished":"2020-09-21T11:42:21+00:00","dateModified":"2021-10-21T10:24:05+00:00","breadcrumb":{"@id":"https:\/\/rugute.lt\/apie-rugile\/padeka\/#breadcrumb"},"inLanguage":"en-GB","potentialAction":[{"@type":"ReadAction","target":["https:\/\/rugute.lt\/apie-rugile\/padeka\/"]}]},{"@type":"BreadcrumbList","@id":"https:\/\/rugute.lt\/apie-rugile\/padeka\/#breadcrumb","itemListElement":[{"@type":"ListItem","position":1,"name":"Prad\u017eia","item":"https:\/\/rugute.lt\/"},{"@type":"ListItem","position":2,"name":"Apie Rugil\u0119","item":"https:\/\/rugute.lt\/apie-rugile\/"},{"@type":"ListItem","position":3,"name":"Pad\u0117ka"}]},{"@type":"WebSite","@id":"https:\/\/rugute.lt\/#website","url":"https:\/\/rugute.lt\/","name":"Childhood Cancer Fund Rugut\u0117","description":"Parama vaikams sergantiems v\u0117\u017eiu","publisher":{"@id":"https:\/\/rugute.lt\/#organization"},"potentialAction":[{"@type":"SearchAction","target":{"@type":"EntryPoint","urlTemplate":"https:\/\/rugute.lt\/?s={search_term_string}"},"query-input":{"@type":"PropertyValueSpecification","valueRequired":true,"valueName":"search_term_string"}}],"inLanguage":"en-GB"},{"@type":"Organization","@id":"https:\/\/rugute.lt\/#organization","name":"Childhood Cancer Fund Rugut\u0117","url":"https:\/\/rugute.lt\/","logo":{"@type":"ImageObject","inLanguage":"en-GB","@id":"https:\/\/rugute.lt\/#\/schema\/logo\/image\/","url":"https:\/\/rugute.lt\/wp-content\/uploads\/2021\/09\/Rugute_logo-b.svg","contentUrl":"https:\/\/rugute.lt\/wp-content\/uploads\/2021\/09\/Rugute_logo-b.svg","width":585,"height":583,"caption":"Labdaros ir paramos fondas \u201eRugut\u0117\u201c"},"image":{"@id":"https:\/\/rugute.lt\/#\/schema\/logo\/image\/"},"sameAs":["https:\/\/www.facebook.com\/rugute\/","https:\/\/x.com\/rugute","https:\/\/www.instagram.com\/rugute.lt\/","https:\/\/www.linkedin.com\/company\/rugute","https:\/\/www.youtube.com\/user\/Rugute\/videos","https:\/\/lt.wikipedia.org\/wiki\/Rugut\u0117"]}]}},"_links":{"self":[{"href":"https:\/\/rugute.lt\/en\/wp-json\/wp\/v2\/pages\/4478","targetHints":{"allow":["GET"]}}],"collection":[{"href":"https:\/\/rugute.lt\/en\/wp-json\/wp\/v2\/pages"}],"about":[{"href":"https:\/\/rugute.lt\/en\/wp-json\/wp\/v2\/types\/page"}],"author":[{"embeddable":true,"href":"https:\/\/rugute.lt\/en\/wp-json\/wp\/v2\/users\/1"}],"replies":[{"embeddable":true,"href":"https:\/\/rugute.lt\/en\/wp-json\/wp\/v2\/comments?post=4478"}],"version-history":[{"count":0,"href":"https:\/\/rugute.lt\/en\/wp-json\/wp\/v2\/pages\/4478\/revisions"}],"up":[{"embeddable":true,"href":"https:\/\/rugute.lt\/en\/wp-json\/wp\/v2\/pages\/9983"}],"wp:attachment":[{"href":"https:\/\/rugute.lt\/en\/wp-json\/wp\/v2\/media?parent=4478"}],"curies":[{"name":"wp","href":"https:\/\/api.w.org\/{rel}","templated":true}]}}