{"id":3998,"date":"2020-04-16T00:46:57","date_gmt":"2020-04-15T21:46:57","guid":{"rendered":"https:\/\/rugute.lt\/?page_id=3998"},"modified":"2022-01-12T10:39:41","modified_gmt":"2022-01-12T08:39:41","slug":"vaiku-ligu-klinika","status":"publish","type":"page","link":"https:\/\/rugute.lt\/en\/informacija\/knygos-straipsniai\/vaiku-ligu-klinika\/","title":{"rendered":"VU MF vaik\u0173 lig\u0173 klinika"},"content":{"rendered":"<div data-elementor-type=\"wp-page\" data-elementor-id=\"3998\" class=\"elementor elementor-3998\" data-elementor-settings=\"{&quot;element_pack_global_tooltip_width&quot;:{&quot;unit&quot;:&quot;px&quot;,&quot;size&quot;:&quot;&quot;,&quot;sizes&quot;:[]},&quot;element_pack_global_tooltip_width_tablet&quot;:{&quot;unit&quot;:&quot;px&quot;,&quot;size&quot;:&quot;&quot;,&quot;sizes&quot;:[]},&quot;element_pack_global_tooltip_width_mobile&quot;:{&quot;unit&quot;:&quot;px&quot;,&quot;size&quot;:&quot;&quot;,&quot;sizes&quot;:[]},&quot;element_pack_global_tooltip_padding&quot;:{&quot;unit&quot;:&quot;px&quot;,&quot;top&quot;:&quot;&quot;,&quot;right&quot;:&quot;&quot;,&quot;bottom&quot;:&quot;&quot;,&quot;left&quot;:&quot;&quot;,&quot;isLinked&quot;:true},&quot;element_pack_global_tooltip_padding_tablet&quot;:{&quot;unit&quot;:&quot;px&quot;,&quot;top&quot;:&quot;&quot;,&quot;right&quot;:&quot;&quot;,&quot;bottom&quot;:&quot;&quot;,&quot;left&quot;:&quot;&quot;,&quot;isLinked&quot;:true},&quot;element_pack_global_tooltip_padding_mobile&quot;:{&quot;unit&quot;:&quot;px&quot;,&quot;top&quot;:&quot;&quot;,&quot;right&quot;:&quot;&quot;,&quot;bottom&quot;:&quot;&quot;,&quot;left&quot;:&quot;&quot;,&quot;isLinked&quot;:true},&quot;element_pack_global_tooltip_border_radius&quot;:{&quot;unit&quot;:&quot;px&quot;,&quot;top&quot;:&quot;&quot;,&quot;right&quot;:&quot;&quot;,&quot;bottom&quot;:&quot;&quot;,&quot;left&quot;:&quot;&quot;,&quot;isLinked&quot;:true},&quot;element_pack_global_tooltip_border_radius_tablet&quot;:{&quot;unit&quot;:&quot;px&quot;,&quot;top&quot;:&quot;&quot;,&quot;right&quot;:&quot;&quot;,&quot;bottom&quot;:&quot;&quot;,&quot;left&quot;:&quot;&quot;,&quot;isLinked&quot;:true},&quot;element_pack_global_tooltip_border_radius_mobile&quot;:{&quot;unit&quot;:&quot;px&quot;,&quot;top&quot;:&quot;&quot;,&quot;right&quot;:&quot;&quot;,&quot;bottom&quot;:&quot;&quot;,&quot;left&quot;:&quot;&quot;,&quot;isLinked&quot;:true}}\" data-elementor-post-type=\"page\">\n\t\t\t\t\t\t<section class=\"elementor-section elementor-top-section elementor-element elementor-element-4a2bdad4 elementor-section-content-middle elementor-section-boxed elementor-section-height-default elementor-section-height-default\" data-id=\"4a2bdad4\" data-element_type=\"section\" data-e-type=\"section\">\n\t\t\t\t\t\t<div class=\"elementor-container elementor-column-gap-no\">\n\t\t\t\t\t<div class=\"elementor-column elementor-col-100 elementor-top-column elementor-element elementor-element-585e0066\" data-id=\"585e0066\" data-element_type=\"column\" data-e-type=\"column\">\n\t\t\t<div class=\"elementor-widget-wrap elementor-element-populated\">\n\t\t\t\t\t\t<div class=\"elementor-element elementor-element-2ed863fa elementor-widget elementor-widget-heading\" data-id=\"2ed863fa\" data-element_type=\"widget\" data-e-type=\"widget\" data-widget_type=\"heading.default\">\n\t\t\t\t<div class=\"elementor-widget-container\">\n\t\t\t\t\t<h6 class=\"elementor-heading-title elementor-size-default\">Straipsniai<\/h6>\t\t\t\t<\/div>\n\t\t\t\t<\/div>\n\t\t\t\t<div class=\"elementor-element elementor-element-1101ff6d elementor-widget elementor-widget-heading\" data-id=\"1101ff6d\" data-element_type=\"widget\" data-e-type=\"widget\" data-widget_type=\"heading.default\">\n\t\t\t\t<div class=\"elementor-widget-container\">\n\t\t\t\t\t<h1 class=\"elementor-heading-title elementor-size-default\">Onkologija. Doc. L. Ragelien\u0117: VU MF vaik\u0173 lig\u0173 klinika<\/h1>\t\t\t\t<\/div>\n\t\t\t\t<\/div>\n\t\t\t\t<section class=\"elementor-section elementor-inner-section elementor-element elementor-element-f16fb76 elementor-section-boxed elementor-section-height-default elementor-section-height-default\" data-id=\"f16fb76\" data-element_type=\"section\" data-e-type=\"section\">\n\t\t\t\t\t\t<div class=\"elementor-container elementor-column-gap-no\">\n\t\t\t\t\t<div class=\"elementor-column elementor-col-100 elementor-inner-column elementor-element elementor-element-f46ec27\" data-id=\"f46ec27\" data-element_type=\"column\" data-e-type=\"column\">\n\t\t\t<div class=\"elementor-widget-wrap elementor-element-populated\">\n\t\t\t\t\t\t<div class=\"elementor-element elementor-element-e86a78f elementor-widget elementor-widget-bdt-advanced-heading\" data-id=\"e86a78f\" data-element_type=\"widget\" data-e-type=\"widget\" data-widget_type=\"bdt-advanced-heading.default\">\n\t\t\t\t<div class=\"elementor-widget-container\">\n\t\t\t\t\t<div id=\"e86a78f\" class=\"bdt-ep-advanced-heading\" data-settings=\"{&quot;titleMultiColor&quot;:&quot;no&quot;}\"><div class=\"bdt-ep-advanced-heading-sub-title\"><div class=\"bdt-ep-advanced-heading-sub-title-content\">Pareng\u0117<\/div><div class=\"line bdt-flex-align-left\"><\/div><div class=\"line bdt-flex-align-right\"><\/div><\/div><h2 class=\"bdt-ep-advanced-heading-title\"><span class=\"bdt-ep-advanced-heading-main-title\"><span class=\"bdt-ep-advanced-heading-main-title-inner\">Dalia Urbonien\u0117<br>\n\u201eGydymo menas\" 2004 m. Nr. 7<\/span><\/span><\/h2><\/div>\t\t\t\t<\/div>\n\t\t\t\t<\/div>\n\t\t\t\t\t<\/div>\n\t\t<\/div>\n\t\t\t\t\t<\/div>\n\t\t<\/section>\n\t\t\t\t<div class=\"elementor-element elementor-element-b7f30ba elementor-widget elementor-widget-text-editor\" data-id=\"b7f30ba\" data-element_type=\"widget\" data-e-type=\"widget\" data-widget_type=\"text-editor.default\">\n\t\t\t\t<div class=\"elementor-widget-container\">\n\t\t\t\t\t\t\t\t\t<div align=\"justify\">Pasaulin\u0117je hematologijos praktikoje paskutiniu metu pla\u010diau prad\u0117ti vartoti monokloniniai antik\u016bnai, \u012fvair\u016bs citokinai, atsirado naujesn\u0117s kartos citostatik\u0173. \u012edomus dalykas yra terapija embrionin\u0117mis l\u0105stel\u0117mis. Manau, kad ateityje tai tur\u0117s didel\u0119 reik\u0161m\u0119 hematologijos praktikai.<\/div><div align=\"justify\">\u00a0<\/div><div align=\"justify\">Lietuvoje tiek vaik\u0173 onkologijos, tiek hematologijos srityje tobulinami iki \u0161iol naudoti diagnostikos metodai, pavyzd\u017eiui, augli\u0173 diagnostikai taikoma kompiuterin\u0117 angiografija, radionuklidinis kaul\u0173 skenavimas. Nuo 2003 met\u0173 atliekame magnetinio rezonanso tyrim\u0105, kuris padeda \u012fvertinti mink\u0161t\u0173j\u0173 audini\u0173 navik\u0173 dyd\u012f, i\u0161plitim\u0105, ry\u0161\u012f su supan\u010diais audiniais. Visiems sergantiesiems ir hematologin\u0117mis, ir onkologin\u0117mis ligomis ligoniams atliekamas imunohistocheminis tyrimas.<\/div><div align=\"justify\">\u00a0<\/div><div align=\"justify\">Lietuvoje onkohematologijos srityje pradedami atlikti ir molekulin\u0117s genetikos tyrimai. \u0160iais metais jie atliekami pla\u010diau negu pra\u0117jusiais, v\u0117liau, jeigu bus finansavimas, numatome juos i\u0161pl\u0117sti dar labiau. Kauno universiteto klinikose prad\u0117ta taikyti ir dar viena nauja diagnostin\u0117 priemon\u0117 &#8211; MIBG skenavimas neuroblastoma sergantiems ligoniams, kuri padeda anksti diagnozuoti ligos recidyvavim\u0105.<\/div><div align=\"justify\">\u00a0<\/div><div align=\"justify\">Respublikin\u0117s Vilniaus universitetin\u0117s vaik\u0173 ligonin\u0117s Onkohematologijos skyriuje 2002 metais prad\u0117ta vaik\u0173 kaul\u0173 \u010diulp\u0173 transplantacija. Tai atliekama ir toliau. \u0160iemet jau atliktos 5 tokios operacijos, dar 3 vaikai \u0161iuo metu j\u0173 laukia. M\u016bs\u0173 rezultatai geri, netgi geresni negu t\u0173 transplantacij\u0173, kurios atliktos u\u017esienyje. Problema ta, kad neskiriama pakankamai pinig\u0173 ir negalime atlikti j\u0173 tiek, kiek reik\u0117t\u0173 ir kiek b\u016btum\u0117me paj\u0117g\u016bs. Dabar vaik\u0173 kaul\u0173 \u010diulp\u0173 transplantacijai paskirta pinig\u0173 suma yra ai\u0161kiai nepakankama, riboja m\u016bs\u0173 galimybes ir poreikius. Kad gal\u0117tume patenkinti bent minimal\u0173 poreik\u012f, mums reik\u0117t\u0173 ma\u017edaug trigubai daugiau l\u0117\u0161\u0173 nei gauname dabar.<\/div><div align=\"justify\">\u00a0<\/div><div align=\"justify\">2003 metais pas mus pirm\u0105 kart\u0105 buvo atlikta kepen\u0173 auglio embolizacija citostatikais. Vaik\u0173 onkologijos srityje pla\u010diai taikoma lazerin\u0117 chirurgija. Vaik\u0173 onkologin\u0117ms ligoms gydyti prad\u0117jome vartoti citostatik\u0105 topotekan\u0105, kuris buvo pla\u010diau vartojamas suaugusi\u0173j\u0173 navikams gydyti. Tai n\u0117ra naujas preparatas, bet indikacija vaik\u0173 v\u0117\u017eiui gydyti yra nauja.<\/div><div align=\"justify\">\u00a0<\/div><div align=\"justify\">Mes labai nor\u0117tum\u0117me vaikams gydyti pritaikyti monokloninius antik\u016bnus, bet tai brangus metodas, ir, kol jis nekompensuojamas, mes taikyti jo negalime. Suaugusieji \u0161iais preparatais jau gydomi, mes irgi tur\u0117tume to pasiekti.<\/div><div align=\"justify\">\u00a0<\/div><div align=\"justify\">Jau prad\u0117ti vartoti citokinai, kurie prakti\u0161kai jau taikomi vis\u0173 sergan\u010di\u0173j\u0173 onkologin\u0117mis ir hematologin\u0117mis ligomis gydymo kokybei pagerinti. Gydyti buvo prad\u0117ta naujais antibiotikais, naujais preparatais nuo grybelio.<\/div><div align=\"justify\">\u00a0<\/div><div align=\"justify\">Neseniai su kolegomis dalyvavome Baltijos \u0161ali\u0173 hematolog\u0173 suva\u017eiavime Taline. Jo metu buvo perskaityti 3 vaik\u0173 hematolog\u0173 parengti mokslo darbai, pristatyti 2 skyriuje parengti stendiniai prane\u0161imai. Taip pat buvo surengta ir vaik\u0173 onkohematolog\u0173 apvalaus stalo diskusija. Diskusijoje dalyvavo \u0160iaur\u0117s \u0161ali\u0173 &#8211; Norvegijos, \u0160vedijos, Suomijos specialistai. Jie pristat\u0117 naujus \u0160iaur\u0117s \u0161ali\u0173 vaik\u0173 leukemijos ir limfom\u0173 gydymo protokolus. Manau, mes gal\u0117sime i\u0161 j\u0173 nema\u017eai naudingo pritaikyti sau. Su Skandinavijos \u0161ali\u0173 kolegomis buvo diskutuojama ir apie tolesn\u0117s pagalbos mums galimybes. Buvo sutarta d\u0117l diagnostin\u0117s pagalbos &#8211; mes gal\u0117sime si\u0173sti jiems konsultuoti ligonius, kai yra neai\u0161k\u016bs ir sud\u0117tingi atvejai, med\u017eiagas ir m\u0117ginius i\u0161samesniems tyrimams atlikti, gauti elektronines konsultacijas ypa\u010d sud\u0117tingais atvejais. Konferencija buvo tikrai gera, dalyvavo 70 proc. kviestini\u0173 lektori\u0173, pristatyti naujausi m\u016bs\u0173 srities pasiekimai. Ta\u010diau viskas daugiausiai buvo skirta tik suaugusiesiems, vaik\u0173 hematologijos buvo tik viena sesija per tris dienas, to tikrai per ma\u017eai. Tad mes kartu su latviais ir estais galutinai nutar\u0117me kurti atskiras vaik\u0173 draugijas, o, kadangi m\u016bs\u0173 ne tiek daug (Lietuvoje yra 17 vaik\u0173 hematolog\u0173), su jomis \u012fsijungti \u012f \u0160iaur\u0117s \u0161ali\u0173 pediatr\u0173-onkohematolog\u0173 draugij\u0105. Tai, beje, mums si\u016bl\u0117 ir \u0160iaur\u0117s \u0161ali\u0173 kolegos apskirto stalo diskusij\u0173 metu.<\/div><div align=\"justify\">\u00a0<\/div><div align=\"justify\">D\u017eiugu, kad pastaruoju metu dvi m\u016bs\u0173 gydytojos tobulinasi NOPHO rengiamuose vaik\u0173 onkohematolog\u0173 kursuose, viena gr\u012f\u017eo i\u0161 sta\u017euot\u0117s Vokietijos Charite klinikoje, o kita i\u0161vyko ten tobulintis kaul\u0173 \u010diulp\u0173 transplantacijos srityje.<\/div><div align=\"justify\">\u00a0<\/div><div align=\"justify\">Pirmasis, steigiamasis, Lietuvos vaik\u0173 hematolog\u0173 suva\u017eiavimas vyks Utenoje, kur turime vaik\u0173 reabilitacijos centr\u0105. Daugiausiai bus kalbama apie vaik\u0173, sergan\u010di\u0173 hemofilija, profilaktin\u012f gydym\u0105, apie kai kuri\u0173 \u0161ios srities teis\u0117s akt\u0173 \u012fteisinim\u0105 Lietuvoje, bus pristatyta sergan\u010di\u0173j\u0173 hemofilija programa. Numatoma, kad ateityje m\u016bs\u0173 draugija \u012fsijungs \u012f \u0160iaur\u0117s \u0161ali\u0173 vaik\u0173 onkolog\u0173 pediatr\u0173 draugij\u0105. Tai mums, manau, bus naudinga.<\/div><div align=\"justify\">\u00a0<\/div><div align=\"justify\">Pagrindin\u0117s problemos i\u0161lieka tos pa\u010dios: gydymo ir diagnostini\u0173 tyrim\u0173 finansavimas bei vadybinio darbo gerinimas. Laukiame tos dienos, kai gal\u0117sime dirbti tik su ligoniu, o ne organizuoti medikament\u0173 tiekim\u0105, ie\u0161koti, kur ir kaip atlikti vien\u0105 ar kit\u0105 diagnostin\u012f tyrim\u0105 ar pildyti begal\u0119 dokument\u0173. B\u016bt\u0173 puiku, jei gydytojas i\u0161 savo atlyginimo gal\u0117t\u0173 prenumeruoti jam reikaling\u0105 literat\u016br\u0105, \u012fsigyti naujesn\u0119 monografij\u0105 ar u\u017e savo pinigus i\u0161vykti \u012f mokslin\u0119 konferencij\u0105.<\/div>\t\t\t\t\t\t\t\t<\/div>\n\t\t\t\t<\/div>\n\t\t\t\t\t<\/div>\n\t\t<\/div>\n\t\t\t\t\t<\/div>\n\t\t<\/section>\n\t\t\t\t<\/div>","protected":false},"excerpt":{"rendered":"<p>Straipsniai Onkologija. Doc. L. Ragelien\u0117: VU MF vaik\u0173 lig\u0173 klinika Pareng\u0117 Dalia Urbonien\u0117 \u201eGydymo menas&#8221; 2004 m. Nr. 7 Pasaulin\u0117je hematologijos praktikoje paskutiniu metu pla\u010diau prad\u0117ti vartoti monokloniniai antik\u016bnai, \u012fvair\u016bs citokinai, atsirado naujesn\u0117s kartos citostatik\u0173. \u012edomus dalykas yra terapija embrionin\u0117mis l\u0105stel\u0117mis. Manau, kad ateityje tai tur\u0117s didel\u0119 reik\u0161m\u0119 hematologijos praktikai.&nbsp;Lietuvoje tiek vaik\u0173 onkologijos, tiek hematologijos [&hellip;]<\/p>\n","protected":false},"author":1,"featured_media":0,"parent":3853,"menu_order":5,"comment_status":"closed","ping_status":"closed","template":"elementor_header_footer","meta":{"footnotes":""},"class_list":["post-3998","page","type-page","status-publish","hentry"],"yoast_head":"<!-- This site is optimized with the Yoast SEO plugin v27.3 - https:\/\/yoast.com\/product\/yoast-seo-wordpress\/ -->\n<title>VU MF vaik\u0173 lig\u0173 klinika - Labdaros ir paramos fondas \u201eRugut\u0117\u201c<\/title>\n<meta name=\"description\" content=\"Pasaulin\u0117je hematologijos praktikoje paskutiniu metu pla\u010diau prad\u0117ti vartoti monokloniniai antik\u016bnai... (Doc. L. Ragelien\u0117)\" \/>\n<meta name=\"robots\" content=\"index, follow, max-snippet:-1, max-image-preview:large, max-video-preview:-1\" \/>\n<link rel=\"canonical\" href=\"https:\/\/rugute.lt\/en\/informacija\/knygos-straipsniai\/vaiku-ligu-klinika\/\" \/>\n<meta property=\"og:locale\" content=\"en_GB\" \/>\n<meta property=\"og:type\" content=\"article\" \/>\n<meta property=\"og:title\" content=\"VU MF vaik\u0173 lig\u0173 klinika - Labdaros ir paramos fondas \u201eRugut\u0117\u201c\" \/>\n<meta property=\"og:description\" content=\"Pasaulin\u0117je hematologijos praktikoje paskutiniu metu pla\u010diau prad\u0117ti vartoti monokloniniai antik\u016bnai... (Doc. L. Ragelien\u0117)\" \/>\n<meta property=\"og:url\" content=\"https:\/\/rugute.lt\/en\/informacija\/knygos-straipsniai\/vaiku-ligu-klinika\/\" \/>\n<meta property=\"og:site_name\" content=\"Labdaros ir paramos fondas \u201eRugut\u0117\u201c\" \/>\n<meta property=\"article:publisher\" content=\"https:\/\/www.facebook.com\/rugute\/\" \/>\n<meta property=\"article:modified_time\" content=\"2022-01-12T08:39:41+00:00\" \/>\n<meta property=\"og:image\" content=\"https:\/\/rugute.lt\/wp-content\/uploads\/2019\/01\/rugute_logo_uzrasas.png\" \/>\n\t<meta property=\"og:image:width\" content=\"2000\" \/>\n\t<meta property=\"og:image:height\" content=\"646\" \/>\n\t<meta property=\"og:image:type\" content=\"image\/png\" \/>\n<meta name=\"twitter:card\" content=\"summary_large_image\" \/>\n<meta name=\"twitter:site\" content=\"@rugute\" \/>\n<meta name=\"twitter:label1\" content=\"Estimated reading time\" \/>\n\t<meta name=\"twitter:data1\" content=\"4 minutes\" \/>\n<script type=\"application\/ld+json\" class=\"yoast-schema-graph\">{\"@context\":\"https:\\\/\\\/schema.org\",\"@graph\":[{\"@type\":\"WebPage\",\"@id\":\"https:\\\/\\\/rugute.lt\\\/informacija\\\/knygos-straipsniai\\\/vaiku-ligu-klinika\\\/\",\"url\":\"https:\\\/\\\/rugute.lt\\\/informacija\\\/knygos-straipsniai\\\/vaiku-ligu-klinika\\\/\",\"name\":\"VU MF vaik\u0173 lig\u0173 klinika - Labdaros ir paramos fondas \u201eRugut\u0117\u201c\",\"isPartOf\":{\"@id\":\"https:\\\/\\\/rugute.lt\\\/#website\"},\"datePublished\":\"2020-04-15T21:46:57+00:00\",\"dateModified\":\"2022-01-12T08:39:41+00:00\",\"description\":\"Pasaulin\u0117je hematologijos praktikoje paskutiniu metu pla\u010diau prad\u0117ti vartoti monokloniniai antik\u016bnai... (Doc. L. Ragelien\u0117)\",\"breadcrumb\":{\"@id\":\"https:\\\/\\\/rugute.lt\\\/informacija\\\/knygos-straipsniai\\\/vaiku-ligu-klinika\\\/#breadcrumb\"},\"inLanguage\":\"en-GB\",\"potentialAction\":[{\"@type\":\"ReadAction\",\"target\":[\"https:\\\/\\\/rugute.lt\\\/informacija\\\/knygos-straipsniai\\\/vaiku-ligu-klinika\\\/\"]}]},{\"@type\":\"BreadcrumbList\",\"@id\":\"https:\\\/\\\/rugute.lt\\\/informacija\\\/knygos-straipsniai\\\/vaiku-ligu-klinika\\\/#breadcrumb\",\"itemListElement\":[{\"@type\":\"ListItem\",\"position\":1,\"name\":\"Prad\u017eia\",\"item\":\"https:\\\/\\\/rugute.lt\\\/\"},{\"@type\":\"ListItem\",\"position\":2,\"name\":\"Informacija\",\"item\":\"https:\\\/\\\/rugute.lt\\\/informacija\\\/\"},{\"@type\":\"ListItem\",\"position\":3,\"name\":\"Knygos ir straipsniai\",\"item\":\"https:\\\/\\\/rugute.lt\\\/informacija\\\/knygos-straipsniai\\\/\"},{\"@type\":\"ListItem\",\"position\":4,\"name\":\"VU MF vaik\u0173 lig\u0173 klinika\"}]},{\"@type\":\"WebSite\",\"@id\":\"https:\\\/\\\/rugute.lt\\\/#website\",\"url\":\"https:\\\/\\\/rugute.lt\\\/\",\"name\":\"Labdaros ir paramos fondas \u201eRugut\u0117\u201c\",\"description\":\"Parama vaikams sergantiems v\u0117\u017eiu\",\"publisher\":{\"@id\":\"https:\\\/\\\/rugute.lt\\\/#organization\"},\"potentialAction\":[{\"@type\":\"SearchAction\",\"target\":{\"@type\":\"EntryPoint\",\"urlTemplate\":\"https:\\\/\\\/rugute.lt\\\/?s={search_term_string}\"},\"query-input\":{\"@type\":\"PropertyValueSpecification\",\"valueRequired\":true,\"valueName\":\"search_term_string\"}}],\"inLanguage\":\"en-GB\"},{\"@type\":\"Organization\",\"@id\":\"https:\\\/\\\/rugute.lt\\\/#organization\",\"name\":\"Labdaros ir paramos fondas \u201eRugut\u0117\u201c\",\"url\":\"https:\\\/\\\/rugute.lt\\\/\",\"logo\":{\"@type\":\"ImageObject\",\"inLanguage\":\"en-GB\",\"@id\":\"https:\\\/\\\/rugute.lt\\\/#\\\/schema\\\/logo\\\/image\\\/\",\"url\":\"https:\\\/\\\/rugute.lt\\\/wp-content\\\/uploads\\\/2021\\\/09\\\/Rugute_logo-b.svg\",\"contentUrl\":\"https:\\\/\\\/rugute.lt\\\/wp-content\\\/uploads\\\/2021\\\/09\\\/Rugute_logo-b.svg\",\"width\":585,\"height\":583,\"caption\":\"Labdaros ir paramos fondas \u201eRugut\u0117\u201c\"},\"image\":{\"@id\":\"https:\\\/\\\/rugute.lt\\\/#\\\/schema\\\/logo\\\/image\\\/\"},\"sameAs\":[\"https:\\\/\\\/www.facebook.com\\\/rugute\\\/\",\"https:\\\/\\\/x.com\\\/rugute\",\"https:\\\/\\\/www.instagram.com\\\/rugute.lt\\\/\",\"https:\\\/\\\/www.linkedin.com\\\/company\\\/rugute\",\"https:\\\/\\\/www.youtube.com\\\/user\\\/Rugute\\\/videos\",\"https:\\\/\\\/lt.wikipedia.org\\\/wiki\\\/Rugut\u0117\"]}]}<\/script>\n<!-- \/ Yoast SEO plugin. -->","yoast_head_json":{"title":"VU MF vaik\u0173 lig\u0173 klinika - Labdaros ir paramos fondas \u201eRugut\u0117\u201c","description":"Pasaulin\u0117je hematologijos praktikoje paskutiniu metu pla\u010diau prad\u0117ti vartoti monokloniniai antik\u016bnai... (Doc. L. Ragelien\u0117)","robots":{"index":"index","follow":"follow","max-snippet":"max-snippet:-1","max-image-preview":"max-image-preview:large","max-video-preview":"max-video-preview:-1"},"canonical":"https:\/\/rugute.lt\/en\/informacija\/knygos-straipsniai\/vaiku-ligu-klinika\/","og_locale":"en_GB","og_type":"article","og_title":"VU MF vaik\u0173 lig\u0173 klinika - Labdaros ir paramos fondas \u201eRugut\u0117\u201c","og_description":"Pasaulin\u0117je hematologijos praktikoje paskutiniu metu pla\u010diau prad\u0117ti vartoti monokloniniai antik\u016bnai... (Doc. L. Ragelien\u0117)","og_url":"https:\/\/rugute.lt\/en\/informacija\/knygos-straipsniai\/vaiku-ligu-klinika\/","og_site_name":"Labdaros ir paramos fondas \u201eRugut\u0117\u201c","article_publisher":"https:\/\/www.facebook.com\/rugute\/","article_modified_time":"2022-01-12T08:39:41+00:00","og_image":[{"width":2000,"height":646,"url":"https:\/\/rugute.lt\/wp-content\/uploads\/2019\/01\/rugute_logo_uzrasas.png","type":"image\/png"}],"twitter_card":"summary_large_image","twitter_site":"@rugute","twitter_misc":{"Estimated reading time":"4 minutes"},"schema":{"@context":"https:\/\/schema.org","@graph":[{"@type":"WebPage","@id":"https:\/\/rugute.lt\/informacija\/knygos-straipsniai\/vaiku-ligu-klinika\/","url":"https:\/\/rugute.lt\/informacija\/knygos-straipsniai\/vaiku-ligu-klinika\/","name":"VU MF vaik\u0173 lig\u0173 klinika - Labdaros ir paramos fondas \u201eRugut\u0117\u201c","isPartOf":{"@id":"https:\/\/rugute.lt\/#website"},"datePublished":"2020-04-15T21:46:57+00:00","dateModified":"2022-01-12T08:39:41+00:00","description":"Pasaulin\u0117je hematologijos praktikoje paskutiniu metu pla\u010diau prad\u0117ti vartoti monokloniniai antik\u016bnai... (Doc. L. Ragelien\u0117)","breadcrumb":{"@id":"https:\/\/rugute.lt\/informacija\/knygos-straipsniai\/vaiku-ligu-klinika\/#breadcrumb"},"inLanguage":"en-GB","potentialAction":[{"@type":"ReadAction","target":["https:\/\/rugute.lt\/informacija\/knygos-straipsniai\/vaiku-ligu-klinika\/"]}]},{"@type":"BreadcrumbList","@id":"https:\/\/rugute.lt\/informacija\/knygos-straipsniai\/vaiku-ligu-klinika\/#breadcrumb","itemListElement":[{"@type":"ListItem","position":1,"name":"Prad\u017eia","item":"https:\/\/rugute.lt\/"},{"@type":"ListItem","position":2,"name":"Informacija","item":"https:\/\/rugute.lt\/informacija\/"},{"@type":"ListItem","position":3,"name":"Knygos ir straipsniai","item":"https:\/\/rugute.lt\/informacija\/knygos-straipsniai\/"},{"@type":"ListItem","position":4,"name":"VU MF vaik\u0173 lig\u0173 klinika"}]},{"@type":"WebSite","@id":"https:\/\/rugute.lt\/#website","url":"https:\/\/rugute.lt\/","name":"Childhood Cancer Fund Rugut\u0117","description":"Parama vaikams sergantiems v\u0117\u017eiu","publisher":{"@id":"https:\/\/rugute.lt\/#organization"},"potentialAction":[{"@type":"SearchAction","target":{"@type":"EntryPoint","urlTemplate":"https:\/\/rugute.lt\/?s={search_term_string}"},"query-input":{"@type":"PropertyValueSpecification","valueRequired":true,"valueName":"search_term_string"}}],"inLanguage":"en-GB"},{"@type":"Organization","@id":"https:\/\/rugute.lt\/#organization","name":"Childhood Cancer Fund Rugut\u0117","url":"https:\/\/rugute.lt\/","logo":{"@type":"ImageObject","inLanguage":"en-GB","@id":"https:\/\/rugute.lt\/#\/schema\/logo\/image\/","url":"https:\/\/rugute.lt\/wp-content\/uploads\/2021\/09\/Rugute_logo-b.svg","contentUrl":"https:\/\/rugute.lt\/wp-content\/uploads\/2021\/09\/Rugute_logo-b.svg","width":585,"height":583,"caption":"Labdaros ir paramos fondas \u201eRugut\u0117\u201c"},"image":{"@id":"https:\/\/rugute.lt\/#\/schema\/logo\/image\/"},"sameAs":["https:\/\/www.facebook.com\/rugute\/","https:\/\/x.com\/rugute","https:\/\/www.instagram.com\/rugute.lt\/","https:\/\/www.linkedin.com\/company\/rugute","https:\/\/www.youtube.com\/user\/Rugute\/videos","https:\/\/lt.wikipedia.org\/wiki\/Rugut\u0117"]}]}},"_links":{"self":[{"href":"https:\/\/rugute.lt\/en\/wp-json\/wp\/v2\/pages\/3998","targetHints":{"allow":["GET"]}}],"collection":[{"href":"https:\/\/rugute.lt\/en\/wp-json\/wp\/v2\/pages"}],"about":[{"href":"https:\/\/rugute.lt\/en\/wp-json\/wp\/v2\/types\/page"}],"author":[{"embeddable":true,"href":"https:\/\/rugute.lt\/en\/wp-json\/wp\/v2\/users\/1"}],"replies":[{"embeddable":true,"href":"https:\/\/rugute.lt\/en\/wp-json\/wp\/v2\/comments?post=3998"}],"version-history":[{"count":0,"href":"https:\/\/rugute.lt\/en\/wp-json\/wp\/v2\/pages\/3998\/revisions"}],"up":[{"embeddable":true,"href":"https:\/\/rugute.lt\/en\/wp-json\/wp\/v2\/pages\/3853"}],"wp:attachment":[{"href":"https:\/\/rugute.lt\/en\/wp-json\/wp\/v2\/media?parent=3998"}],"curies":[{"name":"wp","href":"https:\/\/api.w.org\/{rel}","templated":true}]}}