{"id":3937,"date":"2020-04-15T22:54:55","date_gmt":"2020-04-15T19:54:55","guid":{"rendered":"https:\/\/rugute.lt\/?page_id=3937"},"modified":"2022-01-12T10:14:34","modified_gmt":"2022-01-12T08:14:34","slug":"persirgus-piktaja-liga","status":"publish","type":"page","link":"https:\/\/rugute.lt\/en\/informacija\/vaikams-apie-liga\/persirgus-piktaja-liga\/","title":{"rendered":"Gyvenimas persirgus pikt\u0105ja liga"},"content":{"rendered":"<div data-elementor-type=\"wp-page\" data-elementor-id=\"3937\" class=\"elementor elementor-3937\" data-elementor-settings=\"{&quot;element_pack_global_tooltip_width&quot;:{&quot;unit&quot;:&quot;px&quot;,&quot;size&quot;:&quot;&quot;,&quot;sizes&quot;:[]},&quot;element_pack_global_tooltip_width_tablet&quot;:{&quot;unit&quot;:&quot;px&quot;,&quot;size&quot;:&quot;&quot;,&quot;sizes&quot;:[]},&quot;element_pack_global_tooltip_width_mobile&quot;:{&quot;unit&quot;:&quot;px&quot;,&quot;size&quot;:&quot;&quot;,&quot;sizes&quot;:[]},&quot;element_pack_global_tooltip_padding&quot;:{&quot;unit&quot;:&quot;px&quot;,&quot;top&quot;:&quot;&quot;,&quot;right&quot;:&quot;&quot;,&quot;bottom&quot;:&quot;&quot;,&quot;left&quot;:&quot;&quot;,&quot;isLinked&quot;:true},&quot;element_pack_global_tooltip_padding_tablet&quot;:{&quot;unit&quot;:&quot;px&quot;,&quot;top&quot;:&quot;&quot;,&quot;right&quot;:&quot;&quot;,&quot;bottom&quot;:&quot;&quot;,&quot;left&quot;:&quot;&quot;,&quot;isLinked&quot;:true},&quot;element_pack_global_tooltip_padding_mobile&quot;:{&quot;unit&quot;:&quot;px&quot;,&quot;top&quot;:&quot;&quot;,&quot;right&quot;:&quot;&quot;,&quot;bottom&quot;:&quot;&quot;,&quot;left&quot;:&quot;&quot;,&quot;isLinked&quot;:true},&quot;element_pack_global_tooltip_border_radius&quot;:{&quot;unit&quot;:&quot;px&quot;,&quot;top&quot;:&quot;&quot;,&quot;right&quot;:&quot;&quot;,&quot;bottom&quot;:&quot;&quot;,&quot;left&quot;:&quot;&quot;,&quot;isLinked&quot;:true},&quot;element_pack_global_tooltip_border_radius_tablet&quot;:{&quot;unit&quot;:&quot;px&quot;,&quot;top&quot;:&quot;&quot;,&quot;right&quot;:&quot;&quot;,&quot;bottom&quot;:&quot;&quot;,&quot;left&quot;:&quot;&quot;,&quot;isLinked&quot;:true},&quot;element_pack_global_tooltip_border_radius_mobile&quot;:{&quot;unit&quot;:&quot;px&quot;,&quot;top&quot;:&quot;&quot;,&quot;right&quot;:&quot;&quot;,&quot;bottom&quot;:&quot;&quot;,&quot;left&quot;:&quot;&quot;,&quot;isLinked&quot;:true}}\" data-elementor-post-type=\"page\">\n\t\t\t\t\t\t<section class=\"elementor-section elementor-top-section elementor-element elementor-element-4a2bdad4 elementor-section-content-middle elementor-section-boxed elementor-section-height-default elementor-section-height-default\" data-id=\"4a2bdad4\" data-element_type=\"section\" data-e-type=\"section\">\n\t\t\t\t\t\t<div class=\"elementor-container elementor-column-gap-no\">\n\t\t\t\t\t<div class=\"elementor-column elementor-col-100 elementor-top-column elementor-element elementor-element-585e0066\" data-id=\"585e0066\" data-element_type=\"column\" data-e-type=\"column\">\n\t\t\t<div class=\"elementor-widget-wrap elementor-element-populated\">\n\t\t\t\t\t\t<div class=\"elementor-element elementor-element-2ed863fa elementor-widget elementor-widget-heading\" data-id=\"2ed863fa\" data-element_type=\"widget\" data-e-type=\"widget\" data-widget_type=\"heading.default\">\n\t\t\t\t<div class=\"elementor-widget-container\">\n\t\t\t\t\t<h6 class=\"elementor-heading-title elementor-size-default\">Vaikams apie lig\u0105<\/h6>\t\t\t\t<\/div>\n\t\t\t\t<\/div>\n\t\t\t\t<div class=\"elementor-element elementor-element-1101ff6d elementor-widget elementor-widget-heading\" data-id=\"1101ff6d\" data-element_type=\"widget\" data-e-type=\"widget\" data-widget_type=\"heading.default\">\n\t\t\t\t<div class=\"elementor-widget-container\">\n\t\t\t\t\t<h1 class=\"elementor-heading-title elementor-size-default\">Gyvenimas persirgus pikt\u0105ja liga<\/h1>\t\t\t\t<\/div>\n\t\t\t\t<\/div>\n\t\t\t\t\t<\/div>\n\t\t<\/div>\n\t\t\t\t\t<\/div>\n\t\t<\/section>\n\t\t\t\t<section class=\"elementor-section elementor-top-section elementor-element elementor-element-42d335a elementor-section-boxed elementor-section-height-default elementor-section-height-default\" data-id=\"42d335a\" data-element_type=\"section\" data-e-type=\"section\">\n\t\t\t\t\t\t<div class=\"elementor-container elementor-column-gap-no\">\n\t\t\t\t\t<div class=\"elementor-column elementor-col-100 elementor-top-column elementor-element elementor-element-6410d36\" data-id=\"6410d36\" data-element_type=\"column\" data-e-type=\"column\">\n\t\t\t<div class=\"elementor-widget-wrap elementor-element-populated\">\n\t\t\t\t\t\t<div class=\"elementor-element elementor-element-b7f30ba elementor-widget elementor-widget-text-editor\" data-id=\"b7f30ba\" data-element_type=\"widget\" data-e-type=\"widget\" data-widget_type=\"text-editor.default\">\n\t\t\t\t<div class=\"elementor-widget-container\">\n\t\t\t\t\t\t\t\t\t<div align=\"justify\">Grei\u010diausiai tu \u0161i\u0105 knygel\u0119 skaitai savo ligos prad\u017eioje ir tau sunku \u012fsivaizduoti, kad gydymas kada nors baigsis. Ta\u010diau po ilg\u0173 pager\u0117jimo ir pablog\u0117jimo laikotarpi\u0173 taip ir bus. Tuomet bus labai gera ir tuo pa\u010diu keista.<\/div><div align=\"justify\">\u00a0<\/div><div align=\"justify\"><i>Paskutin\u0117 diena<\/i><\/div><div align=\"justify\">Gydytojas ir slaug\u0117s labai d\u0117l tav\u0119s d\u017eiaugsis, juk jie \u012fd\u0117jo daug darbo, kad tu pasveiktum. T\u0117vai irgi d\u017eiaugsis, ta\u010diau gali jausti ir \u0161iek tiek nerimo \u2013 po tiek tyrim\u0173 ir nuolatin\u0117s prie\u017ei\u016bros, viso to nebuvimas baugina. Tiek t\u0117vai, tiek vaikai da\u017eniausiai nerimauja, kad liga gali pasikartoti.<\/div><div align=\"justify\">\u00a0<\/div><div align=\"justify\">Kai kurie t\u0117vai paskutin\u0119 dien\u0105 nori ka\u017ekaip pa\u017eym\u0117ti \u2013 atne\u0161a tort\u0105 ar saldaini\u0173, o kiti kuo grei\u010diau su vaiku skuba namo. I\u0161vykdama(-s) visiems pad\u0117kok u\u017e gydym\u0105 ir prie\u017ei\u016br\u0105, gali padovanoti savo pie\u0161ini\u0173. Jei galite, i\u0161vykite su t\u0117vais paatostogauti.<\/div><div align=\"justify\">\u00a0<\/div><div align=\"justify\">Baigus gydym\u0105 vis dar reik\u0117s reguliariai pasitikrinti sveikat\u0105, atlikti kelis tyrimus. Pirmaisiais metais tai gali tekti daryti da\u017eniau \u2013 kas m\u0117nes\u012f ar du, v\u0117liau vis re\u010diau. Bet kurio vizito metu gali pasakyti, jei pajautei k\u0105 nors ne\u012fprasto, ar paklausti tau r\u016bpim\u0173 klausim\u0173. Jei d\u0117l gydymo tu neaugsi taip greitai, kaip tavo bendraam\u017eiai, tave gali nusi\u0173sti pas gydytoj\u0105 endokrinolog\u0105, kuris tau pad\u0117s.<\/div><div align=\"justify\">\u00a0<\/div><div align=\"justify\"><i>Visas lik\u0119s gyvenimas<\/i><\/div><div align=\"justify\">Kai i\u0161gysi, gyvenimas t\u0119sis toliau \u2013 tapsi paaugliu, v\u0117liau suaugusiu.<\/div><div align=\"justify\">\u00a0<\/div><div align=\"justify\">Tau gali kilti \u012fvairi\u0173 klausim\u0173:<\/div><div align=\"justify\">&#8211; Kod\u0117l a\u0161 buvau susirg\u0119s(-usi) v\u0117\u017eiu?<\/div><div align=\"justify\">&#8211; Ar tai atsitiko d\u0117l kokios nors prie\u017easties?<\/div><div align=\"justify\">&#8211; Ar tai padar\u0117 mane i\u0161tvermingesniu, geresniu?<\/div><div align=\"justify\">&#8211; Ar a\u0161 didvyris(-\u0117)?<\/div><div align=\"justify\">&#8211; Ar a\u0161 auka?<\/div><div align=\"justify\">\u00a0<\/div><div align=\"justify\">Skirtingi \u017emon\u0117s \u012fvairiai atsako \u012f \u0161iuos klausimus. Kaip buvo ra\u0161yta prad\u017eioje, tu esi unikalus(-i), tod\u0117l turi savo po\u017ei\u016br\u012f \u012f \u0161i\u0105 lig\u0105. Piktybin\u0117 liga nepakeit\u0117 tavo vidaus. Jis nepadar\u0117 tav\u0119s didvyriu ar auka, tiesiog tu esi \u017emogus, kuris i\u0161gyveno sunk\u0173 i\u0161bandym\u0105. Pana\u0161us \u012f tuos, kurie patyr\u0117 sunki\u0105 avarij\u0105 ar kit\u0105 nelaim\u0119. Visi vaikai savo gyvenime patiria ka\u017ek\u0105, kas lemia j\u0173 tolimesn\u012f gyvenim\u0105.<\/div><div align=\"justify\">\u00a0<\/div><div align=\"justify\">Gydydamasi(-s) tu daug i\u0161mokai ir su\u017einojai, pavyzd\u017eiui, kaip greitai gyvenimas gali apsiversti auk\u0161tyn kojom ir kokiam dideliam \u017emoni\u0173 b\u016briui tu r\u016bpi. Daugelis vaik\u0173 pasibaigus gydymui supranta, kad liga teigiamai pakeit\u0117 j\u0173 gyvenim\u0105. Kai kurie i\u0161 j\u0173 u\u017eaug\u0119 tampa gydytojais, slaug\u0117mis, psichologais. Jie nebepergyvena d\u0117l nereik\u0161ming\u0173 dalyk\u0173 ir d\u017eiaugiasi tuo, kas \u012fvyksta gero j\u0173 gyvenime. \u017dod\u017eiu, n\u0117ra to blogo, kas nei\u0161eit\u0173 \u012f gera.<\/div><div align=\"justify\">\u00a0<\/div><div align=\"justify\">S\u0117km\u0117s!<\/div>\t\t\t\t\t\t\t\t<\/div>\n\t\t\t\t<\/div>\n\t\t\t\t\t<\/div>\n\t\t<\/div>\n\t\t\t\t\t<\/div>\n\t\t<\/section>\n\t\t\t\t<\/div>","protected":false},"excerpt":{"rendered":"<p>Vaikams apie lig\u0105 Gyvenimas persirgus pikt\u0105ja liga Grei\u010diausiai tu \u0161i\u0105 knygel\u0119 skaitai savo ligos prad\u017eioje ir tau sunku \u012fsivaizduoti, kad gydymas kada nors baigsis. Ta\u010diau po ilg\u0173 pager\u0117jimo ir pablog\u0117jimo laikotarpi\u0173 taip ir bus. Tuomet bus labai gera ir tuo pa\u010diu keista.&nbsp;Paskutin\u0117 dienaGydytojas ir slaug\u0117s labai d\u0117l tav\u0119s d\u017eiaugsis, juk jie \u012fd\u0117jo daug darbo, kad [&hellip;]<\/p>\n","protected":false},"author":1,"featured_media":0,"parent":3845,"menu_order":7,"comment_status":"closed","ping_status":"closed","template":"elementor_header_footer","meta":{"footnotes":""},"class_list":["post-3937","page","type-page","status-publish","hentry"],"yoast_head":"<!-- This site is optimized with the Yoast SEO plugin v27.3 - https:\/\/yoast.com\/product\/yoast-seo-wordpress\/ -->\n<title>Gyvenimas persirgus pikt\u0105ja liga - Labdaros ir paramos fondas \u201eRugut\u0117\u201c<\/title>\n<meta name=\"description\" content=\"Baigus gydym\u0105 vis dar reik\u0117s reguliariai pasitikrinti sveikat\u0105, atlikti kelis tyrimus. Pirmaisiais metais tai gali tekti daryti da\u017eniau...\" \/>\n<meta name=\"robots\" content=\"index, follow, max-snippet:-1, max-image-preview:large, max-video-preview:-1\" \/>\n<link rel=\"canonical\" href=\"https:\/\/rugute.lt\/en\/informacija\/vaikams-apie-liga\/persirgus-piktaja-liga\/\" \/>\n<meta property=\"og:locale\" content=\"en_GB\" \/>\n<meta property=\"og:type\" content=\"article\" \/>\n<meta property=\"og:title\" content=\"Gyvenimas persirgus pikt\u0105ja liga - Labdaros ir paramos fondas \u201eRugut\u0117\u201c\" \/>\n<meta property=\"og:description\" content=\"Baigus gydym\u0105 vis dar reik\u0117s reguliariai pasitikrinti sveikat\u0105, atlikti kelis tyrimus. Pirmaisiais metais tai gali tekti daryti da\u017eniau...\" \/>\n<meta property=\"og:url\" content=\"https:\/\/rugute.lt\/en\/informacija\/vaikams-apie-liga\/persirgus-piktaja-liga\/\" \/>\n<meta property=\"og:site_name\" content=\"Labdaros ir paramos fondas \u201eRugut\u0117\u201c\" \/>\n<meta property=\"article:publisher\" content=\"https:\/\/www.facebook.com\/rugute\/\" \/>\n<meta property=\"article:modified_time\" content=\"2022-01-12T08:14:34+00:00\" \/>\n<meta property=\"og:image\" content=\"https:\/\/rugute.lt\/wp-content\/uploads\/2019\/01\/rugute_logo_uzrasas.png\" \/>\n\t<meta property=\"og:image:width\" content=\"2000\" \/>\n\t<meta property=\"og:image:height\" content=\"646\" \/>\n\t<meta property=\"og:image:type\" content=\"image\/png\" \/>\n<meta name=\"twitter:card\" content=\"summary_large_image\" \/>\n<meta name=\"twitter:site\" content=\"@rugute\" \/>\n<meta name=\"twitter:label1\" content=\"Estimated reading time\" \/>\n\t<meta name=\"twitter:data1\" content=\"2 minutes\" \/>\n<script type=\"application\/ld+json\" class=\"yoast-schema-graph\">{\"@context\":\"https:\\\/\\\/schema.org\",\"@graph\":[{\"@type\":\"WebPage\",\"@id\":\"https:\\\/\\\/rugute.lt\\\/informacija\\\/vaikams-apie-liga\\\/persirgus-piktaja-liga\\\/\",\"url\":\"https:\\\/\\\/rugute.lt\\\/informacija\\\/vaikams-apie-liga\\\/persirgus-piktaja-liga\\\/\",\"name\":\"Gyvenimas persirgus pikt\u0105ja liga - Labdaros ir paramos fondas \u201eRugut\u0117\u201c\",\"isPartOf\":{\"@id\":\"https:\\\/\\\/rugute.lt\\\/#website\"},\"datePublished\":\"2020-04-15T19:54:55+00:00\",\"dateModified\":\"2022-01-12T08:14:34+00:00\",\"description\":\"Baigus gydym\u0105 vis dar reik\u0117s reguliariai pasitikrinti sveikat\u0105, atlikti kelis tyrimus. Pirmaisiais metais tai gali tekti daryti da\u017eniau...\",\"breadcrumb\":{\"@id\":\"https:\\\/\\\/rugute.lt\\\/informacija\\\/vaikams-apie-liga\\\/persirgus-piktaja-liga\\\/#breadcrumb\"},\"inLanguage\":\"en-GB\",\"potentialAction\":[{\"@type\":\"ReadAction\",\"target\":[\"https:\\\/\\\/rugute.lt\\\/informacija\\\/vaikams-apie-liga\\\/persirgus-piktaja-liga\\\/\"]}]},{\"@type\":\"BreadcrumbList\",\"@id\":\"https:\\\/\\\/rugute.lt\\\/informacija\\\/vaikams-apie-liga\\\/persirgus-piktaja-liga\\\/#breadcrumb\",\"itemListElement\":[{\"@type\":\"ListItem\",\"position\":1,\"name\":\"Prad\u017eia\",\"item\":\"https:\\\/\\\/rugute.lt\\\/\"},{\"@type\":\"ListItem\",\"position\":2,\"name\":\"Informacija\",\"item\":\"https:\\\/\\\/rugute.lt\\\/informacija\\\/\"},{\"@type\":\"ListItem\",\"position\":3,\"name\":\"Vaikams apie lig\u0105\",\"item\":\"https:\\\/\\\/rugute.lt\\\/informacija\\\/vaikams-apie-liga\\\/\"},{\"@type\":\"ListItem\",\"position\":4,\"name\":\"Gyvenimas persirgus pikt\u0105ja liga\"}]},{\"@type\":\"WebSite\",\"@id\":\"https:\\\/\\\/rugute.lt\\\/#website\",\"url\":\"https:\\\/\\\/rugute.lt\\\/\",\"name\":\"Labdaros ir paramos fondas \u201eRugut\u0117\u201c\",\"description\":\"Parama vaikams sergantiems v\u0117\u017eiu\",\"publisher\":{\"@id\":\"https:\\\/\\\/rugute.lt\\\/#organization\"},\"potentialAction\":[{\"@type\":\"SearchAction\",\"target\":{\"@type\":\"EntryPoint\",\"urlTemplate\":\"https:\\\/\\\/rugute.lt\\\/?s={search_term_string}\"},\"query-input\":{\"@type\":\"PropertyValueSpecification\",\"valueRequired\":true,\"valueName\":\"search_term_string\"}}],\"inLanguage\":\"en-GB\"},{\"@type\":\"Organization\",\"@id\":\"https:\\\/\\\/rugute.lt\\\/#organization\",\"name\":\"Labdaros ir paramos fondas \u201eRugut\u0117\u201c\",\"url\":\"https:\\\/\\\/rugute.lt\\\/\",\"logo\":{\"@type\":\"ImageObject\",\"inLanguage\":\"en-GB\",\"@id\":\"https:\\\/\\\/rugute.lt\\\/#\\\/schema\\\/logo\\\/image\\\/\",\"url\":\"https:\\\/\\\/rugute.lt\\\/wp-content\\\/uploads\\\/2021\\\/09\\\/Rugute_logo-b.svg\",\"contentUrl\":\"https:\\\/\\\/rugute.lt\\\/wp-content\\\/uploads\\\/2021\\\/09\\\/Rugute_logo-b.svg\",\"width\":585,\"height\":583,\"caption\":\"Labdaros ir paramos fondas \u201eRugut\u0117\u201c\"},\"image\":{\"@id\":\"https:\\\/\\\/rugute.lt\\\/#\\\/schema\\\/logo\\\/image\\\/\"},\"sameAs\":[\"https:\\\/\\\/www.facebook.com\\\/rugute\\\/\",\"https:\\\/\\\/x.com\\\/rugute\",\"https:\\\/\\\/www.instagram.com\\\/rugute.lt\\\/\",\"https:\\\/\\\/www.linkedin.com\\\/company\\\/rugute\",\"https:\\\/\\\/www.youtube.com\\\/user\\\/Rugute\\\/videos\",\"https:\\\/\\\/lt.wikipedia.org\\\/wiki\\\/Rugut\u0117\"]}]}<\/script>\n<!-- \/ Yoast SEO plugin. -->","yoast_head_json":{"title":"Gyvenimas persirgus pikt\u0105ja liga - Labdaros ir paramos fondas \u201eRugut\u0117\u201c","description":"Baigus gydym\u0105 vis dar reik\u0117s reguliariai pasitikrinti sveikat\u0105, atlikti kelis tyrimus. Pirmaisiais metais tai gali tekti daryti da\u017eniau...","robots":{"index":"index","follow":"follow","max-snippet":"max-snippet:-1","max-image-preview":"max-image-preview:large","max-video-preview":"max-video-preview:-1"},"canonical":"https:\/\/rugute.lt\/en\/informacija\/vaikams-apie-liga\/persirgus-piktaja-liga\/","og_locale":"en_GB","og_type":"article","og_title":"Gyvenimas persirgus pikt\u0105ja liga - Labdaros ir paramos fondas \u201eRugut\u0117\u201c","og_description":"Baigus gydym\u0105 vis dar reik\u0117s reguliariai pasitikrinti sveikat\u0105, atlikti kelis tyrimus. Pirmaisiais metais tai gali tekti daryti da\u017eniau...","og_url":"https:\/\/rugute.lt\/en\/informacija\/vaikams-apie-liga\/persirgus-piktaja-liga\/","og_site_name":"Labdaros ir paramos fondas \u201eRugut\u0117\u201c","article_publisher":"https:\/\/www.facebook.com\/rugute\/","article_modified_time":"2022-01-12T08:14:34+00:00","og_image":[{"width":2000,"height":646,"url":"https:\/\/rugute.lt\/wp-content\/uploads\/2019\/01\/rugute_logo_uzrasas.png","type":"image\/png"}],"twitter_card":"summary_large_image","twitter_site":"@rugute","twitter_misc":{"Estimated reading time":"2 minutes"},"schema":{"@context":"https:\/\/schema.org","@graph":[{"@type":"WebPage","@id":"https:\/\/rugute.lt\/informacija\/vaikams-apie-liga\/persirgus-piktaja-liga\/","url":"https:\/\/rugute.lt\/informacija\/vaikams-apie-liga\/persirgus-piktaja-liga\/","name":"Gyvenimas persirgus pikt\u0105ja liga - Labdaros ir paramos fondas \u201eRugut\u0117\u201c","isPartOf":{"@id":"https:\/\/rugute.lt\/#website"},"datePublished":"2020-04-15T19:54:55+00:00","dateModified":"2022-01-12T08:14:34+00:00","description":"Baigus gydym\u0105 vis dar reik\u0117s reguliariai pasitikrinti sveikat\u0105, atlikti kelis tyrimus. Pirmaisiais metais tai gali tekti daryti da\u017eniau...","breadcrumb":{"@id":"https:\/\/rugute.lt\/informacija\/vaikams-apie-liga\/persirgus-piktaja-liga\/#breadcrumb"},"inLanguage":"en-GB","potentialAction":[{"@type":"ReadAction","target":["https:\/\/rugute.lt\/informacija\/vaikams-apie-liga\/persirgus-piktaja-liga\/"]}]},{"@type":"BreadcrumbList","@id":"https:\/\/rugute.lt\/informacija\/vaikams-apie-liga\/persirgus-piktaja-liga\/#breadcrumb","itemListElement":[{"@type":"ListItem","position":1,"name":"Prad\u017eia","item":"https:\/\/rugute.lt\/"},{"@type":"ListItem","position":2,"name":"Informacija","item":"https:\/\/rugute.lt\/informacija\/"},{"@type":"ListItem","position":3,"name":"Vaikams apie lig\u0105","item":"https:\/\/rugute.lt\/informacija\/vaikams-apie-liga\/"},{"@type":"ListItem","position":4,"name":"Gyvenimas persirgus pikt\u0105ja liga"}]},{"@type":"WebSite","@id":"https:\/\/rugute.lt\/#website","url":"https:\/\/rugute.lt\/","name":"Childhood Cancer Fund Rugut\u0117","description":"Parama vaikams sergantiems v\u0117\u017eiu","publisher":{"@id":"https:\/\/rugute.lt\/#organization"},"potentialAction":[{"@type":"SearchAction","target":{"@type":"EntryPoint","urlTemplate":"https:\/\/rugute.lt\/?s={search_term_string}"},"query-input":{"@type":"PropertyValueSpecification","valueRequired":true,"valueName":"search_term_string"}}],"inLanguage":"en-GB"},{"@type":"Organization","@id":"https:\/\/rugute.lt\/#organization","name":"Childhood Cancer Fund Rugut\u0117","url":"https:\/\/rugute.lt\/","logo":{"@type":"ImageObject","inLanguage":"en-GB","@id":"https:\/\/rugute.lt\/#\/schema\/logo\/image\/","url":"https:\/\/rugute.lt\/wp-content\/uploads\/2021\/09\/Rugute_logo-b.svg","contentUrl":"https:\/\/rugute.lt\/wp-content\/uploads\/2021\/09\/Rugute_logo-b.svg","width":585,"height":583,"caption":"Labdaros ir paramos fondas \u201eRugut\u0117\u201c"},"image":{"@id":"https:\/\/rugute.lt\/#\/schema\/logo\/image\/"},"sameAs":["https:\/\/www.facebook.com\/rugute\/","https:\/\/x.com\/rugute","https:\/\/www.instagram.com\/rugute.lt\/","https:\/\/www.linkedin.com\/company\/rugute","https:\/\/www.youtube.com\/user\/Rugute\/videos","https:\/\/lt.wikipedia.org\/wiki\/Rugut\u0117"]}]}},"_links":{"self":[{"href":"https:\/\/rugute.lt\/en\/wp-json\/wp\/v2\/pages\/3937","targetHints":{"allow":["GET"]}}],"collection":[{"href":"https:\/\/rugute.lt\/en\/wp-json\/wp\/v2\/pages"}],"about":[{"href":"https:\/\/rugute.lt\/en\/wp-json\/wp\/v2\/types\/page"}],"author":[{"embeddable":true,"href":"https:\/\/rugute.lt\/en\/wp-json\/wp\/v2\/users\/1"}],"replies":[{"embeddable":true,"href":"https:\/\/rugute.lt\/en\/wp-json\/wp\/v2\/comments?post=3937"}],"version-history":[{"count":0,"href":"https:\/\/rugute.lt\/en\/wp-json\/wp\/v2\/pages\/3937\/revisions"}],"up":[{"embeddable":true,"href":"https:\/\/rugute.lt\/en\/wp-json\/wp\/v2\/pages\/3845"}],"wp:attachment":[{"href":"https:\/\/rugute.lt\/en\/wp-json\/wp\/v2\/media?parent=3937"}],"curies":[{"name":"wp","href":"https:\/\/api.w.org\/{rel}","templated":true}]}}