{"id":3829,"date":"2020-04-14T16:12:06","date_gmt":"2020-04-14T13:12:06","guid":{"rendered":"https:\/\/rugute.lt\/?page_id=3829"},"modified":"2022-01-12T11:09:38","modified_gmt":"2022-01-12T09:09:38","slug":"atkrytis","status":"publish","type":"page","link":"https:\/\/rugute.lt\/en\/informacija\/bendra-informacija\/atkrytis\/","title":{"rendered":"Atkrytis"},"content":{"rendered":"<div data-elementor-type=\"wp-page\" data-elementor-id=\"3829\" class=\"elementor elementor-3829\" data-elementor-settings=\"{&quot;element_pack_global_tooltip_width&quot;:{&quot;unit&quot;:&quot;px&quot;,&quot;size&quot;:&quot;&quot;,&quot;sizes&quot;:[]},&quot;element_pack_global_tooltip_width_tablet&quot;:{&quot;unit&quot;:&quot;px&quot;,&quot;size&quot;:&quot;&quot;,&quot;sizes&quot;:[]},&quot;element_pack_global_tooltip_width_mobile&quot;:{&quot;unit&quot;:&quot;px&quot;,&quot;size&quot;:&quot;&quot;,&quot;sizes&quot;:[]},&quot;element_pack_global_tooltip_padding&quot;:{&quot;unit&quot;:&quot;px&quot;,&quot;top&quot;:&quot;&quot;,&quot;right&quot;:&quot;&quot;,&quot;bottom&quot;:&quot;&quot;,&quot;left&quot;:&quot;&quot;,&quot;isLinked&quot;:true},&quot;element_pack_global_tooltip_padding_tablet&quot;:{&quot;unit&quot;:&quot;px&quot;,&quot;top&quot;:&quot;&quot;,&quot;right&quot;:&quot;&quot;,&quot;bottom&quot;:&quot;&quot;,&quot;left&quot;:&quot;&quot;,&quot;isLinked&quot;:true},&quot;element_pack_global_tooltip_padding_mobile&quot;:{&quot;unit&quot;:&quot;px&quot;,&quot;top&quot;:&quot;&quot;,&quot;right&quot;:&quot;&quot;,&quot;bottom&quot;:&quot;&quot;,&quot;left&quot;:&quot;&quot;,&quot;isLinked&quot;:true},&quot;element_pack_global_tooltip_border_radius&quot;:{&quot;unit&quot;:&quot;px&quot;,&quot;top&quot;:&quot;&quot;,&quot;right&quot;:&quot;&quot;,&quot;bottom&quot;:&quot;&quot;,&quot;left&quot;:&quot;&quot;,&quot;isLinked&quot;:true},&quot;element_pack_global_tooltip_border_radius_tablet&quot;:{&quot;unit&quot;:&quot;px&quot;,&quot;top&quot;:&quot;&quot;,&quot;right&quot;:&quot;&quot;,&quot;bottom&quot;:&quot;&quot;,&quot;left&quot;:&quot;&quot;,&quot;isLinked&quot;:true},&quot;element_pack_global_tooltip_border_radius_mobile&quot;:{&quot;unit&quot;:&quot;px&quot;,&quot;top&quot;:&quot;&quot;,&quot;right&quot;:&quot;&quot;,&quot;bottom&quot;:&quot;&quot;,&quot;left&quot;:&quot;&quot;,&quot;isLinked&quot;:true}}\" data-elementor-post-type=\"page\">\n\t\t\t\t\t\t<section class=\"elementor-section elementor-top-section elementor-element elementor-element-4a2bdad4 elementor-section-content-middle elementor-section-boxed elementor-section-height-default elementor-section-height-default\" data-id=\"4a2bdad4\" data-element_type=\"section\" data-e-type=\"section\">\n\t\t\t\t\t\t<div class=\"elementor-container elementor-column-gap-no\">\n\t\t\t\t\t<div class=\"elementor-column elementor-col-50 elementor-top-column elementor-element elementor-element-585e0066\" data-id=\"585e0066\" data-element_type=\"column\" data-e-type=\"column\">\n\t\t\t<div class=\"elementor-widget-wrap elementor-element-populated\">\n\t\t\t\t\t\t<div class=\"elementor-element elementor-element-2ed863fa elementor-widget elementor-widget-heading\" data-id=\"2ed863fa\" data-element_type=\"widget\" data-e-type=\"widget\" data-widget_type=\"heading.default\">\n\t\t\t\t<div class=\"elementor-widget-container\">\n\t\t\t\t\t<h6 class=\"elementor-heading-title elementor-size-default\">Bendra informacija <\/h6>\t\t\t\t<\/div>\n\t\t\t\t<\/div>\n\t\t\t\t<div class=\"elementor-element elementor-element-1101ff6d elementor-widget elementor-widget-heading\" data-id=\"1101ff6d\" data-element_type=\"widget\" data-e-type=\"widget\" data-widget_type=\"heading.default\">\n\t\t\t\t<div class=\"elementor-widget-container\">\n\t\t\t\t\t<h1 class=\"elementor-heading-title elementor-size-default\">Atkrytis (recidyvas)<\/h1>\t\t\t\t<\/div>\n\t\t\t\t<\/div>\n\t\t\t\t<div class=\"elementor-element elementor-element-b7f30ba elementor-widget elementor-widget-text-editor\" data-id=\"b7f30ba\" data-element_type=\"widget\" data-e-type=\"widget\" data-widget_type=\"text-editor.default\">\n\t\t\t\t<div class=\"elementor-widget-container\">\n\t\t\t\t\t\t\t\t\t<p style=\"text-align: justify;\">T\u0117vai vaiko ligos atkryt\u012f da\u017enai apib\u016bdina kaip dar labiau gniu\u017edant\u012f, nei susid\u016brim\u0105 su liga pirm\u0105 kart\u0105. Jie jau\u010diasi apgauti ir mano, jog veltui vert\u0117 vaik\u0105 praeiti t\u0105 pragar\u0105. Jie bijo, nes \u017eino, kad ligos pasikartojimas \u2013 labai rimta problema. Sugr\u012f\u017eta pyktis \u2013 jei dar\u0117 visk\u0105, k\u0105 liep\u0117 gydytojas, tai kod\u0117l v\u0117\u017eys pasikartojo? Bijo, kad, jei pirmas gydymas nepad\u0117jo, nepad\u0117s ir antras. Garsiai nei\u0161sako, bet pagalvoja: \u201eJei mano vaikas mirs, kaip a\u0161 tai i\u0161gyvensiu?\u201c. Jei \u012fvyksta atkrytis, svarbu prisiminti vien\u0105 dalyk\u0105: j\u016bs jau ne tas \u017emogus, koks buvote pirm\u0105 kart\u0105 susid\u016br\u0119s su liga. J\u016bs jau t\u0105 pra\u0117jote, taigi \u017einote kur gauti medicinin\u0119 ir emocin\u0119 pagalb\u0105<\/p>\t\t\t\t\t\t\t\t<\/div>\n\t\t\t\t<\/div>\n\t\t\t\t\t<\/div>\n\t\t<\/div>\n\t\t\t\t<div class=\"elementor-column elementor-col-50 elementor-top-column elementor-element elementor-element-17f1fd3e\" data-id=\"17f1fd3e\" data-element_type=\"column\" data-e-type=\"column\">\n\t\t\t<div class=\"elementor-widget-wrap elementor-element-populated\">\n\t\t\t\t\t\t<div class=\"elementor-element elementor-element-ecf81d0 elementor-widget elementor-widget-bdt-accordion\" data-id=\"ecf81d0\" data-element_type=\"widget\" data-e-type=\"widget\" data-widget_type=\"bdt-accordion.default\">\n\t\t\t\t<div class=\"elementor-widget-container\">\n\t\t\t\t\t\t\t<div class=\"bdt-ep-accordion-container\">\n\t\t\t<div id=\"bdt-ep-accordion-ecf81d0\" class=\"bdt-ep-accordion bdt-accordion\" data-bdt-accordion=\"{&quot;collapsible&quot;:true,&quot;multiple&quot;:false,&quot;animation&quot;:true,&quot;transition&quot;:&quot;ease-in-out&quot;,&quot;duration&quot;:200}\" \t\tdata-settings=\"{&quot;id&quot;:&quot;bdt-ep-accordion-ecf81d0&quot;,&quot;activeHash&quot;:&quot;no&quot;,&quot;activeScrollspy&quot;:null,&quot;hashTopOffset&quot;:false,&quot;hashScrollspyTime&quot;:false,&quot;closeAllItemsOnMobile&quot;:false}\">\n\t\t\t\t\t\t\t\t\t<div class=\"bdt-ep-accordion-item\">\n\t\t\t\t\t\t<div\t\t\t\t\t\t\tclass=\"bdt-ep-accordion-title bdt-accordion-title bdt-flex bdt-flex-middle\" id=\"bdt-ep-accordion-poymiai-ir-simptomai\"\n\t\t\t\t\t\t\tdata-accordion-index=\"0\" data-title=\"po-ymiai-ir-simptomai\">\n\n\t\t\t\t\t\t\t\t\t\t\t\t\t\t\t<span class=\"bdt-ep-accordion-icon bdt-flex-align-left\"\n\t\t\t\t\t\t\t\t\taria-hidden=\"true\">\n\n\t\t\t\t\t\t\t\t\t\t\t\t\t\t\t\t\t\t\t<span class=\"bdt-ep-accordion-icon-closed\">\n\t\t\t\t\t\t\t\t\t\t\t<i aria-hidden=\"true\" class=\"fa-fw fas fa-caret-right\"><\/i>\t\t\t\t\t\t\t\t\t\t<\/span>\n\t\t\t\t\t\t\t\t\t\n\t\t\t\t\t\t\t\t\t\t\t\t\t\t\t\t\t\t\t<span class=\"bdt-ep-accordion-icon-opened\">\n\t\t\t\t\t\t\t\t\t\t\t<i aria-hidden=\"true\" class=\"fa-fw fas fa-caret-up\"><\/i>\t\t\t\t\t\t\t\t\t\t<\/span>\n\t\t\t\t\t\t\t\t\t\n\t\t\t\t\t\t\t\t<\/span>\n\t\t\t\t\t\t\t\n\t\t\t\t\t\t\t<span role=\"heading\" class=\"bdt-ep-title-text bdt-flex-inline bdt-flex-middle\" >\n\n\t\t\t\t\t\t\t\t\t\t\t\t\t\t\t\tPo\u017eymiai ir simptomai\t\t\t\t\t\t\t<\/span>\n\n\t\t\t\t\t\t<\/div>\n\t\t\t\t\t\t<div class=\"bdt-ep-accordion-content bdt-accordion-content\">\n\t\t\t\t\t\t\t<p>Atkrytis gali \u012fvykti bet kuriuo gydymo momentu ar jam pasibaigus. Atsiranda visi ar dalis simptom\u0173, kurie pasirei\u0161k\u0117 susirgus pirm\u0105 kart\u0105: bendras nuovargis, apetito stoka, odos bly\u0161kumas, galvos svaigimas, dusulys, skausmas, m\u0117lyni\u0173 ar guzelio atsiradimas, blu\u017enies ar kepen\u0173 padid\u0117jimas, elgesio pasikeitimas (pavyzd\u017eiui, padid\u0117j\u0119s dirglumas), \u0161lub\u010diojimas. Atsiminkite, kad daugelis i\u0161 \u0161i\u0173 simptom\u0173 gali b\u016bti ir d\u0117l paprast\u0173 vaiki\u0161k\u0173 lig\u0173, ta\u010diau geriau pasikonsultuokite su onkologu. Kartais neb\u016bna joki\u0173 ligos po\u017eymi\u0173, o apie atkryt\u012f t\u0117vai su\u017eino po eilinio vaiko sveikatos patikrinimo. V\u0117\u017eys gali atsinaujinti pradin\u0117je ar visai kitoje vietoje. Tai priklauso nuo jo tipo.<\/p>\t\t\t\t\t\t<\/div>\n\t\t\t\t\t<\/div>\n\t\t\t\t\t\t\t\t\t<div class=\"bdt-ep-accordion-item\">\n\t\t\t\t\t\t<div\t\t\t\t\t\t\tclass=\"bdt-ep-accordion-title bdt-accordion-title bdt-flex bdt-flex-middle\" id=\"bdt-ep-accordion-emocin-reakcija\"\n\t\t\t\t\t\t\tdata-accordion-index=\"1\" data-title=\"emocin-reakcija\">\n\n\t\t\t\t\t\t\t\t\t\t\t\t\t\t\t<span class=\"bdt-ep-accordion-icon bdt-flex-align-left\"\n\t\t\t\t\t\t\t\t\taria-hidden=\"true\">\n\n\t\t\t\t\t\t\t\t\t\t\t\t\t\t\t\t\t\t\t<span class=\"bdt-ep-accordion-icon-closed\">\n\t\t\t\t\t\t\t\t\t\t\t<i aria-hidden=\"true\" class=\"fa-fw fas fa-caret-right\"><\/i>\t\t\t\t\t\t\t\t\t\t<\/span>\n\t\t\t\t\t\t\t\t\t\n\t\t\t\t\t\t\t\t\t\t\t\t\t\t\t\t\t\t\t<span class=\"bdt-ep-accordion-icon-opened\">\n\t\t\t\t\t\t\t\t\t\t\t<i aria-hidden=\"true\" class=\"fa-fw fas fa-caret-up\"><\/i>\t\t\t\t\t\t\t\t\t\t<\/span>\n\t\t\t\t\t\t\t\t\t\n\t\t\t\t\t\t\t\t<\/span>\n\t\t\t\t\t\t\t\n\t\t\t\t\t\t\t<span role=\"heading\" class=\"bdt-ep-title-text bdt-flex-inline bdt-flex-middle\" >\n\n\t\t\t\t\t\t\t\t\t\t\t\t\t\t\t\tEmocin\u0117 reakcija\t\t\t\t\t\t\t<\/span>\n\n\t\t\t\t\t\t<\/div>\n\t\t\t\t\t\t<div class=\"bdt-ep-accordion-content bdt-accordion-content\">\n\t\t\t\t\t\t\t<p>T\u0117vai, kuri\u0173 vaikui \u012fvyko atkrytis, apie j\u012f kalba su ap\u010diuopiama baime. Net mintis apie j\u012f gali sukelti sunkiai nusakom\u0173 emocij\u0173 prover\u017e\u012f. Jie jau\u010dia sustingim\u0105, kalt\u0119, baim\u0119, pykt\u012f, sumi\u0161im\u0105, neigim\u0105, sielvart\u0105. Gali pasireik\u0161ti net fiziniai simptomai \u2013 galvos svaigimas, pykinimas, oro tr\u016bkumas, alpimas. T\u0117vai ne\u017eino, kaip papra\u0161yti vaiko v\u0117l visa tai i\u0161k\u0119sti ir kaip tai i\u0161k\u0119s patys. Jie svyruoja tarp optimizmo ir panikos.<\/p>\t\t\t\t\t\t<\/div>\n\t\t\t\t\t<\/div>\n\t\t\t\t\t\t\t\t\t<div class=\"bdt-ep-accordion-item\">\n\t\t\t\t\t\t<div\t\t\t\t\t\t\tclass=\"bdt-ep-accordion-title bdt-accordion-title bdt-flex bdt-flex-middle\" id=\"bdt-ep-accordion-pakartotinas-gydymas\"\n\t\t\t\t\t\t\tdata-accordion-index=\"2\" data-title=\"pakartotinas-gydymas\">\n\n\t\t\t\t\t\t\t\t\t\t\t\t\t\t\t<span class=\"bdt-ep-accordion-icon bdt-flex-align-left\"\n\t\t\t\t\t\t\t\t\taria-hidden=\"true\">\n\n\t\t\t\t\t\t\t\t\t\t\t\t\t\t\t\t\t\t\t<span class=\"bdt-ep-accordion-icon-closed\">\n\t\t\t\t\t\t\t\t\t\t\t<i aria-hidden=\"true\" class=\"fa-fw fas fa-caret-right\"><\/i>\t\t\t\t\t\t\t\t\t\t<\/span>\n\t\t\t\t\t\t\t\t\t\n\t\t\t\t\t\t\t\t\t\t\t\t\t\t\t\t\t\t\t<span class=\"bdt-ep-accordion-icon-opened\">\n\t\t\t\t\t\t\t\t\t\t\t<i aria-hidden=\"true\" class=\"fa-fw fas fa-caret-up\"><\/i>\t\t\t\t\t\t\t\t\t\t<\/span>\n\t\t\t\t\t\t\t\t\t\n\t\t\t\t\t\t\t\t<\/span>\n\t\t\t\t\t\t\t\n\t\t\t\t\t\t\t<span role=\"heading\" class=\"bdt-ep-title-text bdt-flex-inline bdt-flex-middle\" >\n\n\t\t\t\t\t\t\t\t\t\t\t\t\t\t\t\tPakartotinas gydymas\t\t\t\t\t\t\t<\/span>\n\n\t\t\t\t\t\t<\/div>\n\t\t\t\t\t\t<div class=\"bdt-ep-accordion-content bdt-accordion-content\">\n\t\t\t\t\t\t\t<p>Pasikartojus v\u0117\u017eiui, j\u012f v\u0117l reikia gydyti. Gydytojas gali si\u016blyti spindulin\u012f ar chirurgin\u012f gydym\u0105, stipresn\u0119 chemoterapij\u0105, imunoterapij\u0105, kaul\u0173 \u010diulp\u0173 arba kamienini\u0173 l\u0105steli\u0173 transplantacij\u0105. Sprend\u017eiama remiantis \u017einiomis, patirtimi, konsultacijomis su kitais vaik\u0173 onkologais. Nesivar\u017eykite paklausti, kod\u0117l si\u016blomas b\u016btent toks gydymas, kokie jo privalumai bei galimi \u0161alutiniai poveikiai.<\/p>\t\t\t\t\t\t<\/div>\n\t\t\t\t\t<\/div>\n\t\t\t\t\t\t\t<\/div>\n\t\t<\/div>\n\t\t\t\t\t\t<\/div>\n\t\t\t\t<\/div>\n\t\t\t\t\t<\/div>\n\t\t<\/div>\n\t\t\t\t\t<\/div>\n\t\t<\/section>\n\t\t\t\t<\/div>","protected":false},"excerpt":{"rendered":"<p>Bendra informacija Atkrytis (recidyvas) T\u0117vai vaiko ligos atkryt\u012f da\u017enai apib\u016bdina kaip dar labiau gniu\u017edant\u012f, nei susid\u016brim\u0105 su liga pirm\u0105 kart\u0105. Jie jau\u010diasi apgauti ir mano, jog veltui vert\u0117 vaik\u0105 praeiti t\u0105 pragar\u0105. Jie bijo, nes \u017eino, kad ligos pasikartojimas \u2013 labai rimta problema. Sugr\u012f\u017eta pyktis \u2013 jei dar\u0117 visk\u0105, k\u0105 liep\u0117 gydytojas, tai kod\u0117l v\u0117\u017eys [&hellip;]<\/p>\n","protected":false},"author":1,"featured_media":0,"parent":3734,"menu_order":13,"comment_status":"closed","ping_status":"closed","template":"elementor_header_footer","meta":{"footnotes":""},"class_list":["post-3829","page","type-page","status-publish","hentry"],"yoast_head":"<!-- This site is optimized with the Yoast SEO plugin v27.3 - https:\/\/yoast.com\/product\/yoast-seo-wordpress\/ -->\n<title>Atkrytis - Labdaros ir paramos fondas \u201eRugut\u0117\u201c<\/title>\n<meta name=\"description\" content=\"T\u0117vai vaiko ligos atkryt\u012f da\u017enai apib\u016bdina kaip dar labiau gniu\u017edant\u012f, nei susid\u016brim\u0105 su liga pirm\u0105 kart\u0105.\" \/>\n<meta name=\"robots\" content=\"index, follow, max-snippet:-1, max-image-preview:large, max-video-preview:-1\" \/>\n<link rel=\"canonical\" href=\"https:\/\/rugute.lt\/en\/informacija\/bendra-informacija\/atkrytis\/\" \/>\n<meta property=\"og:locale\" content=\"en_GB\" \/>\n<meta property=\"og:type\" content=\"article\" \/>\n<meta property=\"og:title\" content=\"Atkrytis - Labdaros ir paramos fondas \u201eRugut\u0117\u201c\" \/>\n<meta property=\"og:description\" content=\"T\u0117vai vaiko ligos atkryt\u012f da\u017enai apib\u016bdina kaip dar labiau gniu\u017edant\u012f, nei susid\u016brim\u0105 su liga pirm\u0105 kart\u0105.\" \/>\n<meta property=\"og:url\" content=\"https:\/\/rugute.lt\/en\/informacija\/bendra-informacija\/atkrytis\/\" \/>\n<meta property=\"og:site_name\" content=\"Labdaros ir paramos fondas \u201eRugut\u0117\u201c\" \/>\n<meta property=\"article:publisher\" content=\"https:\/\/www.facebook.com\/rugute\/\" \/>\n<meta property=\"article:modified_time\" content=\"2022-01-12T09:09:38+00:00\" \/>\n<meta property=\"og:image\" content=\"https:\/\/rugute.lt\/wp-content\/uploads\/2019\/01\/rugute_logo_uzrasas.png\" \/>\n\t<meta property=\"og:image:width\" content=\"2000\" \/>\n\t<meta property=\"og:image:height\" content=\"646\" \/>\n\t<meta property=\"og:image:type\" content=\"image\/png\" \/>\n<meta name=\"twitter:card\" content=\"summary_large_image\" \/>\n<meta name=\"twitter:site\" content=\"@rugute\" \/>\n<meta name=\"twitter:label1\" content=\"Estimated reading time\" \/>\n\t<meta name=\"twitter:data1\" content=\"2 minutes\" \/>\n<script type=\"application\/ld+json\" class=\"yoast-schema-graph\">{\"@context\":\"https:\\\/\\\/schema.org\",\"@graph\":[{\"@type\":\"WebPage\",\"@id\":\"https:\\\/\\\/rugute.lt\\\/informacija\\\/bendra-informacija\\\/atkrytis\\\/\",\"url\":\"https:\\\/\\\/rugute.lt\\\/informacija\\\/bendra-informacija\\\/atkrytis\\\/\",\"name\":\"Atkrytis - Labdaros ir paramos fondas \u201eRugut\u0117\u201c\",\"isPartOf\":{\"@id\":\"https:\\\/\\\/rugute.lt\\\/#website\"},\"datePublished\":\"2020-04-14T13:12:06+00:00\",\"dateModified\":\"2022-01-12T09:09:38+00:00\",\"description\":\"T\u0117vai vaiko ligos atkryt\u012f da\u017enai apib\u016bdina kaip dar labiau gniu\u017edant\u012f, nei susid\u016brim\u0105 su liga pirm\u0105 kart\u0105.\",\"breadcrumb\":{\"@id\":\"https:\\\/\\\/rugute.lt\\\/informacija\\\/bendra-informacija\\\/atkrytis\\\/#breadcrumb\"},\"inLanguage\":\"en-GB\",\"potentialAction\":[{\"@type\":\"ReadAction\",\"target\":[\"https:\\\/\\\/rugute.lt\\\/informacija\\\/bendra-informacija\\\/atkrytis\\\/\"]}]},{\"@type\":\"BreadcrumbList\",\"@id\":\"https:\\\/\\\/rugute.lt\\\/informacija\\\/bendra-informacija\\\/atkrytis\\\/#breadcrumb\",\"itemListElement\":[{\"@type\":\"ListItem\",\"position\":1,\"name\":\"Prad\u017eia\",\"item\":\"https:\\\/\\\/rugute.lt\\\/\"},{\"@type\":\"ListItem\",\"position\":2,\"name\":\"Informacija\",\"item\":\"https:\\\/\\\/rugute.lt\\\/informacija\\\/\"},{\"@type\":\"ListItem\",\"position\":3,\"name\":\"Bendra informacija\",\"item\":\"https:\\\/\\\/rugute.lt\\\/informacija\\\/bendra-informacija\\\/\"},{\"@type\":\"ListItem\",\"position\":4,\"name\":\"Atkrytis\"}]},{\"@type\":\"WebSite\",\"@id\":\"https:\\\/\\\/rugute.lt\\\/#website\",\"url\":\"https:\\\/\\\/rugute.lt\\\/\",\"name\":\"Labdaros ir paramos fondas \u201eRugut\u0117\u201c\",\"description\":\"Parama vaikams sergantiems v\u0117\u017eiu\",\"publisher\":{\"@id\":\"https:\\\/\\\/rugute.lt\\\/#organization\"},\"potentialAction\":[{\"@type\":\"SearchAction\",\"target\":{\"@type\":\"EntryPoint\",\"urlTemplate\":\"https:\\\/\\\/rugute.lt\\\/?s={search_term_string}\"},\"query-input\":{\"@type\":\"PropertyValueSpecification\",\"valueRequired\":true,\"valueName\":\"search_term_string\"}}],\"inLanguage\":\"en-GB\"},{\"@type\":\"Organization\",\"@id\":\"https:\\\/\\\/rugute.lt\\\/#organization\",\"name\":\"Labdaros ir paramos fondas \u201eRugut\u0117\u201c\",\"url\":\"https:\\\/\\\/rugute.lt\\\/\",\"logo\":{\"@type\":\"ImageObject\",\"inLanguage\":\"en-GB\",\"@id\":\"https:\\\/\\\/rugute.lt\\\/#\\\/schema\\\/logo\\\/image\\\/\",\"url\":\"https:\\\/\\\/rugute.lt\\\/wp-content\\\/uploads\\\/2021\\\/09\\\/Rugute_logo-b.svg\",\"contentUrl\":\"https:\\\/\\\/rugute.lt\\\/wp-content\\\/uploads\\\/2021\\\/09\\\/Rugute_logo-b.svg\",\"width\":585,\"height\":583,\"caption\":\"Labdaros ir paramos fondas \u201eRugut\u0117\u201c\"},\"image\":{\"@id\":\"https:\\\/\\\/rugute.lt\\\/#\\\/schema\\\/logo\\\/image\\\/\"},\"sameAs\":[\"https:\\\/\\\/www.facebook.com\\\/rugute\\\/\",\"https:\\\/\\\/x.com\\\/rugute\",\"https:\\\/\\\/www.instagram.com\\\/rugute.lt\\\/\",\"https:\\\/\\\/www.linkedin.com\\\/company\\\/rugute\",\"https:\\\/\\\/www.youtube.com\\\/user\\\/Rugute\\\/videos\",\"https:\\\/\\\/lt.wikipedia.org\\\/wiki\\\/Rugut\u0117\"]}]}<\/script>\n<!-- \/ Yoast SEO plugin. -->","yoast_head_json":{"title":"Atkrytis - Labdaros ir paramos fondas \u201eRugut\u0117\u201c","description":"T\u0117vai vaiko ligos atkryt\u012f da\u017enai apib\u016bdina kaip dar labiau gniu\u017edant\u012f, nei susid\u016brim\u0105 su liga pirm\u0105 kart\u0105.","robots":{"index":"index","follow":"follow","max-snippet":"max-snippet:-1","max-image-preview":"max-image-preview:large","max-video-preview":"max-video-preview:-1"},"canonical":"https:\/\/rugute.lt\/en\/informacija\/bendra-informacija\/atkrytis\/","og_locale":"en_GB","og_type":"article","og_title":"Atkrytis - Labdaros ir paramos fondas \u201eRugut\u0117\u201c","og_description":"T\u0117vai vaiko ligos atkryt\u012f da\u017enai apib\u016bdina kaip dar labiau gniu\u017edant\u012f, nei susid\u016brim\u0105 su liga pirm\u0105 kart\u0105.","og_url":"https:\/\/rugute.lt\/en\/informacija\/bendra-informacija\/atkrytis\/","og_site_name":"Labdaros ir paramos fondas \u201eRugut\u0117\u201c","article_publisher":"https:\/\/www.facebook.com\/rugute\/","article_modified_time":"2022-01-12T09:09:38+00:00","og_image":[{"width":2000,"height":646,"url":"https:\/\/rugute.lt\/wp-content\/uploads\/2019\/01\/rugute_logo_uzrasas.png","type":"image\/png"}],"twitter_card":"summary_large_image","twitter_site":"@rugute","twitter_misc":{"Estimated reading time":"2 minutes"},"schema":{"@context":"https:\/\/schema.org","@graph":[{"@type":"WebPage","@id":"https:\/\/rugute.lt\/informacija\/bendra-informacija\/atkrytis\/","url":"https:\/\/rugute.lt\/informacija\/bendra-informacija\/atkrytis\/","name":"Atkrytis - Labdaros ir paramos fondas \u201eRugut\u0117\u201c","isPartOf":{"@id":"https:\/\/rugute.lt\/#website"},"datePublished":"2020-04-14T13:12:06+00:00","dateModified":"2022-01-12T09:09:38+00:00","description":"T\u0117vai vaiko ligos atkryt\u012f da\u017enai apib\u016bdina kaip dar labiau gniu\u017edant\u012f, nei susid\u016brim\u0105 su liga pirm\u0105 kart\u0105.","breadcrumb":{"@id":"https:\/\/rugute.lt\/informacija\/bendra-informacija\/atkrytis\/#breadcrumb"},"inLanguage":"en-GB","potentialAction":[{"@type":"ReadAction","target":["https:\/\/rugute.lt\/informacija\/bendra-informacija\/atkrytis\/"]}]},{"@type":"BreadcrumbList","@id":"https:\/\/rugute.lt\/informacija\/bendra-informacija\/atkrytis\/#breadcrumb","itemListElement":[{"@type":"ListItem","position":1,"name":"Prad\u017eia","item":"https:\/\/rugute.lt\/"},{"@type":"ListItem","position":2,"name":"Informacija","item":"https:\/\/rugute.lt\/informacija\/"},{"@type":"ListItem","position":3,"name":"Bendra informacija","item":"https:\/\/rugute.lt\/informacija\/bendra-informacija\/"},{"@type":"ListItem","position":4,"name":"Atkrytis"}]},{"@type":"WebSite","@id":"https:\/\/rugute.lt\/#website","url":"https:\/\/rugute.lt\/","name":"Childhood Cancer Fund Rugut\u0117","description":"Parama vaikams sergantiems v\u0117\u017eiu","publisher":{"@id":"https:\/\/rugute.lt\/#organization"},"potentialAction":[{"@type":"SearchAction","target":{"@type":"EntryPoint","urlTemplate":"https:\/\/rugute.lt\/?s={search_term_string}"},"query-input":{"@type":"PropertyValueSpecification","valueRequired":true,"valueName":"search_term_string"}}],"inLanguage":"en-GB"},{"@type":"Organization","@id":"https:\/\/rugute.lt\/#organization","name":"Childhood Cancer Fund Rugut\u0117","url":"https:\/\/rugute.lt\/","logo":{"@type":"ImageObject","inLanguage":"en-GB","@id":"https:\/\/rugute.lt\/#\/schema\/logo\/image\/","url":"https:\/\/rugute.lt\/wp-content\/uploads\/2021\/09\/Rugute_logo-b.svg","contentUrl":"https:\/\/rugute.lt\/wp-content\/uploads\/2021\/09\/Rugute_logo-b.svg","width":585,"height":583,"caption":"Labdaros ir paramos fondas \u201eRugut\u0117\u201c"},"image":{"@id":"https:\/\/rugute.lt\/#\/schema\/logo\/image\/"},"sameAs":["https:\/\/www.facebook.com\/rugute\/","https:\/\/x.com\/rugute","https:\/\/www.instagram.com\/rugute.lt\/","https:\/\/www.linkedin.com\/company\/rugute","https:\/\/www.youtube.com\/user\/Rugute\/videos","https:\/\/lt.wikipedia.org\/wiki\/Rugut\u0117"]}]}},"_links":{"self":[{"href":"https:\/\/rugute.lt\/en\/wp-json\/wp\/v2\/pages\/3829","targetHints":{"allow":["GET"]}}],"collection":[{"href":"https:\/\/rugute.lt\/en\/wp-json\/wp\/v2\/pages"}],"about":[{"href":"https:\/\/rugute.lt\/en\/wp-json\/wp\/v2\/types\/page"}],"author":[{"embeddable":true,"href":"https:\/\/rugute.lt\/en\/wp-json\/wp\/v2\/users\/1"}],"replies":[{"embeddable":true,"href":"https:\/\/rugute.lt\/en\/wp-json\/wp\/v2\/comments?post=3829"}],"version-history":[{"count":0,"href":"https:\/\/rugute.lt\/en\/wp-json\/wp\/v2\/pages\/3829\/revisions"}],"up":[{"embeddable":true,"href":"https:\/\/rugute.lt\/en\/wp-json\/wp\/v2\/pages\/3734"}],"wp:attachment":[{"href":"https:\/\/rugute.lt\/en\/wp-json\/wp\/v2\/media?parent=3829"}],"curies":[{"name":"wp","href":"https:\/\/api.w.org\/{rel}","templated":true}]}}