{"id":3741,"date":"2020-04-14T01:28:06","date_gmt":"2020-04-13T22:28:06","guid":{"rendered":"https:\/\/rugute.lt\/?page_id=3741"},"modified":"2022-01-12T10:51:13","modified_gmt":"2022-01-12T08:51:13","slug":"hospitalizacija","status":"publish","type":"page","link":"https:\/\/rugute.lt\/en\/informacija\/bendra-informacija\/hospitalizacija\/","title":{"rendered":"Gulimasis \u012f ligonin\u0119 (hospitalizacija)"},"content":{"rendered":"<div data-elementor-type=\"wp-page\" data-elementor-id=\"3741\" class=\"elementor elementor-3741\" data-elementor-settings=\"{&quot;element_pack_global_tooltip_width&quot;:{&quot;unit&quot;:&quot;px&quot;,&quot;size&quot;:&quot;&quot;,&quot;sizes&quot;:[]},&quot;element_pack_global_tooltip_width_tablet&quot;:{&quot;unit&quot;:&quot;px&quot;,&quot;size&quot;:&quot;&quot;,&quot;sizes&quot;:[]},&quot;element_pack_global_tooltip_width_mobile&quot;:{&quot;unit&quot;:&quot;px&quot;,&quot;size&quot;:&quot;&quot;,&quot;sizes&quot;:[]},&quot;element_pack_global_tooltip_padding&quot;:{&quot;unit&quot;:&quot;px&quot;,&quot;top&quot;:&quot;&quot;,&quot;right&quot;:&quot;&quot;,&quot;bottom&quot;:&quot;&quot;,&quot;left&quot;:&quot;&quot;,&quot;isLinked&quot;:true},&quot;element_pack_global_tooltip_padding_tablet&quot;:{&quot;unit&quot;:&quot;px&quot;,&quot;top&quot;:&quot;&quot;,&quot;right&quot;:&quot;&quot;,&quot;bottom&quot;:&quot;&quot;,&quot;left&quot;:&quot;&quot;,&quot;isLinked&quot;:true},&quot;element_pack_global_tooltip_padding_mobile&quot;:{&quot;unit&quot;:&quot;px&quot;,&quot;top&quot;:&quot;&quot;,&quot;right&quot;:&quot;&quot;,&quot;bottom&quot;:&quot;&quot;,&quot;left&quot;:&quot;&quot;,&quot;isLinked&quot;:true},&quot;element_pack_global_tooltip_border_radius&quot;:{&quot;unit&quot;:&quot;px&quot;,&quot;top&quot;:&quot;&quot;,&quot;right&quot;:&quot;&quot;,&quot;bottom&quot;:&quot;&quot;,&quot;left&quot;:&quot;&quot;,&quot;isLinked&quot;:true},&quot;element_pack_global_tooltip_border_radius_tablet&quot;:{&quot;unit&quot;:&quot;px&quot;,&quot;top&quot;:&quot;&quot;,&quot;right&quot;:&quot;&quot;,&quot;bottom&quot;:&quot;&quot;,&quot;left&quot;:&quot;&quot;,&quot;isLinked&quot;:true},&quot;element_pack_global_tooltip_border_radius_mobile&quot;:{&quot;unit&quot;:&quot;px&quot;,&quot;top&quot;:&quot;&quot;,&quot;right&quot;:&quot;&quot;,&quot;bottom&quot;:&quot;&quot;,&quot;left&quot;:&quot;&quot;,&quot;isLinked&quot;:true}}\" data-elementor-post-type=\"page\">\n\t\t\t\t\t\t<section class=\"elementor-section elementor-top-section elementor-element elementor-element-4a2bdad4 elementor-section-content-middle elementor-section-boxed elementor-section-height-default elementor-section-height-default\" data-id=\"4a2bdad4\" data-element_type=\"section\" data-e-type=\"section\">\n\t\t\t\t\t\t<div class=\"elementor-container elementor-column-gap-no\">\n\t\t\t\t\t<div class=\"elementor-column elementor-col-50 elementor-top-column elementor-element elementor-element-585e0066\" data-id=\"585e0066\" data-element_type=\"column\" data-e-type=\"column\">\n\t\t\t<div class=\"elementor-widget-wrap elementor-element-populated\">\n\t\t\t\t\t\t<div class=\"elementor-element elementor-element-2ed863fa elementor-widget elementor-widget-heading\" data-id=\"2ed863fa\" data-element_type=\"widget\" data-e-type=\"widget\" data-widget_type=\"heading.default\">\n\t\t\t\t<div class=\"elementor-widget-container\">\n\t\t\t\t\t<h6 class=\"elementor-heading-title elementor-size-default\">Bendra informacija <\/h6>\t\t\t\t<\/div>\n\t\t\t\t<\/div>\n\t\t\t\t<div class=\"elementor-element elementor-element-1101ff6d elementor-widget elementor-widget-heading\" data-id=\"1101ff6d\" data-element_type=\"widget\" data-e-type=\"widget\" data-widget_type=\"heading.default\">\n\t\t\t\t<div class=\"elementor-widget-container\">\n\t\t\t\t\t<h1 class=\"elementor-heading-title elementor-size-default\">Gulimasis \u012f ligonin\u0119 (hospitalizacija)<\/h1>\t\t\t\t<\/div>\n\t\t\t\t<\/div>\n\t\t\t\t<div class=\"elementor-element elementor-element-b7f30ba elementor-widget elementor-widget-text-editor\" data-id=\"b7f30ba\" data-element_type=\"widget\" data-e-type=\"widget\" data-widget_type=\"text-editor.default\">\n\t\t\t\t<div class=\"elementor-widget-container\">\n\t\t\t\t\t\t\t\t\t<p style=\"text-align: justify;\">Vaikui gulimasis \u012f ligonin\u0119 rei\u0161kia atskyrim\u0105 nuo t\u0117v\u0173, broli\u0173, seser\u0173, draug\u0173, namini\u0173 gyv\u016bn\u0117li\u0173 ir jauki\u0173 bei artim\u0173 nam\u0173. Vaiko hospitalizacija gali i\u0161pl\u0117\u0161ti i\u0161 jo ir t\u0117v\u0173 kontrol\u0117s jausm\u0105, paversdama juos bej\u0117giais. Ta\u010diau yra b\u016bd\u0173, kaip susigr\u0105\u017einti pasitik\u0117jim\u0105 ir suteikti ten laukian\u010diai kasdienybei bent \u0161iek tiek linksmumo.<\/p>\t\t\t\t\t\t\t\t<\/div>\n\t\t\t\t<\/div>\n\t\t\t\t\t<\/div>\n\t\t<\/div>\n\t\t\t\t<div class=\"elementor-column elementor-col-50 elementor-top-column elementor-element elementor-element-17f1fd3e\" data-id=\"17f1fd3e\" data-element_type=\"column\" data-e-type=\"column\">\n\t\t\t<div class=\"elementor-widget-wrap elementor-element-populated\">\n\t\t\t\t\t\t<section class=\"elementor-section elementor-inner-section elementor-element elementor-element-4184c27 elementor-section-boxed elementor-section-height-default elementor-section-height-default\" data-id=\"4184c27\" data-element_type=\"section\" data-e-type=\"section\">\n\t\t\t\t\t\t<div class=\"elementor-container elementor-column-gap-default\">\n\t\t\t\t\t<div class=\"elementor-column elementor-col-100 elementor-inner-column elementor-element elementor-element-025adef\" data-id=\"025adef\" data-element_type=\"column\" data-e-type=\"column\">\n\t\t\t<div class=\"elementor-widget-wrap elementor-element-populated\">\n\t\t\t\t\t\t<div class=\"elementor-element elementor-element-b4fe64b elementor-widget elementor-widget-bdt-accordion\" data-id=\"b4fe64b\" data-element_type=\"widget\" data-e-type=\"widget\" data-widget_type=\"bdt-accordion.default\">\n\t\t\t\t<div class=\"elementor-widget-container\">\n\t\t\t\t\t\t\t<div class=\"bdt-ep-accordion-container\">\n\t\t\t<div id=\"bdt-ep-accordion-b4fe64b\" class=\"bdt-ep-accordion bdt-accordion\" data-bdt-accordion=\"{&quot;collapsible&quot;:true,&quot;multiple&quot;:false,&quot;animation&quot;:true,&quot;transition&quot;:&quot;ease-in-out&quot;,&quot;duration&quot;:200}\" \t\tdata-settings=\"{&quot;id&quot;:&quot;bdt-ep-accordion-b4fe64b&quot;,&quot;activeHash&quot;:&quot;no&quot;,&quot;activeScrollspy&quot;:null,&quot;hashTopOffset&quot;:false,&quot;hashScrollspyTime&quot;:false,&quot;closeAllItemsOnMobile&quot;:false}\">\n\t\t\t\t\t\t\t\t\t<div class=\"bdt-ep-accordion-item\">\n\t\t\t\t\t\t<div\t\t\t\t\t\t\tclass=\"bdt-ep-accordion-title bdt-accordion-title bdt-flex bdt-flex-middle\" id=\"bdt-ep-accordion-palata\"\n\t\t\t\t\t\t\tdata-accordion-index=\"0\" data-title=\"palata\">\n\n\t\t\t\t\t\t\t\t\t\t\t\t\t\t\t<span class=\"bdt-ep-accordion-icon bdt-flex-align-left\"\n\t\t\t\t\t\t\t\t\taria-hidden=\"true\">\n\n\t\t\t\t\t\t\t\t\t\t\t\t\t\t\t\t\t\t\t<span class=\"bdt-ep-accordion-icon-closed\">\n\t\t\t\t\t\t\t\t\t\t\t<i aria-hidden=\"true\" class=\"fa-fw fas fa-caret-right\"><\/i>\t\t\t\t\t\t\t\t\t\t<\/span>\n\t\t\t\t\t\t\t\t\t\n\t\t\t\t\t\t\t\t\t\t\t\t\t\t\t\t\t\t\t<span class=\"bdt-ep-accordion-icon-opened\">\n\t\t\t\t\t\t\t\t\t\t\t<i aria-hidden=\"true\" class=\"fa-fw fas fa-caret-up\"><\/i>\t\t\t\t\t\t\t\t\t\t<\/span>\n\t\t\t\t\t\t\t\t\t\n\t\t\t\t\t\t\t\t<\/span>\n\t\t\t\t\t\t\t\n\t\t\t\t\t\t\t<span role=\"heading\" class=\"bdt-ep-title-text bdt-flex-inline bdt-flex-middle\" >\n\n\t\t\t\t\t\t\t\t\t\t\t\t\t\t\t\tPalata\t\t\t\t\t\t\t<\/span>\n\n\t\t\t\t\t\t<\/div>\n\t\t\t\t\t\t<div class=\"bdt-ep-accordion-content bdt-accordion-content\">\n\t\t\t\t\t\t\t<div align=\"justify\"><div align=\"justify\">Palat\u0173 sienos da\u017eniausiai b\u016bna nuda\u017eytos elementariu pilku ar \u017ealsvu atspalviu. Sien\u0173 papuo\u0161imas dideliais ry\u0161kiais plakatais (sportinink\u0173, muzikos grupi\u0173, animacini\u0173 film\u0173 heroj\u0173), gali nepaprastai j\u0105 pagyvinti. Galite prisegti ir draug\u0173 nuotrauk\u0173, pakabinti balion\u0173. Ma\u017eesni vaikai jau\u010diasi geriau tur\u0117dami savo pliu\u0161in\u012f \u017eaisl\u0105 ar antklod\u0119 i\u0161 nam\u0173. Jei vaiko neerzina kvapai, retkar\u010diais u\u017edekite aromatin\u0119 \u017evak\u0119. Muzika padeda nuslopinti ligonin\u0117s triuk\u0161m\u0105 ir atsipalaiduoti. Par\u016bpinkite vaikui jo am\u017ei\u0173 atitinkan\u010di\u0173 \u017eaidim\u0173, d\u0117lioni\u0173, knyg\u0173.<\/div><div align=\"justify\">\u00a0<\/div><div align=\"justify\">\u012esik\u016br\u0119 palatoje kuo grei\u010diau susipa\u017einkite su skyriumi ir ligonin\u0117s aplinka. I\u0161siai\u0161kinkite, ar yra galimyb\u0117 naudotis mikrobang\u0173 krosnele, \u0161aldytuvu, du\u0161u. Apsidairykite, kur galite pasivaik\u0161\u010dioti, pa\u017eaisti.<\/div><\/div>\t\t\t\t\t\t<\/div>\n\t\t\t\t\t<\/div>\n\t\t\t\t\t\t\t\t\t<div class=\"bdt-ep-accordion-item\">\n\t\t\t\t\t\t<div\t\t\t\t\t\t\tclass=\"bdt-ep-accordion-title bdt-accordion-title bdt-flex bdt-flex-middle\" id=\"bdt-ep-accordion-begalinis-laukimas\"\n\t\t\t\t\t\t\tdata-accordion-index=\"1\" data-title=\"begalinis-laukimas\">\n\n\t\t\t\t\t\t\t\t\t\t\t\t\t\t\t<span class=\"bdt-ep-accordion-icon bdt-flex-align-left\"\n\t\t\t\t\t\t\t\t\taria-hidden=\"true\">\n\n\t\t\t\t\t\t\t\t\t\t\t\t\t\t\t\t\t\t\t<span class=\"bdt-ep-accordion-icon-closed\">\n\t\t\t\t\t\t\t\t\t\t\t<i aria-hidden=\"true\" class=\"fa-fw fas fa-caret-right\"><\/i>\t\t\t\t\t\t\t\t\t\t<\/span>\n\t\t\t\t\t\t\t\t\t\n\t\t\t\t\t\t\t\t\t\t\t\t\t\t\t\t\t\t\t<span class=\"bdt-ep-accordion-icon-opened\">\n\t\t\t\t\t\t\t\t\t\t\t<i aria-hidden=\"true\" class=\"fa-fw fas fa-caret-up\"><\/i>\t\t\t\t\t\t\t\t\t\t<\/span>\n\t\t\t\t\t\t\t\t\t\n\t\t\t\t\t\t\t\t<\/span>\n\t\t\t\t\t\t\t\n\t\t\t\t\t\t\t<span role=\"heading\" class=\"bdt-ep-title-text bdt-flex-inline bdt-flex-middle\" >\n\n\t\t\t\t\t\t\t\t\t\t\t\t\t\t\t\tBegalinis laukimas\t\t\t\t\t\t\t<\/span>\n\n\t\t\t\t\t\t<\/div>\n\t\t\t\t\t\t<div class=\"bdt-ep-accordion-content bdt-accordion-content\">\n\t\t\t\t\t\t\t<div align=\"justify\">T\u0117vai turi i\u0161mokti laukti. Laukti teks visko \u2013 nuo kraujo pa\u0117mimo iki \u012fvairi\u0173 tyrim\u0173 ir proced\u016br\u0173. Daugelis t\u0117v\u0173 nervinasi ar pyksta kasryt belaukdami vizitacijos, paskui jau\u010diasi nusivyl\u0119, kad tai trunka vos kelias minutes. Jei turite i\u0161kilusi\u0173 klausim\u0173, juos u\u017esira\u0161ykite ir pasakykite at\u0117jusiam gydytojui, k\u0105 nor\u0117tum\u0117te aptarti.<\/div>\t\t\t\t\t\t<\/div>\n\t\t\t\t\t<\/div>\n\t\t\t\t\t\t\t\t\t<div class=\"bdt-ep-accordion-item\">\n\t\t\t\t\t\t<div\t\t\t\t\t\t\tclass=\"bdt-ep-accordion-title bdt-accordion-title bdt-flex bdt-flex-middle\" id=\"bdt-ep-accordion-buvimas-su-vaiku\"\n\t\t\t\t\t\t\tdata-accordion-index=\"2\" data-title=\"buvimas-su-vaiku\">\n\n\t\t\t\t\t\t\t\t\t\t\t\t\t\t\t<span class=\"bdt-ep-accordion-icon bdt-flex-align-left\"\n\t\t\t\t\t\t\t\t\taria-hidden=\"true\">\n\n\t\t\t\t\t\t\t\t\t\t\t\t\t\t\t\t\t\t\t<span class=\"bdt-ep-accordion-icon-closed\">\n\t\t\t\t\t\t\t\t\t\t\t<i aria-hidden=\"true\" class=\"fa-fw fas fa-caret-right\"><\/i>\t\t\t\t\t\t\t\t\t\t<\/span>\n\t\t\t\t\t\t\t\t\t\n\t\t\t\t\t\t\t\t\t\t\t\t\t\t\t\t\t\t\t<span class=\"bdt-ep-accordion-icon-opened\">\n\t\t\t\t\t\t\t\t\t\t\t<i aria-hidden=\"true\" class=\"fa-fw fas fa-caret-up\"><\/i>\t\t\t\t\t\t\t\t\t\t<\/span>\n\t\t\t\t\t\t\t\t\t\n\t\t\t\t\t\t\t\t<\/span>\n\t\t\t\t\t\t\t\n\t\t\t\t\t\t\t<span role=\"heading\" class=\"bdt-ep-title-text bdt-flex-inline bdt-flex-middle\" >\n\n\t\t\t\t\t\t\t\t\t\t\t\t\t\t\t\tBuvimas su vaiku\t\t\t\t\t\t\t<\/span>\n\n\t\t\t\t\t\t<\/div>\n\t\t\t\t\t\t<div class=\"bdt-ep-accordion-content bdt-accordion-content\">\n\t\t\t\t\t\t\t<div align=\"justify\"><div align=\"justify\">Vaikui ligonin\u0117 \u2013 baugi vieta, tod\u0117l t\u0117vai turi pasir\u016bpinti jaukumu ir saugumu. Kad tai gal\u0117t\u0173 padaryti, jie turi b\u016bti \u0161alia. \u017dinoma, kartais tai ne\u012fmanoma, ypa\u010d jei vaik\u0105 augina vienas i\u0161 t\u0117v\u0173 arba abu privalo dirbti. Kartais su vaiku pab\u016bna seneliai, kiti giminai\u010diai ar artimi draugai. Jei vaikas pakankamai didelis ir prie jo nereikia nuolat b\u016bti, b\u016btinai palaikykite su juo ry\u0161\u012f telefonu.<\/div><div align=\"justify\">\u00a0<\/div><div align=\"justify\">Sirgdamas v\u0117\u017eiu, vaikas praranda savo k\u016bno kontrol\u0119. \u0160iuo periodu t\u0117vai labai padeda j\u012f slaugydami: nuvesdami \u012f tualet\u0105, apiprausdami, paklodami lov\u0105, sutvarkydami palat\u0105, perrengdami. Ta\u010diau kartais vaikai, ypa\u010d paaugliai, jau\u010diasi geriau, jei jiems padeda slaug\u0117. T\u0117vai turi leisti vaikui rinktis, net jei tai primena atst\u016bmim\u0105. Vaikui reik\u0117t\u0173 leisti pa\u010diam nuspr\u0119sti, kada jis nori maudytis, kuri\u0105 rank\u0105 naudoti intravenin\u0117ms injekcijoms, kuriuos r\u016bbus d\u0117v\u0117ti, kaip papuo\u0161ti palat\u0105. Tai neleid\u017eia pasijusti bej\u0117giam ir nereik\u0161mingam.<\/div><\/div>\t\t\t\t\t\t<\/div>\n\t\t\t\t\t<\/div>\n\t\t\t\t\t\t\t\t\t<div class=\"bdt-ep-accordion-item\">\n\t\t\t\t\t\t<div\t\t\t\t\t\t\tclass=\"bdt-ep-accordion-title bdt-accordion-title bdt-flex bdt-flex-middle\" id=\"bdt-ep-accordion-laisvalaikis\"\n\t\t\t\t\t\t\tdata-accordion-index=\"3\" data-title=\"laisvalaikis\">\n\n\t\t\t\t\t\t\t\t\t\t\t\t\t\t\t<span class=\"bdt-ep-accordion-icon bdt-flex-align-left\"\n\t\t\t\t\t\t\t\t\taria-hidden=\"true\">\n\n\t\t\t\t\t\t\t\t\t\t\t\t\t\t\t\t\t\t\t<span class=\"bdt-ep-accordion-icon-closed\">\n\t\t\t\t\t\t\t\t\t\t\t<i aria-hidden=\"true\" class=\"fa-fw fas fa-caret-right\"><\/i>\t\t\t\t\t\t\t\t\t\t<\/span>\n\t\t\t\t\t\t\t\t\t\n\t\t\t\t\t\t\t\t\t\t\t\t\t\t\t\t\t\t\t<span class=\"bdt-ep-accordion-icon-opened\">\n\t\t\t\t\t\t\t\t\t\t\t<i aria-hidden=\"true\" class=\"fa-fw fas fa-caret-up\"><\/i>\t\t\t\t\t\t\t\t\t\t<\/span>\n\t\t\t\t\t\t\t\t\t\n\t\t\t\t\t\t\t\t<\/span>\n\t\t\t\t\t\t\t\n\t\t\t\t\t\t\t<span role=\"heading\" class=\"bdt-ep-title-text bdt-flex-inline bdt-flex-middle\" >\n\n\t\t\t\t\t\t\t\t\t\t\t\t\t\t\t\tLaisvalaikis \t\t\t\t\t\t\t<\/span>\n\n\t\t\t\t\t\t<\/div>\n\t\t\t\t\t\t<div class=\"bdt-ep-accordion-content bdt-accordion-content\">\n\t\t\t\t\t\t\t<div align=\"justify\"><div align=\"justify\"><div align=\"justify\">Vaikams, ypa\u010d gulintiems ligonin\u0117je, reikia \u017eaisti. I\u0161siai\u0161kinkite, ar ligonin\u0117je yra poilsio kambarys. Jame b\u016bna \u017eaisl\u0173, knyg\u0173. Bendraudami ir \u017eaisdami su ta pa\u010dia liga sergan\u010diais, vaikai nesijau\u010dia vieni\u0161i ar kitokie, nei kiti. T\u0117vai tuo metu gali pails\u0117ti ar pavalgyti.<\/div><div align=\"justify\">\u00a0<\/div><div align=\"justify\">Jei tik leid\u017eia sveikata ir oras, svarbu su vaiku kasdien pasivaik\u0161\u010dioti. Nekreipkite d\u0117mesio \u012f la\u0161in\u0119, j\u0105 galima stumti ant specialaus stovo \u0161alia vaiko. Grynas oras ir bet kokia veikla i\u0161bla\u0161kys vaik\u0105, pagerins jo mieg\u0105.<\/div><\/div><\/div>\t\t\t\t\t\t<\/div>\n\t\t\t\t\t<\/div>\n\t\t\t\t\t\t\t<\/div>\n\t\t<\/div>\n\t\t\t\t\t\t<\/div>\n\t\t\t\t<\/div>\n\t\t\t\t\t<\/div>\n\t\t<\/div>\n\t\t\t\t\t<\/div>\n\t\t<\/section>\n\t\t\t\t\t<\/div>\n\t\t<\/div>\n\t\t\t\t\t<\/div>\n\t\t<\/section>\n\t\t\t\t<\/div>","protected":false},"excerpt":{"rendered":"<p>Bendra informacija Gulimasis \u012f ligonin\u0119 (hospitalizacija) Vaikui gulimasis \u012f ligonin\u0119 rei\u0161kia atskyrim\u0105 nuo t\u0117v\u0173, broli\u0173, seser\u0173, draug\u0173, namini\u0173 gyv\u016bn\u0117li\u0173 ir jauki\u0173 bei artim\u0173 nam\u0173. Vaiko hospitalizacija gali i\u0161pl\u0117\u0161ti i\u0161 jo ir t\u0117v\u0173 kontrol\u0117s jausm\u0105, paversdama juos bej\u0117giais. Ta\u010diau yra b\u016bd\u0173, kaip susigr\u0105\u017einti pasitik\u0117jim\u0105 ir suteikti ten laukian\u010diai kasdienybei bent \u0161iek tiek linksmumo. Palata Palat\u0173 sienos [&hellip;]<\/p>\n","protected":false},"author":1,"featured_media":0,"parent":3734,"menu_order":1,"comment_status":"closed","ping_status":"closed","template":"elementor_header_footer","meta":{"footnotes":""},"class_list":["post-3741","page","type-page","status-publish","hentry"],"yoast_head":"<!-- This site is optimized with the Yoast SEO plugin v27.3 - https:\/\/yoast.com\/product\/yoast-seo-wordpress\/ -->\n<title>Gulimasis \u012f ligonin\u0119 (hospitalizacija) - Labdaros ir paramos fondas \u201eRugut\u0117\u201c<\/title>\n<meta name=\"description\" content=\"Vaikui gulimasis \u012f ligonin\u0119 rei\u0161kia atskyrim\u0105 nuo t\u0117v\u0173, broli\u0173, seser\u0173, draug\u0173, namini\u0173 gyv\u016bn\u0117li\u0173 ir jauki\u0173 bei artim\u0173 nam\u0173...\" \/>\n<meta name=\"robots\" content=\"index, follow, max-snippet:-1, max-image-preview:large, max-video-preview:-1\" \/>\n<link rel=\"canonical\" href=\"https:\/\/rugute.lt\/en\/informacija\/bendra-informacija\/hospitalizacija\/\" \/>\n<meta property=\"og:locale\" content=\"en_GB\" \/>\n<meta property=\"og:type\" content=\"article\" \/>\n<meta property=\"og:title\" content=\"Gulimasis \u012f ligonin\u0119 (hospitalizacija) - Labdaros ir paramos fondas \u201eRugut\u0117\u201c\" \/>\n<meta property=\"og:description\" content=\"Vaikui gulimasis \u012f ligonin\u0119 rei\u0161kia atskyrim\u0105 nuo t\u0117v\u0173, broli\u0173, seser\u0173, draug\u0173, namini\u0173 gyv\u016bn\u0117li\u0173 ir jauki\u0173 bei artim\u0173 nam\u0173...\" \/>\n<meta property=\"og:url\" content=\"https:\/\/rugute.lt\/en\/informacija\/bendra-informacija\/hospitalizacija\/\" \/>\n<meta property=\"og:site_name\" content=\"Labdaros ir paramos fondas \u201eRugut\u0117\u201c\" \/>\n<meta property=\"article:publisher\" content=\"https:\/\/www.facebook.com\/rugute\/\" \/>\n<meta property=\"article:modified_time\" content=\"2022-01-12T08:51:13+00:00\" \/>\n<meta property=\"og:image\" content=\"https:\/\/rugute.lt\/wp-content\/uploads\/2019\/01\/rugute_logo_uzrasas.png\" \/>\n\t<meta property=\"og:image:width\" content=\"2000\" \/>\n\t<meta property=\"og:image:height\" content=\"646\" \/>\n\t<meta property=\"og:image:type\" content=\"image\/png\" \/>\n<meta name=\"twitter:card\" content=\"summary_large_image\" \/>\n<meta name=\"twitter:site\" content=\"@rugute\" \/>\n<meta name=\"twitter:label1\" content=\"Estimated reading time\" \/>\n\t<meta name=\"twitter:data1\" content=\"3 minutes\" \/>\n<script type=\"application\/ld+json\" class=\"yoast-schema-graph\">{\"@context\":\"https:\\\/\\\/schema.org\",\"@graph\":[{\"@type\":\"WebPage\",\"@id\":\"https:\\\/\\\/rugute.lt\\\/informacija\\\/bendra-informacija\\\/hospitalizacija\\\/\",\"url\":\"https:\\\/\\\/rugute.lt\\\/informacija\\\/bendra-informacija\\\/hospitalizacija\\\/\",\"name\":\"Gulimasis \u012f ligonin\u0119 (hospitalizacija) - Labdaros ir paramos fondas \u201eRugut\u0117\u201c\",\"isPartOf\":{\"@id\":\"https:\\\/\\\/rugute.lt\\\/#website\"},\"datePublished\":\"2020-04-13T22:28:06+00:00\",\"dateModified\":\"2022-01-12T08:51:13+00:00\",\"description\":\"Vaikui gulimasis \u012f ligonin\u0119 rei\u0161kia atskyrim\u0105 nuo t\u0117v\u0173, broli\u0173, seser\u0173, draug\u0173, namini\u0173 gyv\u016bn\u0117li\u0173 ir jauki\u0173 bei artim\u0173 nam\u0173...\",\"breadcrumb\":{\"@id\":\"https:\\\/\\\/rugute.lt\\\/informacija\\\/bendra-informacija\\\/hospitalizacija\\\/#breadcrumb\"},\"inLanguage\":\"en-GB\",\"potentialAction\":[{\"@type\":\"ReadAction\",\"target\":[\"https:\\\/\\\/rugute.lt\\\/informacija\\\/bendra-informacija\\\/hospitalizacija\\\/\"]}]},{\"@type\":\"BreadcrumbList\",\"@id\":\"https:\\\/\\\/rugute.lt\\\/informacija\\\/bendra-informacija\\\/hospitalizacija\\\/#breadcrumb\",\"itemListElement\":[{\"@type\":\"ListItem\",\"position\":1,\"name\":\"Prad\u017eia\",\"item\":\"https:\\\/\\\/rugute.lt\\\/\"},{\"@type\":\"ListItem\",\"position\":2,\"name\":\"Informacija\",\"item\":\"https:\\\/\\\/rugute.lt\\\/informacija\\\/\"},{\"@type\":\"ListItem\",\"position\":3,\"name\":\"Bendra informacija\",\"item\":\"https:\\\/\\\/rugute.lt\\\/informacija\\\/bendra-informacija\\\/\"},{\"@type\":\"ListItem\",\"position\":4,\"name\":\"Gulimasis \u012f ligonin\u0119 (hospitalizacija)\"}]},{\"@type\":\"WebSite\",\"@id\":\"https:\\\/\\\/rugute.lt\\\/#website\",\"url\":\"https:\\\/\\\/rugute.lt\\\/\",\"name\":\"Labdaros ir paramos fondas \u201eRugut\u0117\u201c\",\"description\":\"Parama vaikams sergantiems v\u0117\u017eiu\",\"publisher\":{\"@id\":\"https:\\\/\\\/rugute.lt\\\/#organization\"},\"potentialAction\":[{\"@type\":\"SearchAction\",\"target\":{\"@type\":\"EntryPoint\",\"urlTemplate\":\"https:\\\/\\\/rugute.lt\\\/?s={search_term_string}\"},\"query-input\":{\"@type\":\"PropertyValueSpecification\",\"valueRequired\":true,\"valueName\":\"search_term_string\"}}],\"inLanguage\":\"en-GB\"},{\"@type\":\"Organization\",\"@id\":\"https:\\\/\\\/rugute.lt\\\/#organization\",\"name\":\"Labdaros ir paramos fondas \u201eRugut\u0117\u201c\",\"url\":\"https:\\\/\\\/rugute.lt\\\/\",\"logo\":{\"@type\":\"ImageObject\",\"inLanguage\":\"en-GB\",\"@id\":\"https:\\\/\\\/rugute.lt\\\/#\\\/schema\\\/logo\\\/image\\\/\",\"url\":\"https:\\\/\\\/rugute.lt\\\/wp-content\\\/uploads\\\/2021\\\/09\\\/Rugute_logo-b.svg\",\"contentUrl\":\"https:\\\/\\\/rugute.lt\\\/wp-content\\\/uploads\\\/2021\\\/09\\\/Rugute_logo-b.svg\",\"width\":585,\"height\":583,\"caption\":\"Labdaros ir paramos fondas \u201eRugut\u0117\u201c\"},\"image\":{\"@id\":\"https:\\\/\\\/rugute.lt\\\/#\\\/schema\\\/logo\\\/image\\\/\"},\"sameAs\":[\"https:\\\/\\\/www.facebook.com\\\/rugute\\\/\",\"https:\\\/\\\/x.com\\\/rugute\",\"https:\\\/\\\/www.instagram.com\\\/rugute.lt\\\/\",\"https:\\\/\\\/www.linkedin.com\\\/company\\\/rugute\",\"https:\\\/\\\/www.youtube.com\\\/user\\\/Rugute\\\/videos\",\"https:\\\/\\\/lt.wikipedia.org\\\/wiki\\\/Rugut\u0117\"]}]}<\/script>\n<!-- \/ Yoast SEO plugin. -->","yoast_head_json":{"title":"Gulimasis \u012f ligonin\u0119 (hospitalizacija) - Labdaros ir paramos fondas \u201eRugut\u0117\u201c","description":"Vaikui gulimasis \u012f ligonin\u0119 rei\u0161kia atskyrim\u0105 nuo t\u0117v\u0173, broli\u0173, seser\u0173, draug\u0173, namini\u0173 gyv\u016bn\u0117li\u0173 ir jauki\u0173 bei artim\u0173 nam\u0173...","robots":{"index":"index","follow":"follow","max-snippet":"max-snippet:-1","max-image-preview":"max-image-preview:large","max-video-preview":"max-video-preview:-1"},"canonical":"https:\/\/rugute.lt\/en\/informacija\/bendra-informacija\/hospitalizacija\/","og_locale":"en_GB","og_type":"article","og_title":"Gulimasis \u012f ligonin\u0119 (hospitalizacija) - Labdaros ir paramos fondas \u201eRugut\u0117\u201c","og_description":"Vaikui gulimasis \u012f ligonin\u0119 rei\u0161kia atskyrim\u0105 nuo t\u0117v\u0173, broli\u0173, seser\u0173, draug\u0173, namini\u0173 gyv\u016bn\u0117li\u0173 ir jauki\u0173 bei artim\u0173 nam\u0173...","og_url":"https:\/\/rugute.lt\/en\/informacija\/bendra-informacija\/hospitalizacija\/","og_site_name":"Labdaros ir paramos fondas \u201eRugut\u0117\u201c","article_publisher":"https:\/\/www.facebook.com\/rugute\/","article_modified_time":"2022-01-12T08:51:13+00:00","og_image":[{"width":2000,"height":646,"url":"https:\/\/rugute.lt\/wp-content\/uploads\/2019\/01\/rugute_logo_uzrasas.png","type":"image\/png"}],"twitter_card":"summary_large_image","twitter_site":"@rugute","twitter_misc":{"Estimated reading time":"3 minutes"},"schema":{"@context":"https:\/\/schema.org","@graph":[{"@type":"WebPage","@id":"https:\/\/rugute.lt\/informacija\/bendra-informacija\/hospitalizacija\/","url":"https:\/\/rugute.lt\/informacija\/bendra-informacija\/hospitalizacija\/","name":"Gulimasis \u012f ligonin\u0119 (hospitalizacija) - Labdaros ir paramos fondas \u201eRugut\u0117\u201c","isPartOf":{"@id":"https:\/\/rugute.lt\/#website"},"datePublished":"2020-04-13T22:28:06+00:00","dateModified":"2022-01-12T08:51:13+00:00","description":"Vaikui gulimasis \u012f ligonin\u0119 rei\u0161kia atskyrim\u0105 nuo t\u0117v\u0173, broli\u0173, seser\u0173, draug\u0173, namini\u0173 gyv\u016bn\u0117li\u0173 ir jauki\u0173 bei artim\u0173 nam\u0173...","breadcrumb":{"@id":"https:\/\/rugute.lt\/informacija\/bendra-informacija\/hospitalizacija\/#breadcrumb"},"inLanguage":"en-GB","potentialAction":[{"@type":"ReadAction","target":["https:\/\/rugute.lt\/informacija\/bendra-informacija\/hospitalizacija\/"]}]},{"@type":"BreadcrumbList","@id":"https:\/\/rugute.lt\/informacija\/bendra-informacija\/hospitalizacija\/#breadcrumb","itemListElement":[{"@type":"ListItem","position":1,"name":"Prad\u017eia","item":"https:\/\/rugute.lt\/"},{"@type":"ListItem","position":2,"name":"Informacija","item":"https:\/\/rugute.lt\/informacija\/"},{"@type":"ListItem","position":3,"name":"Bendra informacija","item":"https:\/\/rugute.lt\/informacija\/bendra-informacija\/"},{"@type":"ListItem","position":4,"name":"Gulimasis \u012f ligonin\u0119 (hospitalizacija)"}]},{"@type":"WebSite","@id":"https:\/\/rugute.lt\/#website","url":"https:\/\/rugute.lt\/","name":"Childhood Cancer Fund Rugut\u0117","description":"Parama vaikams sergantiems v\u0117\u017eiu","publisher":{"@id":"https:\/\/rugute.lt\/#organization"},"potentialAction":[{"@type":"SearchAction","target":{"@type":"EntryPoint","urlTemplate":"https:\/\/rugute.lt\/?s={search_term_string}"},"query-input":{"@type":"PropertyValueSpecification","valueRequired":true,"valueName":"search_term_string"}}],"inLanguage":"en-GB"},{"@type":"Organization","@id":"https:\/\/rugute.lt\/#organization","name":"Childhood Cancer Fund Rugut\u0117","url":"https:\/\/rugute.lt\/","logo":{"@type":"ImageObject","inLanguage":"en-GB","@id":"https:\/\/rugute.lt\/#\/schema\/logo\/image\/","url":"https:\/\/rugute.lt\/wp-content\/uploads\/2021\/09\/Rugute_logo-b.svg","contentUrl":"https:\/\/rugute.lt\/wp-content\/uploads\/2021\/09\/Rugute_logo-b.svg","width":585,"height":583,"caption":"Labdaros ir paramos fondas \u201eRugut\u0117\u201c"},"image":{"@id":"https:\/\/rugute.lt\/#\/schema\/logo\/image\/"},"sameAs":["https:\/\/www.facebook.com\/rugute\/","https:\/\/x.com\/rugute","https:\/\/www.instagram.com\/rugute.lt\/","https:\/\/www.linkedin.com\/company\/rugute","https:\/\/www.youtube.com\/user\/Rugute\/videos","https:\/\/lt.wikipedia.org\/wiki\/Rugut\u0117"]}]}},"_links":{"self":[{"href":"https:\/\/rugute.lt\/en\/wp-json\/wp\/v2\/pages\/3741","targetHints":{"allow":["GET"]}}],"collection":[{"href":"https:\/\/rugute.lt\/en\/wp-json\/wp\/v2\/pages"}],"about":[{"href":"https:\/\/rugute.lt\/en\/wp-json\/wp\/v2\/types\/page"}],"author":[{"embeddable":true,"href":"https:\/\/rugute.lt\/en\/wp-json\/wp\/v2\/users\/1"}],"replies":[{"embeddable":true,"href":"https:\/\/rugute.lt\/en\/wp-json\/wp\/v2\/comments?post=3741"}],"version-history":[{"count":0,"href":"https:\/\/rugute.lt\/en\/wp-json\/wp\/v2\/pages\/3741\/revisions"}],"up":[{"embeddable":true,"href":"https:\/\/rugute.lt\/en\/wp-json\/wp\/v2\/pages\/3734"}],"wp:attachment":[{"href":"https:\/\/rugute.lt\/en\/wp-json\/wp\/v2\/media?parent=3741"}],"curies":[{"name":"wp","href":"https:\/\/api.w.org\/{rel}","templated":true}]}}