{"id":22421,"date":"2021-05-17T22:32:11","date_gmt":"2021-05-17T19:32:11","guid":{"rendered":"https:\/\/rugute.lt\/?page_id=22421"},"modified":"2021-09-28T14:39:15","modified_gmt":"2021-09-28T11:39:15","slug":"slapukai","status":"publish","type":"page","link":"https:\/\/rugute.lt\/en\/slapukai\/","title":{"rendered":"Slapukai"},"content":{"rendered":"\t\t<div data-elementor-type=\"wp-page\" data-elementor-id=\"22421\" class=\"elementor elementor-22421\" data-elementor-settings=\"{&quot;element_pack_global_tooltip_width&quot;:{&quot;unit&quot;:&quot;px&quot;,&quot;size&quot;:&quot;&quot;,&quot;sizes&quot;:[]},&quot;element_pack_global_tooltip_width_tablet&quot;:{&quot;unit&quot;:&quot;px&quot;,&quot;size&quot;:&quot;&quot;,&quot;sizes&quot;:[]},&quot;element_pack_global_tooltip_width_mobile&quot;:{&quot;unit&quot;:&quot;px&quot;,&quot;size&quot;:&quot;&quot;,&quot;sizes&quot;:[]},&quot;element_pack_global_tooltip_padding&quot;:{&quot;unit&quot;:&quot;px&quot;,&quot;top&quot;:&quot;&quot;,&quot;right&quot;:&quot;&quot;,&quot;bottom&quot;:&quot;&quot;,&quot;left&quot;:&quot;&quot;,&quot;isLinked&quot;:true},&quot;element_pack_global_tooltip_padding_tablet&quot;:{&quot;unit&quot;:&quot;px&quot;,&quot;top&quot;:&quot;&quot;,&quot;right&quot;:&quot;&quot;,&quot;bottom&quot;:&quot;&quot;,&quot;left&quot;:&quot;&quot;,&quot;isLinked&quot;:true},&quot;element_pack_global_tooltip_padding_mobile&quot;:{&quot;unit&quot;:&quot;px&quot;,&quot;top&quot;:&quot;&quot;,&quot;right&quot;:&quot;&quot;,&quot;bottom&quot;:&quot;&quot;,&quot;left&quot;:&quot;&quot;,&quot;isLinked&quot;:true},&quot;element_pack_global_tooltip_border_radius&quot;:{&quot;unit&quot;:&quot;px&quot;,&quot;top&quot;:&quot;&quot;,&quot;right&quot;:&quot;&quot;,&quot;bottom&quot;:&quot;&quot;,&quot;left&quot;:&quot;&quot;,&quot;isLinked&quot;:true},&quot;element_pack_global_tooltip_border_radius_tablet&quot;:{&quot;unit&quot;:&quot;px&quot;,&quot;top&quot;:&quot;&quot;,&quot;right&quot;:&quot;&quot;,&quot;bottom&quot;:&quot;&quot;,&quot;left&quot;:&quot;&quot;,&quot;isLinked&quot;:true},&quot;element_pack_global_tooltip_border_radius_mobile&quot;:{&quot;unit&quot;:&quot;px&quot;,&quot;top&quot;:&quot;&quot;,&quot;right&quot;:&quot;&quot;,&quot;bottom&quot;:&quot;&quot;,&quot;left&quot;:&quot;&quot;,&quot;isLinked&quot;:true}}\" data-elementor-post-type=\"page\">\n\t\t\t\t\t\t<section class=\"elementor-section elementor-top-section elementor-element elementor-element-5455f70a elementor-section-full_width elementor-section-height-min-height elementor-section-height-default elementor-section-items-middle\" data-id=\"5455f70a\" data-element_type=\"section\" data-e-type=\"section\" data-settings=\"{&quot;background_background&quot;:&quot;classic&quot;,&quot;background_motion_fx_motion_fx_scrolling&quot;:&quot;yes&quot;,&quot;background_motion_fx_scale_effect&quot;:&quot;yes&quot;,&quot;background_motion_fx_motion_fx_mouse&quot;:&quot;yes&quot;,&quot;background_motion_fx_mouseTrack_effect&quot;:&quot;yes&quot;,&quot;background_motion_fx_scale_direction&quot;:&quot;out-in&quot;,&quot;background_motion_fx_scale_speed&quot;:{&quot;unit&quot;:&quot;px&quot;,&quot;size&quot;:4,&quot;sizes&quot;:[]},&quot;background_motion_fx_scale_range&quot;:{&quot;unit&quot;:&quot;%&quot;,&quot;size&quot;:&quot;&quot;,&quot;sizes&quot;:{&quot;start&quot;:20,&quot;end&quot;:80}},&quot;background_motion_fx_devices&quot;:[&quot;desktop&quot;,&quot;tablet&quot;,&quot;mobile&quot;],&quot;background_motion_fx_mouseTrack_speed&quot;:{&quot;unit&quot;:&quot;px&quot;,&quot;size&quot;:1,&quot;sizes&quot;:[]}}\">\n\t\t\t\t\t\t\t<div class=\"elementor-background-overlay\"><\/div>\n\t\t\t\t\t\t\t<div class=\"elementor-container elementor-column-gap-default\">\n\t\t\t\t\t<div class=\"elementor-column elementor-col-100 elementor-top-column elementor-element elementor-element-5ae210f4\" data-id=\"5ae210f4\" data-element_type=\"column\" data-e-type=\"column\">\n\t\t\t<div class=\"elementor-widget-wrap elementor-element-populated\">\n\t\t\t\t\t\t<div class=\"elementor-element elementor-element-4cb6f9fd elementor-widget elementor-widget-bdt-advanced-heading\" data-id=\"4cb6f9fd\" data-element_type=\"widget\" data-e-type=\"widget\" data-widget_type=\"bdt-advanced-heading.default\">\n\t\t\t\t<div class=\"elementor-widget-container\">\n\t\t\t\t\t<div id=\"4cb6f9fd\" class=\"bdt-ep-advanced-heading\" data-settings=\"{&quot;titleMultiColor&quot;:&quot;no&quot;}\"><h2 class=\"bdt-ep-advanced-heading-title\"><span class=\"bdt-ep-advanced-heading-main-title\"><span class=\"bdt-ep-advanced-heading-main-title-inner\">Slapukai<\/span><span class=\"line bdt-button-icon-align-left\"><\/span><span class=\"line bdt-button-icon-align-right\"><\/span><\/span><\/h2><\/div>\t\t\t\t<\/div>\n\t\t\t\t<\/div>\n\t\t\t\t\t<\/div>\n\t\t<\/div>\n\t\t\t\t\t<\/div>\n\t\t<\/section>\n\t\t\t\t<section class=\"elementor-section elementor-top-section elementor-element elementor-element-5d816ba2 elementor-section-stretched elementor-section-full_width elementor-section-height-min-height elementor-section-height-default elementor-section-items-middle\" data-id=\"5d816ba2\" data-element_type=\"section\" data-e-type=\"section\" data-settings=\"{&quot;stretch_section&quot;:&quot;section-stretched&quot;,&quot;background_background&quot;:&quot;classic&quot;,&quot;shape_divider_bottom&quot;:&quot;tilt&quot;}\">\n\t\t\t\t\t\t\t<div class=\"elementor-background-overlay\"><\/div>\n\t\t\t\t\t\t<div class=\"elementor-shape elementor-shape-bottom\" aria-hidden=\"true\" data-negative=\"false\">\n\t\t\t<svg xmlns=\"http:\/\/www.w3.org\/2000\/svg\" viewBox=\"0 0 1000 100\" preserveAspectRatio=\"none\">\n\t<path class=\"elementor-shape-fill\" d=\"M0,6V0h1000v100L0,6z\"\/>\n<\/svg>\t\t<\/div>\n\t\t\t\t\t<div class=\"elementor-container elementor-column-gap-default\">\n\t\t\t\t\t<div class=\"elementor-column elementor-col-100 elementor-top-column elementor-element elementor-element-3276b810\" data-id=\"3276b810\" data-element_type=\"column\" data-e-type=\"column\">\n\t\t\t<div class=\"elementor-widget-wrap\">\n\t\t\t\t\t\t\t<\/div>\n\t\t<\/div>\n\t\t\t\t\t<\/div>\n\t\t<\/section>\n\t\t\t\t<section class=\"elementor-section elementor-top-section elementor-element elementor-element-d33eee8 elementor-section-boxed elementor-section-height-default elementor-section-height-default\" data-id=\"d33eee8\" data-element_type=\"section\" data-e-type=\"section\">\n\t\t\t\t\t\t<div class=\"elementor-container elementor-column-gap-default\">\n\t\t\t\t\t<div class=\"elementor-column elementor-col-100 elementor-top-column elementor-element elementor-element-20b013ff\" data-id=\"20b013ff\" data-element_type=\"column\" data-e-type=\"column\" data-settings=\"{&quot;background_background&quot;:&quot;gradient&quot;}\">\n\t\t\t<div class=\"elementor-widget-wrap elementor-element-populated\">\n\t\t\t\t\t\t<div class=\"elementor-element elementor-element-6b7fcb0c elementor-widget elementor-widget-text-editor\" data-id=\"6b7fcb0c\" data-element_type=\"widget\" data-e-type=\"widget\" data-widget_type=\"text-editor.default\">\n\t\t\t\t<div class=\"elementor-widget-container\">\n\t\t\t\t\t\t\t\t\t<p style=\"text-align: justify;\">Kad u\u017etikrintume svetain\u0117s www.rugute.lt technin\u012f veikim\u0105 ir svetain\u0117s tobulinimo tikslais, naudojame slapukus (angl. cookies), j\u0173 pagalba vertinamas svetain\u0117s lankomumas bei atskir\u0173 jos dali\u0173 aktualumas.<\/p><p style=\"text-align: justify;\">Slapukai \u2013 tai nedideli informacijos failai, kuriuos j\u016bs\u0173 naudojamo \u012frenginio (kompiuterio, telefono ar plan\u0161et\u0117s) nar\u0161ykl\u0117 priima i\u0161 svetain\u0117s, kurioje lankot\u0117s, ir i\u0161saugo j\u016bs\u0173 \u012frenginyje. Slapukai leid\u017eia svetainei prisiminti informacij\u0105 apie J\u016bs\u0173 nar\u0161ymo \u012fpro\u010dius, veiksmus bei nustatymus. Taip pat slapukai leid\u017eia steb\u0117ti lankymosi svetain\u0117je da\u017enum\u0105 ir rinkti bendr\u0105 statistin\u0119 informacij\u0105 apie svetain\u0117s lankytoj\u0173 skai\u010di\u0173.<\/p><p>J\u016bs visada galite i\u0161trinti slapukus i\u0161 savo kompiuterio ar juos u\u017eblokuoti, pasinaudodami savo kompiuteryje esan\u010dia interneto nar\u0161ykle.<\/p><h4>Kaip kontroliuoti slapukus ar juos i\u0161trinti?<\/h4><p style=\"text-align: justify;\">Nor\u0117dami, kad slapuk\u0173 pagalba J\u016bs\u0173 asmens duomenys neb\u016bt\u0173 tvarkomi, J\u016bs galite pakeisti savo interneto nar\u0161ykl\u0117s nustatymus taip, kad slapukai neb\u016bt\u0173 priimami, arba i\u0161trinti \u012fra\u0161ytus slapukus.<br \/>Savo nar\u0161ykl\u0117je slapuk\u0173 nustatymus galite pakeisti bet kuriuo metu. Visose nar\u0161ykl\u0117se numatyta galimyb\u0117 i\u0161trinti slapukus. Detalesn\u0117s instrukcijos priklauso nuo J\u016bs\u0173 naudojamos nar\u0161ykl\u0117s, juos galite rasti naudojamos nar\u0161ykl\u0117s parink\u010di\u0173 meniu:\u00a0<\/p><ul><li><a href=\"https:\/\/support.google.com\/chrome\/answer\/95647?hl=en&amp;ref_topic=14666\" target=\"_blank\" rel=\"noopener\">Slapuk\u0173 nustatymai Chrome<\/a><\/li><li><a href=\"https:\/\/support.mozilla.org\/en-US\/kb\/cookies-information-websites-store-on-your-computer?redirectlocale=en-US&amp;redirectslug=Cookies\" target=\"_blank\" rel=\"noopener\">Slapuk\u0173 nustatymai Firefox<\/a><\/li><li><a href=\"https:\/\/support.microsoft.com\/en-us\/help\/17442\/windows-internet-explorer-delete-manage-cookies#ie=ie-10\" target=\"_blank\" rel=\"noopener\">Slapuk\u0173 nustatymai Internet Explorer<\/a><\/li><li>Slapuk\u0173 nustatymai <a href=\"https:\/\/support.apple.com\/guide\/safari\/manage-cookies-and-website-data-sfri11471\/mac\" target=\"_blank\" rel=\"noopener\">Safari web<\/a> ir <a href=\"https:\/\/support.apple.com\/en-us\/HT201265\" target=\"_blank\" rel=\"noopener\">iOS\u00a0<\/a><\/li><\/ul><p style=\"text-align: left;\">Daugiau informacijos apie tai, kaip i\u0161trinti slapukus, taip pat kit\u0105 nauding\u0105 informacij\u0105, susijusi\u0105 su slapuk\u0173 naudojimu, galite rasti svetain\u0117je http:\/\/www.allaboutcookies.org\/.<\/p><p style=\"text-align: justify;\">Pa\u017eymime, kad naudojam\u0173 slapuk\u0173 pa\u0161alinimas arba blokavimas gali tur\u0117ti \u012ftakos interneto svetain\u0117s veikimui ir kai kuriems jos funkcionalumams, taip pat gali neigiamai paveikti J\u016bs\u0173 naudojim\u0105si portale prieinamomis paslaugomis.<\/p><h4>Tre\u010di\u0173j\u0173 \u0161ali\u0173 nuorodos<\/h4><p style=\"text-align: justify;\">\u0160ioje Svetain\u0117je galite rasti nuorodas \u012f tre\u010di\u0173j\u0173 \u0161ali\u0173 svetaines arba programas, ta\u010diau mes neatsakome u\u017e tokiose svetain\u0117se renkamus duomenis bei j\u0173 panaudojim\u0105. Prie\u0161 spustel\u0117dami bet kokias nuorodas, pra\u0161ome per\u017ei\u016br\u0117ti tre\u010di\u0173j\u0173 \u0161ali\u0173 svetaini\u0173 ir program\u0173 s\u0105lygas bei privatumo politikas.<\/p><h4>Socialini\u0173 Tinkl\u0173 Naudojimas<\/h4><ul><li>Vis\u0105 informacij\u0105, kuri\u0105 pateikiate socialin\u0117s \u017einiasklaidos priemon\u0117mis (\u012fskaitant prane\u0161imus, laukeli\u0173 \u201eLike\u201c ir \u201eFollow\u201c naudojim\u0105, bei kit\u0105 komunikacij\u0105), kontroliuoja atitinkamo socialinio tinklo valdytojas.<\/li><li>\u00a0\u0160iuo metu Fondas turi paskyr\u0105 socialiniame tinkle \u201eFacebook\u201c, kurio privatumo politika yra pateikiama adresu <a href=\"https:\/\/www.facebook.com\/privacy\/explanation\" target=\"_blank\" rel=\"noopener\">https:\/\/www.facebook.com\/privacy\/explanation<\/a>;<\/li><li>\u0160iuo metu Fondas turi paskyr\u0105 socialiniame tinkle \u201eInstagram\u201c, kurio privatumo politika yra pateikiama adresu <a href=\"https:\/\/help.instagram.com\/402411646841720\" target=\"_blank\" rel=\"noopener\">https:\/\/help.instagram.com\/402411646841720<\/a>;<\/li><li>\u0160iuo metu Fondas turi paskyr\u0105 socialiniame tinkle \u201eLinkedIn\u201c, kurio privatumo politika yra pasiekiama adresu <a href=\"https:\/\/www.linkedin.com\/legal\/privacy-policy\" target=\"_blank\" rel=\"noopener\">https:\/\/www.linkedin.com\/legal\/privacy-policy<\/a>;<\/li><li>\u0160iuo metu Fondas turi paskyr\u0105 socialiniame tinkle \u201eYouTube\u201c, kurio privatumo politika yra pasiekiama adresu <a href=\"https:\/\/policies.google.com\/privacy?hl=en-US\" target=\"_blank\" rel=\"noopener\">https:\/\/policies.google.com\/privacy?hl=en-US<\/a>.<\/li><li>Rekomenduojame perskaityti tre\u010di\u0173j\u0173 \u0161ali\u0173 privatumo prane\u0161imus ir tiesiogiai susisiekti su paslaug\u0173 teik\u0117jais, jei Jums kyla bet koki\u0173 klausim\u0173 d\u0117l to, kaip jie naudoja J\u016bs\u0173 asmens duomenis.<\/li><\/ul>\t\t\t\t\t\t\t\t<\/div>\n\t\t\t\t<\/div>\n\t\t\t\t\t<\/div>\n\t\t<\/div>\n\t\t\t\t\t<\/div>\n\t\t<\/section>\n\t\t\t\t<section class=\"elementor-section elementor-top-section elementor-element elementor-element-489bf946 elementor-section-boxed elementor-section-height-default elementor-section-height-default\" data-id=\"489bf946\" data-element_type=\"section\" data-e-type=\"section\" data-settings=\"{&quot;background_background&quot;:&quot;classic&quot;,&quot;shape_divider_top&quot;:&quot;arrow&quot;,&quot;shape_divider_top_negative&quot;:&quot;yes&quot;}\">\n\t\t\t\t\t<div class=\"elementor-shape elementor-shape-top\" aria-hidden=\"true\" data-negative=\"true\">\n\t\t\t<svg xmlns=\"http:\/\/www.w3.org\/2000\/svg\" viewBox=\"0 0 700 10\" preserveAspectRatio=\"none\">\n\t<path class=\"elementor-shape-fill\" d=\"M360 0L350 9.9 340 0 0 0 0 10 700 10 700 0\"\/>\n<\/svg>\t\t<\/div>\n\t\t\t\t\t<div class=\"elementor-container elementor-column-gap-default\">\n\t\t\t\t\t<div class=\"elementor-column elementor-col-100 elementor-top-column elementor-element elementor-element-402569a8\" data-id=\"402569a8\" data-element_type=\"column\" data-e-type=\"column\">\n\t\t\t<div class=\"elementor-widget-wrap elementor-element-populated\">\n\t\t\t\t\t\t<div class=\"elementor-element elementor-element-3afefb98 elementor-widget elementor-widget-spacer\" data-id=\"3afefb98\" data-element_type=\"widget\" data-e-type=\"widget\" data-widget_type=\"spacer.default\">\n\t\t\t\t<div class=\"elementor-widget-container\">\n\t\t\t\t\t\t\t<div class=\"elementor-spacer\">\n\t\t\t<div class=\"elementor-spacer-inner\"><\/div>\n\t\t<\/div>\n\t\t\t\t\t\t<\/div>\n\t\t\t\t<\/div>\n\t\t\t\t\t<\/div>\n\t\t<\/div>\n\t\t\t\t\t<\/div>\n\t\t<\/section>\n\t\t\t\t<\/div>\n\t\t","protected":false},"excerpt":{"rendered":"<p>Slapukai Kad u\u017etikrintume svetain\u0117s www.rugute.lt technin\u012f veikim\u0105 ir svetain\u0117s tobulinimo tikslais, naudojame slapukus (angl. cookies), j\u0173 pagalba vertinamas svetain\u0117s lankomumas bei atskir\u0173 jos dali\u0173 aktualumas. Slapukai \u2013 tai nedideli informacijos failai, kuriuos j\u016bs\u0173 naudojamo \u012frenginio (kompiuterio, telefono ar plan\u0161et\u0117s) nar\u0161ykl\u0117 priima i\u0161 svetain\u0117s, kurioje lankot\u0117s, ir i\u0161saugo j\u016bs\u0173 \u012frenginyje. Slapukai leid\u017eia svetainei prisiminti informacij\u0105 apie [&hellip;]<\/p>\n","protected":false},"author":1,"featured_media":0,"parent":0,"menu_order":1,"comment_status":"closed","ping_status":"open","template":"","meta":{"footnotes":""},"class_list":["post-22421","page","type-page","status-publish","hentry"],"yoast_head":"<!-- This site is optimized with the Yoast SEO plugin v27.3 - https:\/\/yoast.com\/product\/yoast-seo-wordpress\/ -->\n<title>Slapukai - Labdaros ir paramos fondas \u201eRugut\u0117\u201c<\/title>\n<meta name=\"robots\" content=\"index, follow, max-snippet:-1, max-image-preview:large, max-video-preview:-1\" \/>\n<link rel=\"canonical\" href=\"https:\/\/rugute.lt\/en\/slapukai\/\" \/>\n<meta property=\"og:locale\" content=\"en_GB\" \/>\n<meta property=\"og:type\" content=\"article\" \/>\n<meta property=\"og:title\" content=\"Slapukai - Labdaros ir paramos fondas \u201eRugut\u0117\u201c\" \/>\n<meta property=\"og:description\" content=\"Slapukai Kad u\u017etikrintume svetain\u0117s www.rugute.lt technin\u012f veikim\u0105 ir svetain\u0117s tobulinimo tikslais, naudojame slapukus (angl. cookies), j\u0173 pagalba vertinamas svetain\u0117s lankomumas bei atskir\u0173 jos dali\u0173 aktualumas. Slapukai \u2013 tai nedideli informacijos failai, kuriuos j\u016bs\u0173 naudojamo \u012frenginio (kompiuterio, telefono ar plan\u0161et\u0117s) nar\u0161ykl\u0117 priima i\u0161 svetain\u0117s, kurioje lankot\u0117s, ir i\u0161saugo j\u016bs\u0173 \u012frenginyje. Slapukai leid\u017eia svetainei prisiminti informacij\u0105 apie [&hellip;]\" \/>\n<meta property=\"og:url\" content=\"https:\/\/rugute.lt\/en\/slapukai\/\" \/>\n<meta property=\"og:site_name\" content=\"Labdaros ir paramos fondas \u201eRugut\u0117\u201c\" \/>\n<meta property=\"article:publisher\" content=\"https:\/\/www.facebook.com\/rugute\/\" \/>\n<meta property=\"article:modified_time\" content=\"2021-09-28T11:39:15+00:00\" \/>\n<meta property=\"og:image\" content=\"https:\/\/rugute.lt\/wp-content\/uploads\/2019\/01\/rugute_logo_uzrasas.png\" \/>\n\t<meta property=\"og:image:width\" content=\"2000\" \/>\n\t<meta property=\"og:image:height\" content=\"646\" \/>\n\t<meta property=\"og:image:type\" content=\"image\/png\" \/>\n<meta name=\"twitter:card\" content=\"summary_large_image\" \/>\n<meta name=\"twitter:site\" content=\"@rugute\" \/>\n<meta name=\"twitter:label1\" content=\"Estimated reading time\" \/>\n\t<meta name=\"twitter:data1\" content=\"2 minutes\" \/>\n<script type=\"application\/ld+json\" class=\"yoast-schema-graph\">{\"@context\":\"https:\\\/\\\/schema.org\",\"@graph\":[{\"@type\":\"WebPage\",\"@id\":\"https:\\\/\\\/rugute.lt\\\/slapukai\\\/\",\"url\":\"https:\\\/\\\/rugute.lt\\\/slapukai\\\/\",\"name\":\"Slapukai - Labdaros ir paramos fondas \u201eRugut\u0117\u201c\",\"isPartOf\":{\"@id\":\"https:\\\/\\\/rugute.lt\\\/#website\"},\"datePublished\":\"2021-05-17T19:32:11+00:00\",\"dateModified\":\"2021-09-28T11:39:15+00:00\",\"breadcrumb\":{\"@id\":\"https:\\\/\\\/rugute.lt\\\/slapukai\\\/#breadcrumb\"},\"inLanguage\":\"en-GB\",\"potentialAction\":[{\"@type\":\"ReadAction\",\"target\":[\"https:\\\/\\\/rugute.lt\\\/slapukai\\\/\"]}]},{\"@type\":\"BreadcrumbList\",\"@id\":\"https:\\\/\\\/rugute.lt\\\/slapukai\\\/#breadcrumb\",\"itemListElement\":[{\"@type\":\"ListItem\",\"position\":1,\"name\":\"Prad\u017eia\",\"item\":\"https:\\\/\\\/rugute.lt\\\/\"},{\"@type\":\"ListItem\",\"position\":2,\"name\":\"Slapukai\"}]},{\"@type\":\"WebSite\",\"@id\":\"https:\\\/\\\/rugute.lt\\\/#website\",\"url\":\"https:\\\/\\\/rugute.lt\\\/\",\"name\":\"Labdaros ir paramos fondas \u201eRugut\u0117\u201c\",\"description\":\"Parama vaikams sergantiems v\u0117\u017eiu\",\"publisher\":{\"@id\":\"https:\\\/\\\/rugute.lt\\\/#organization\"},\"potentialAction\":[{\"@type\":\"SearchAction\",\"target\":{\"@type\":\"EntryPoint\",\"urlTemplate\":\"https:\\\/\\\/rugute.lt\\\/?s={search_term_string}\"},\"query-input\":{\"@type\":\"PropertyValueSpecification\",\"valueRequired\":true,\"valueName\":\"search_term_string\"}}],\"inLanguage\":\"en-GB\"},{\"@type\":\"Organization\",\"@id\":\"https:\\\/\\\/rugute.lt\\\/#organization\",\"name\":\"Labdaros ir paramos fondas \u201eRugut\u0117\u201c\",\"url\":\"https:\\\/\\\/rugute.lt\\\/\",\"logo\":{\"@type\":\"ImageObject\",\"inLanguage\":\"en-GB\",\"@id\":\"https:\\\/\\\/rugute.lt\\\/#\\\/schema\\\/logo\\\/image\\\/\",\"url\":\"https:\\\/\\\/rugute.lt\\\/wp-content\\\/uploads\\\/2021\\\/09\\\/Rugute_logo-b.svg\",\"contentUrl\":\"https:\\\/\\\/rugute.lt\\\/wp-content\\\/uploads\\\/2021\\\/09\\\/Rugute_logo-b.svg\",\"width\":585,\"height\":583,\"caption\":\"Labdaros ir paramos fondas \u201eRugut\u0117\u201c\"},\"image\":{\"@id\":\"https:\\\/\\\/rugute.lt\\\/#\\\/schema\\\/logo\\\/image\\\/\"},\"sameAs\":[\"https:\\\/\\\/www.facebook.com\\\/rugute\\\/\",\"https:\\\/\\\/x.com\\\/rugute\",\"https:\\\/\\\/www.instagram.com\\\/rugute.lt\\\/\",\"https:\\\/\\\/www.linkedin.com\\\/company\\\/rugute\",\"https:\\\/\\\/www.youtube.com\\\/user\\\/Rugute\\\/videos\",\"https:\\\/\\\/lt.wikipedia.org\\\/wiki\\\/Rugut\u0117\"]}]}<\/script>\n<!-- \/ Yoast SEO plugin. -->","yoast_head_json":{"title":"Slapukai - Labdaros ir paramos fondas \u201eRugut\u0117\u201c","robots":{"index":"index","follow":"follow","max-snippet":"max-snippet:-1","max-image-preview":"max-image-preview:large","max-video-preview":"max-video-preview:-1"},"canonical":"https:\/\/rugute.lt\/en\/slapukai\/","og_locale":"en_GB","og_type":"article","og_title":"Slapukai - Labdaros ir paramos fondas \u201eRugut\u0117\u201c","og_description":"Slapukai Kad u\u017etikrintume svetain\u0117s www.rugute.lt technin\u012f veikim\u0105 ir svetain\u0117s tobulinimo tikslais, naudojame slapukus (angl. cookies), j\u0173 pagalba vertinamas svetain\u0117s lankomumas bei atskir\u0173 jos dali\u0173 aktualumas. Slapukai \u2013 tai nedideli informacijos failai, kuriuos j\u016bs\u0173 naudojamo \u012frenginio (kompiuterio, telefono ar plan\u0161et\u0117s) nar\u0161ykl\u0117 priima i\u0161 svetain\u0117s, kurioje lankot\u0117s, ir i\u0161saugo j\u016bs\u0173 \u012frenginyje. Slapukai leid\u017eia svetainei prisiminti informacij\u0105 apie [&hellip;]","og_url":"https:\/\/rugute.lt\/en\/slapukai\/","og_site_name":"Labdaros ir paramos fondas \u201eRugut\u0117\u201c","article_publisher":"https:\/\/www.facebook.com\/rugute\/","article_modified_time":"2021-09-28T11:39:15+00:00","og_image":[{"width":2000,"height":646,"url":"https:\/\/rugute.lt\/wp-content\/uploads\/2019\/01\/rugute_logo_uzrasas.png","type":"image\/png"}],"twitter_card":"summary_large_image","twitter_site":"@rugute","twitter_misc":{"Estimated reading time":"2 minutes"},"schema":{"@context":"https:\/\/schema.org","@graph":[{"@type":"WebPage","@id":"https:\/\/rugute.lt\/slapukai\/","url":"https:\/\/rugute.lt\/slapukai\/","name":"Slapukai - Labdaros ir paramos fondas \u201eRugut\u0117\u201c","isPartOf":{"@id":"https:\/\/rugute.lt\/#website"},"datePublished":"2021-05-17T19:32:11+00:00","dateModified":"2021-09-28T11:39:15+00:00","breadcrumb":{"@id":"https:\/\/rugute.lt\/slapukai\/#breadcrumb"},"inLanguage":"en-GB","potentialAction":[{"@type":"ReadAction","target":["https:\/\/rugute.lt\/slapukai\/"]}]},{"@type":"BreadcrumbList","@id":"https:\/\/rugute.lt\/slapukai\/#breadcrumb","itemListElement":[{"@type":"ListItem","position":1,"name":"Prad\u017eia","item":"https:\/\/rugute.lt\/"},{"@type":"ListItem","position":2,"name":"Slapukai"}]},{"@type":"WebSite","@id":"https:\/\/rugute.lt\/#website","url":"https:\/\/rugute.lt\/","name":"Childhood Cancer Fund Rugut\u0117","description":"Parama vaikams sergantiems v\u0117\u017eiu","publisher":{"@id":"https:\/\/rugute.lt\/#organization"},"potentialAction":[{"@type":"SearchAction","target":{"@type":"EntryPoint","urlTemplate":"https:\/\/rugute.lt\/?s={search_term_string}"},"query-input":{"@type":"PropertyValueSpecification","valueRequired":true,"valueName":"search_term_string"}}],"inLanguage":"en-GB"},{"@type":"Organization","@id":"https:\/\/rugute.lt\/#organization","name":"Childhood Cancer Fund Rugut\u0117","url":"https:\/\/rugute.lt\/","logo":{"@type":"ImageObject","inLanguage":"en-GB","@id":"https:\/\/rugute.lt\/#\/schema\/logo\/image\/","url":"https:\/\/rugute.lt\/wp-content\/uploads\/2021\/09\/Rugute_logo-b.svg","contentUrl":"https:\/\/rugute.lt\/wp-content\/uploads\/2021\/09\/Rugute_logo-b.svg","width":585,"height":583,"caption":"Labdaros ir paramos fondas \u201eRugut\u0117\u201c"},"image":{"@id":"https:\/\/rugute.lt\/#\/schema\/logo\/image\/"},"sameAs":["https:\/\/www.facebook.com\/rugute\/","https:\/\/x.com\/rugute","https:\/\/www.instagram.com\/rugute.lt\/","https:\/\/www.linkedin.com\/company\/rugute","https:\/\/www.youtube.com\/user\/Rugute\/videos","https:\/\/lt.wikipedia.org\/wiki\/Rugut\u0117"]}]}},"_links":{"self":[{"href":"https:\/\/rugute.lt\/en\/wp-json\/wp\/v2\/pages\/22421","targetHints":{"allow":["GET"]}}],"collection":[{"href":"https:\/\/rugute.lt\/en\/wp-json\/wp\/v2\/pages"}],"about":[{"href":"https:\/\/rugute.lt\/en\/wp-json\/wp\/v2\/types\/page"}],"author":[{"embeddable":true,"href":"https:\/\/rugute.lt\/en\/wp-json\/wp\/v2\/users\/1"}],"replies":[{"embeddable":true,"href":"https:\/\/rugute.lt\/en\/wp-json\/wp\/v2\/comments?post=22421"}],"version-history":[{"count":0,"href":"https:\/\/rugute.lt\/en\/wp-json\/wp\/v2\/pages\/22421\/revisions"}],"wp:attachment":[{"href":"https:\/\/rugute.lt\/en\/wp-json\/wp\/v2\/media?parent=22421"}],"curies":[{"name":"wp","href":"https:\/\/api.w.org\/{rel}","templated":true}]}}